{"id":5770536,"date":"2021-07-02T10:06:38","date_gmt":"2021-07-02T08:06:38","guid":{"rendered":"https:\/\/myallmeeting.com\/?page_id=5770536"},"modified":"2022-10-21T11:38:11","modified_gmt":"2022-10-21T09:38:11","slug":"profitez-de-2000-points-offerts-all-meeting-planner-pour-toute-reservation-d-evenement-avant-le-20-12-2022","status":"publish","type":"page","link":"https:\/\/myallmeeting.com\/pl\/profitez-de-2000-points-offerts-all-meeting-planner-pour-toute-reservation-d-evenement-avant-le-20-12-2022\/","title":{"rendered":"Profitez de 2000 points offerts ALL Meeting Planner pour toute r\u00e9servation d&#8217;\u00e9v\u00e8nement avant le 20\/12\/2022!"},"content":{"rendered":"","protected":false},"excerpt":{"rendered":"","protected":false},"author":2,"featured_media":0,"parent":0,"menu_order":0,"comment_status":"closed","ping_status":"closed","template":"","meta":{"_acf_changed":false,"footnotes":""},"class_list":["post-5770536","page","type-page","status-publish","hentry"],"acf":[],"yoast_head":"<title>Promotion - Gagnez 2000 points offerts avec ALL Meeting Planner<\/title>\n<meta name=\"description\" content=\"Du 12 avril au 20 d\u00e9cembre 2022, r\u00e9servez votre prochain \u00e9v\u00e8nement professionnel et b\u00e9n\u00e9ficiez de 2000 points offerts suppl\u00e9mentaires.\" \/>\n<meta name=\"robots\" content=\"noindex, follow\" \/>\n<meta property=\"og:locale\" content=\"pl_PL\" \/>\n<meta property=\"og:type\" content=\"article\" \/>\n<meta property=\"og:title\" content=\"Promotion - Gagnez 2000 points offerts avec ALL Meeting Planner\" \/>\n<meta property=\"og:description\" content=\"Du 12 avril au 20 d\u00e9cembre 2022, r\u00e9servez votre prochain \u00e9v\u00e8nement professionnel et b\u00e9n\u00e9ficiez de 2000 points offerts suppl\u00e9mentaires.\" \/>\n<meta property=\"og:url\" content=\"https:\/\/myallmeeting.com\/pl\/profitez-de-2000-points-offerts-all-meeting-planner-pour-toute-reservation-d-evenement-avant-le-20-12-2022\/\" \/>\n<meta property=\"og:site_name\" content=\"Accor MyAllMeeting.com\" \/>\n<meta property=\"article:modified_time\" content=\"2022-10-21T09:38:11+00:00\" \/>\n<meta name=\"twitter:card\" content=\"summary_large_image\" \/>\n<script type=\"application\/ld+json\" class=\"yoast-schema-graph\">{\"@context\":\"https:\/\/schema.org\",\"@graph\":[{\"@type\":\"WebPage\",\"@id\":\"https:\/\/myallmeeting.com\/pl\/profitez-de-2000-points-offerts-all-meeting-planner-pour-toute-reservation-d-evenement-avant-le-20-12-2022\/\",\"url\":\"https:\/\/myallmeeting.com\/pl\/profitez-de-2000-points-offerts-all-meeting-planner-pour-toute-reservation-d-evenement-avant-le-20-12-2022\/\",\"name\":\"Promotion - Gagnez 2000 points offerts avec ALL Meeting Planner\",\"isPartOf\":{\"@id\":\"https:\/\/www.myallmeeting.com\/pl\/#website\"},\"datePublished\":\"2021-07-02T08:06:38+00:00\",\"dateModified\":\"2022-10-21T09:38:11+00:00\",\"description\":\"Du 12 avril au 20 d\u00e9cembre 2022, r\u00e9servez votre prochain \u00e9v\u00e8nement professionnel et b\u00e9n\u00e9ficiez de 2000 points offerts suppl\u00e9mentaires.\",\"breadcrumb\":{\"@id\":\"https:\/\/myallmeeting.com\/pl\/profitez-de-2000-points-offerts-all-meeting-planner-pour-toute-reservation-d-evenement-avant-le-20-12-2022\/#breadcrumb\"},\"inLanguage\":\"pl-PL\",\"potentialAction\":[{\"@type\":\"ReadAction\",\"target\":[\"https:\/\/myallmeeting.com\/pl\/profitez-de-2000-points-offerts-all-meeting-planner-pour-toute-reservation-d-evenement-avant-le-20-12-2022\/\"]}]},{\"@type\":\"BreadcrumbList\",\"@id\":\"https:\/\/myallmeeting.com\/pl\/profitez-de-2000-points-offerts-all-meeting-planner-pour-toute-reservation-d-evenement-avant-le-20-12-2022\/#breadcrumb\",\"itemListElement\":[{\"@type\":\"ListItem\",\"position\":1,\"name\":\"Accueil\",\"item\":\"https:\/\/myallmeeting.com\/pl\/\"},{\"@type\":\"ListItem\",\"position\":2,\"name\":\"Profitez de 2000 points offerts ALL Meeting Planner pour toute r\u00e9servation d&rsquo;\u00e9v\u00e8nement avant le 20\/12\/2022!\"}]},{\"@type\":\"WebSite\",\"@id\":\"https:\/\/www.myallmeeting.com\/pl\/#website\",\"url\":\"https:\/\/www.myallmeeting.com\/pl\/\",\"name\":\"Accor MyAllMeeting.com\",\"description\":\"Les Meilleurs lieux pour vos Ev\u00e9nements Professionnels\",\"publisher\":{\"@id\":\"https:\/\/www.myallmeeting.com\/pl\/#organization\"},\"potentialAction\":[{\"@type\":\"SearchAction\",\"target\":{\"@type\":\"EntryPoint\",\"urlTemplate\":\"https:\/\/www.myallmeeting.com\/pl\/?s={search_term_string}\"},\"query-input\":{\"@type\":\"PropertyValueSpecification\",\"valueRequired\":true,\"valueName\":\"search_term_string\"}}],\"inLanguage\":\"pl-PL\"},{\"@type\":\"Organization\",\"@id\":\"https:\/\/www.myallmeeting.com\/pl\/#organization\",\"name\":\"ACCOR\",\"url\":\"https:\/\/www.myallmeeting.com\/pl\/\",\"logo\":{\"@type\":\"ImageObject\",\"inLanguage\":\"pl-PL\",\"@id\":\"https:\/\/www.myallmeeting.com\/pl\/#\/schema\/logo\/image\/\",\"url\":\"\",\"contentUrl\":\"\",\"caption\":\"ACCOR\"},\"image\":{\"@id\":\"https:\/\/www.myallmeeting.com\/pl\/#\/schema\/logo\/image\/\"}}]}<\/script>","yoast_head_json":{"title":"Promotion - Gagnez 2000 points offerts avec ALL Meeting Planner","description":"Du 12 avril au 20 d\u00e9cembre 2022, r\u00e9servez votre prochain \u00e9v\u00e8nement professionnel et b\u00e9n\u00e9ficiez de 2000 points offerts suppl\u00e9mentaires.","robots":{"index":"noindex","follow":"follow"},"og_locale":"pl_PL","og_type":"article","og_title":"Promotion - Gagnez 2000 points offerts avec ALL Meeting Planner","og_description":"Du 12 avril au 20 d\u00e9cembre 2022, r\u00e9servez votre prochain \u00e9v\u00e8nement professionnel et b\u00e9n\u00e9ficiez de 2000 points offerts suppl\u00e9mentaires.","og_url":"https:\/\/myallmeeting.com\/pl\/profitez-de-2000-points-offerts-all-meeting-planner-pour-toute-reservation-d-evenement-avant-le-20-12-2022\/","og_site_name":"Accor MyAllMeeting.com","article_modified_time":"2022-10-21T09:38:11+00:00","twitter_card":"summary_large_image","schema":{"@context":"https:\/\/schema.org","@graph":[{"@type":"WebPage","@id":"https:\/\/myallmeeting.com\/pl\/profitez-de-2000-points-offerts-all-meeting-planner-pour-toute-reservation-d-evenement-avant-le-20-12-2022\/","url":"https:\/\/myallmeeting.com\/pl\/profitez-de-2000-points-offerts-all-meeting-planner-pour-toute-reservation-d-evenement-avant-le-20-12-2022\/","name":"Promotion - Gagnez 2000 points offerts avec ALL Meeting Planner","isPartOf":{"@id":"https:\/\/www.myallmeeting.com\/pl\/#website"},"datePublished":"2021-07-02T08:06:38+00:00","dateModified":"2022-10-21T09:38:11+00:00","description":"Du 12 avril au 20 d\u00e9cembre 2022, r\u00e9servez votre prochain \u00e9v\u00e8nement professionnel et b\u00e9n\u00e9ficiez de 2000 points offerts suppl\u00e9mentaires.","breadcrumb":{"@id":"https:\/\/myallmeeting.com\/pl\/profitez-de-2000-points-offerts-all-meeting-planner-pour-toute-reservation-d-evenement-avant-le-20-12-2022\/#breadcrumb"},"inLanguage":"pl-PL","potentialAction":[{"@type":"ReadAction","target":["https:\/\/myallmeeting.com\/pl\/profitez-de-2000-points-offerts-all-meeting-planner-pour-toute-reservation-d-evenement-avant-le-20-12-2022\/"]}]},{"@type":"BreadcrumbList","@id":"https:\/\/myallmeeting.com\/pl\/profitez-de-2000-points-offerts-all-meeting-planner-pour-toute-reservation-d-evenement-avant-le-20-12-2022\/#breadcrumb","itemListElement":[{"@type":"ListItem","position":1,"name":"Accueil","item":"https:\/\/myallmeeting.com\/pl\/"},{"@type":"ListItem","position":2,"name":"Profitez de 2000 points offerts ALL Meeting Planner pour toute r\u00e9servation d&rsquo;\u00e9v\u00e8nement avant le 20\/12\/2022!"}]},{"@type":"WebSite","@id":"https:\/\/www.myallmeeting.com\/pl\/#website","url":"https:\/\/www.myallmeeting.com\/pl\/","name":"Accor MyAllMeeting.com","description":"Les Meilleurs lieux pour vos Ev\u00e9nements Professionnels","publisher":{"@id":"https:\/\/www.myallmeeting.com\/pl\/#organization"},"potentialAction":[{"@type":"SearchAction","target":{"@type":"EntryPoint","urlTemplate":"https:\/\/www.myallmeeting.com\/pl\/?s={search_term_string}"},"query-input":{"@type":"PropertyValueSpecification","valueRequired":true,"valueName":"search_term_string"}}],"inLanguage":"pl-PL"},{"@type":"Organization","@id":"https:\/\/www.myallmeeting.com\/pl\/#organization","name":"ACCOR","url":"https:\/\/www.myallmeeting.com\/pl\/","logo":{"@type":"ImageObject","inLanguage":"pl-PL","@id":"https:\/\/www.myallmeeting.com\/pl\/#\/schema\/logo\/image\/","url":"","contentUrl":"","caption":"ACCOR"},"image":{"@id":"https:\/\/www.myallmeeting.com\/pl\/#\/schema\/logo\/image\/"}}]}},"_links":{"self":[{"href":"https:\/\/myallmeeting.com\/pl\/wp-json\/wp\/v2\/pages\/5770536","targetHints":{"allow":["GET"]}}],"collection":[{"href":"https:\/\/myallmeeting.com\/pl\/wp-json\/wp\/v2\/pages"}],"about":[{"href":"https:\/\/myallmeeting.com\/pl\/wp-json\/wp\/v2\/types\/page"}],"author":[{"embeddable":true,"href":"https:\/\/myallmeeting.com\/pl\/wp-json\/wp\/v2\/users\/2"}],"replies":[{"embeddable":true,"href":"https:\/\/myallmeeting.com\/pl\/wp-json\/wp\/v2\/comments?post=5770536"}],"version-history":[{"count":0,"href":"https:\/\/myallmeeting.com\/pl\/wp-json\/wp\/v2\/pages\/5770536\/revisions"}],"wp:attachment":[{"href":"https:\/\/myallmeeting.com\/pl\/wp-json\/wp\/v2\/media?parent=5770536"}],"curies":[{"name":"wp","href":"https:\/\/api.w.org\/{rel}","templated":true}]}}