{"id":4572,"date":"2016-03-21T14:23:27","date_gmt":"2016-03-21T13:23:27","guid":{"rendered":"https:\/\/myallmeeting.com\/?page_id=4572"},"modified":"2025-12-04T12:30:14","modified_gmt":"2025-12-04T11:30:14","slug":"reunion-a-cannes","status":"publish","type":"page","link":"https:\/\/myallmeeting.com\/pl\/reunion-a-cannes\/","title":{"rendered":"Votre r\u00e9union \/ s\u00e9minaire \u00e0 Cannes"},"content":{"rendered":"<!-- START OF : Composant : block-periscope-theme-section-composant-30-texte-image-citation.php -->\n<div class=\"tic position-relative fs-wysiwyg pt-9 mb-5 mb-lg-22\" data-component=\"30-texte-image-citation\">\n\t<div class=\"container-fluid\" style=\"--bs-gutter-x: 0\">\n\t\t<div class=\"row\" style=\"--bs-gutter-x: 0\">\n\t\t\t<div class=\"col-lg-6 offset-lg-1\"> \n\t\t\t\t<div class=\"tic__top__img position-relative me-2 me-lg-0\">\n\t\t\t\t\t\t\t\t\t\t<img decoding=\"async\" src=\"https:\/\/myallmeeting.com\/wp-content\/uploads\/2025\/12\/Photo-principales-pages-villes-2025-12-04T122513.410-932x645.png\" alt=\"\" width=\"932\" height=\"562\" loading=\"lazy\" class=\"w-100\" \/>\n\t\t\t\t\t\t\t\t\t\t<div class=\"position-absolute text-white z-1 text-center t-0 l-0 w-100 p-4 pt-lg-8 pe-lg-20\">\n\t\t\t\t\t\t\t\t\t\t\t\t\t\t\t\t\t<\/div>\n\t\t\t\t<\/div>\n\t\t\t<\/div>\n\t\t\t<div class=\"col-lg-4\">\n\t\t\t\t<div class=\"tic__content position-relative bg-white pt-2 pb-0 px-2 py-lg-7 py-xl-9 px-lg-5 px-xl-10 pt-lg-9\">\n\t\t\t\t\t\t\t\t\t\t\t\t\t\t\t<div class=\"tic__content__titre unna fs-32 fs-xl-60 text-primary lh-xs mb-2 mb-lg-3 mb-xl-5\">Cannes, la destination ultime pour vos r\u00e9unions et s\u00e9minaires<\/div>\n\t\t\t\t\t\t\t\t\t\t\t\t\t\t\t<div class=\"fs-lg-13 fs-xl-18 mb-4 mb-xl-7 lh-sm\"><p>Synonyme de luxe et de prestige, Cannes s\u2019impose comme une destination d\u2019exception pour organiser vos r\u00e9unions et s\u00e9minaires. Avec un portefeuille de marques allant de l\u2019\u00e9conomique au luxe, nos h\u00f4tels vous proposent des espaces adapt\u00e9s \u00e0 chaque projet, dans une ville o\u00f9 <span data-question=\"Comment Cannes combine-t-elle glamour et innovation pour attirer les \u00e9v\u00e9nements professionnels?\" class=\"followup-block followup-block-hidden cursor-pointer outline-none static inline group-hover\/message:[--hover-opacity:1]\" type=\"button\" aria-haspopup=\"dialog\" aria-expanded=\"false\" aria-controls=\"radix-_r_i5_\" data-state=\"closed\" tabindex=\"0\">glamour, innovation et cadre m\u00e9diterran\u00e9en<\/span> se rencontrent. Capitale mondiale du cin\u00e9ma et des festivals, Cannes allie accessibilit\u00e9, infrastructures haut de gamme et environnement inspirant pour r\u00e9pondre \u00e0 tous vos besoins MICE. Ici, les id\u00e9es naissent face \u00e0 la M\u00e9diterran\u00e9e, les d\u00e9cisions se prennent dans des salons \u00e9l\u00e9gants, et les pauses r\u00e9seau se d\u00e9roulent sur des terrasses ensoleill\u00e9es avec vue sur la <span data-question=\"Quels sont les lieux embl\u00e9matiques de la Croisette pour organiser des soir\u00e9es VIP?\" class=\"followup-block followup-block-hidden cursor-pointer outline-none static inline group-hover\/message:[--hover-opacity:1]\" type=\"button\" aria-haspopup=\"dialog\" aria-expanded=\"false\" aria-controls=\"radix-_r_i6_\" data-state=\"closed\" tabindex=\"0\">Croisette<\/span>.<\/p>\n<\/div>\n\t\t\t\t\t\t\t\t\t\t\t\t\t\t<\/div>\n\t\t\t<\/div>\n\t\t<\/div>\n\t<\/div>\n\t<div class=\"tic__blank bg-white pt-8 pt-lg-0\">\t\t\n\t\t<div class=\"container-fluid\" style=\"--bs-gutter-x: 0\">\n\t\t\t<div class=\"row\" style=\"--bs-gutter-x: 0\">\n\t\t\t\t<div class=\"col-lg-6\">\n\t\t\t\t\t<div class=\"tic__bottom position-relative bg-primary text-secondary pt-4 pb-5\">\n\t\t\t\t\t\t<div class=\"d-flex gap-1 gap-md-4\">\n\t\t\t\t\t\t\t<div class=\"tic__bottom__imgs d-flex flex-shrink-0 align-items-center\">\n\t\t\t\t\t\t\t\t\t\t\t\t\t\t\t\t<img decoding=\"async\" src=\"https:\/\/myallmeeting.com\/wp-content\/uploads\/2025\/12\/Photo-temoignage-26.png\" class=\"tic__bottom__img tic__bottom__img--1 of-cover rounded-3 opacity-50\" alt=\"\" width=\"192\" height=\"346\" loading=\"lazy\" \/>\n\t\t\t\t\t\t\t\t\t\t\t\t\t\t\t\t\t\t\t\t\t\t\t\t<img decoding=\"async\" src=\"https:\/\/myallmeeting.com\/wp-content\/uploads\/2025\/12\/Photo-temoignage-27.png\" class=\"tic__bottom__img tic__bottom__img--2 of-cover rounded-3 z-1\" alt=\"\" width=\"192\" height=\"346\" loading=\"lazy\" \/>\n\t\t\t\t\t\t\t\t\t\t\t\t\t\t\t<\/div>\n\t\t\t\t\t\t\t<div class=\"tic__bottom__quote text-secondary lh-xs\">\n\t\t\t\t\t\t\t\t\t\t\t\t\t\t\t\t<div class=\"unna fs-18 fs-lg-19 fs-xl-30 mb-2 mb-xl-3\">Des lieux embl\u00e9matiques pour des \u00e9changes productifs <\/div>\n\t\t\t\t\t\t\t\t\t\t\t\t\t\t\t\t\t\t\t\t\t\t\t\t\t\t\t\t\t\t\t<\/div>\n\t\t\t\t\t\t<\/div>\n\t\t\t\t\t\t\t\t\t\t\t<\/div>\n\t\t\t\t<\/div>\n\t\t\t<\/div>\n\t\t<\/div>\n\t<\/div>\n<\/div>\n<!-- END OF : Composant : block-periscope-theme-section-composant-30-texte-image-citation.php -->\n\n\n<!-- START OF : Composant : block-periscope-theme-section-composant-31-bloc-image-cta.php -->\n\t<div class=\"icta position-relative fs-wysiwyg icta--reverse\" data-component=\"31-bloc-image-cta\" data-reverse=\"oui\">\n\t\t<div class=\"container-fluid\">\n\t\t\t<div class=\"row\">\n\t\t\t\t<div class=\"col-lg-5 offset-lg-1 d-lg-flex\"> \n\t\t\t\t\t<div class=\"icta__content position-relative bg-white pt-2 pb-2 px-2 pb-lg-0 pt-lg-7 pt-xl-9 px-lg-7 px-xl-10 mt-lg-9 z-1\">\n\t\t\t\t\t\t\t\t\t\t\t\t\t\t\t\t\t\t<div class=\"unna fs-32 fs-lg-39 fs-xl-60 text-primary lh-xs mb-2 mb-xl-5\">Des salles adapt\u00e9es pour des r\u00e9unions r\u00e9ussies <\/div>\n\t\t\t\t\t\t\t\t\t\t\t\t\t\t\t\t\t\t\t<div class=\"fs-lg-15 fs-xl-18 lh-sm \"><p>Cannes regorge de salles de r\u00e9union modernes et d\u2019espaces modulables, au sein m\u00eame de nos h\u00f4tels. Imaginez vos ateliers strat\u00e9giques dans un h\u00f4tel design du quartier du <span data-question=\"Quels sont les avantages de choisir le quartier du Suquet pour organiser un comit\u00e9 de direction?\" class=\"followup-block followup-block-hidden cursor-pointer outline-none static inline group-hover\/message:[--hover-opacity:1]\" type=\"button\" aria-haspopup=\"dialog\" aria-expanded=\"false\" aria-controls=\"radix-_r_i7_\" data-state=\"closed\" tabindex=\"0\">Suquet<\/span>, ou vos brainstormings dans un \u00e9tablissement contemporain pr\u00e8s du <span data-question=\"Quels types d'\u00e9v\u00e9nements peuvent \u00eatre organis\u00e9s au Palais des Festivals en dehors du Festival de Cannes?\" class=\"followup-block followup-block-hidden cursor-pointer outline-none static inline group-hover\/message:[--hover-opacity:1]\" type=\"button\" aria-haspopup=\"dialog\" aria-expanded=\"false\" aria-controls=\"radix-_r_i8_\" data-state=\"closed\" tabindex=\"0\">Palais des Festivals<\/span>. Chaque lieu est une invitation \u00e0 la cr\u00e9ativit\u00e9, avec des \u00e9quipements high-tech et des services sur mesure pour garantir le succ\u00e8s de vos \u00e9v\u00e9nements. Nos h\u00f4tels, comme le <strong><span data-question=\"Quelles sont les caract\u00e9ristiques distinctives du Pullman Cannes Mandelieu pour les \u00e9v\u00e9nements d'entreprise?\" class=\"followup-block followup-block-hidden cursor-pointer outline-none static inline group-hover\/message:[--hover-opacity:1]\" type=\"button\" aria-haspopup=\"dialog\" aria-expanded=\"false\" aria-controls=\"radix-_r_i9_\" data-state=\"closed\" tabindex=\"0\"><span>Pullman Cannes Mandelieu<\/span><\/span><\/strong> ou le <strong><span data-question=\"Pourquoi le Novotel Cannes Montfleury est-il adapt\u00e9 aux conventions et s\u00e9minaires?\" class=\"followup-block followup-block-hidden cursor-pointer outline-none static inline group-hover\/message:[--hover-opacity:1]\" type=\"button\" aria-haspopup=\"dialog\" aria-expanded=\"false\" aria-controls=\"radix-_r_ia_\" data-state=\"closed\" tabindex=\"0\"><span>Novotel Cannes Montfleury<\/span><\/span><\/strong>, offrent des espaces adapt\u00e9s \u00e0 toutes les tailles de groupes, avec une vue imprenable sur la baie de Cannes ou les <span data-question=\"Quelles activit\u00e9s exclusives peut-on organiser sur les \u00eeles de L\u00e9rins pour un \u00e9v\u00e9nement incentive?\" class=\"followup-block followup-block-hidden cursor-pointer outline-none static inline group-hover\/message:[--hover-opacity:1]\" type=\"button\" aria-haspopup=\"dialog\" aria-expanded=\"false\" aria-controls=\"radix-_r_ib_\" data-state=\"closed\" tabindex=\"0\"><span>\u00eeles de L\u00e9rins<\/span><\/span>.<\/p>\n<\/div>\n\t\t\t\t\t\t\t\t\t\t\t\t\t\t\t\t\t<\/div>\n\t\t\t\t<\/div>\n\t\t\t\t\t\t\t\t<div class=\"col-lg-5 order-first order-lg-last\">\n\t\t\t\t\t<div class=\"icta__top__img h-100 position-relative me-2 me-lg-0\">\n\t\t\t\t\t\t<img decoding=\"async\" src=\"https:\/\/myallmeeting.com\/wp-content\/uploads\/2025\/12\/Photo-principales-pages-villes-2025-12-04T122517.049-932x645.png\" alt=\"\" width=\"932\" height=\"562\" loading=\"lazy\" \/>\n\t\t\t\t\t\t<div class=\"position-absolute text-white z-1 text-center t-0 l-0 w-100 pt-4 pt-lg-8\">\n\t\t\t\t\t\t\t\t\t\t\t\t\t\t\t\t\t\t<\/div>\n\t\t\t\t\t<\/div>\n\t\t\t\t<\/div>\n\t\t\t\t\t\t\t<\/div>\n\t\t<\/div>\n\t<\/div>\n<!-- END OF : Composant : block-periscope-theme-section-composant-31-bloc-image-cta.php -->\n\n\n<!-- START OF : Composant : block-periscope-theme-section-composant-31-bloc-image-cta.php -->\n\t<div class=\"icta position-relative fs-wysiwyg\" data-component=\"31-bloc-image-cta\" data-reverse=\"non\">\n\t\t<div class=\"container-fluid\">\n\t\t\t<div class=\"row\">\n\t\t\t\t\t\t\t\t<div class=\"col-lg-6 offset-lg-1\"> \n\t\t\t\t\t<div class=\"icta__top__img h-100 position-relative me-2 me-lg-0\">\n\t\t\t\t\t\t<img decoding=\"async\" src=\"https:\/\/myallmeeting.com\/wp-content\/uploads\/2025\/12\/Photo-principales-pages-villes-2025-12-04T122729.729-932x645.png\" alt=\"\" width=\"932\" height=\"562\" loading=\"lazy\" \/>\n\t\t\t\t\t\t<div class=\"position-absolute text-white z-1 text-center t-0 l-0 w-100 pt-4 pt-lg-8\">\n\t\t\t\t\t\t\t\t\t\t\t\t\t\t\t\t\t\t<\/div>\n\t\t\t\t\t<\/div>\n\t\t\t\t<\/div>\n\t\t\t\t\t\t\t\t<div class=\"col-lg-4 d-lg-flex\">\n\t\t\t\t\t<div class=\"icta__content position-relative bg-white pt-2 pb-2 px-2 pb-lg-0 pt-lg-7 pt-xl-9 px-lg-7 px-xl-10 mt-lg-9\">\n\t\t\t\t\t\t\t\t\t\t\t\t\t\t\t\t\t\t<div class=\"unna fs-32 fs-lg-39 fs-xl-60 text-primary lh-xs mb-2 mb-xl-5\">Une logistique simplifi\u00e9e avec My All Meeting<\/div>\n\t\t\t\t\t\t\t\t\t\t\t\t\t\t\t\t\t\t<div class=\"fs-lg-15 fs-xl-18 lh-sm \"><p>Avec My All Meeting, b\u00e9n\u00e9ficiez d\u2019un accompagnement personnalis\u00e9 pour organiser vos r\u00e9unions et s\u00e9minaires \u00e0 Cannes. Nous vous aidons \u00e0 choisir le lieu id\u00e9al parmi nos h\u00f4tels, \u00e0 g\u00e9rer les r\u00e9servations, et \u00e0 coordonner les prestataires locaux, pour que vous puissiez vous concentrer sur l\u2019essentiel : la r\u00e9ussite de vos objectifs. Profitez de notre expertise pour transformer vos \u00e9v\u00e9nements en exp\u00e9riences \u00e0 la fois productives et m\u00e9morables, o\u00f9 l\u2019excellence des services rencontre l\u2019art de vivre cannois.<\/p>\n<\/div>\n\t\t\t\t\t\t\t\t\t\t\t\t\t\t\t\t\t<\/div>\n\t\t\t\t<\/div>\n\t\t\t<\/div>\n\t\t<\/div>\n\t<\/div>\n<!-- END OF : Composant : block-periscope-theme-section-composant-31-bloc-image-cta.php -->\n\n\n<!-- START OF : Composant : block-periscope-theme-section-composant-05-moteur.php -->\n\n\n<input type=\"hidden\" id=\"search-engine.search_url\" value=\"https:\/\/myallmeeting.com\/pl\/votre-projet\/#search-engine\" \/>\n<input type=\"hidden\" id=\"search-engine.anchor\" value=\"search-engine\" \/>\n<input type=\"hidden\" id=\"search-engine.gmaps_token\" value=\"AIzaSyDB40FZ7x-OURCjwxt35ll3WogU24K_hyE\" \/>\n<input type=\"hidden\" id=\"search-engine.language_code\" value=\"pl,en\" \/>\n<input type=\"hidden\" id=\"search-engine.language_code_2\" value=\"pl\" \/>\n<input type=\"hidden\" id=\"search-engine.filter_ids\" value=\"B6V5,1284,5493,1370,1170,3460\" \/>\n<input type=\"hidden\" id=\"search-engine.display_mode\" value=\"pre-filtered-button-only\" \/>\n\n<input type=\"hidden\" id=\"search-engine.aid\" value=\"\" \/>\n<input type=\"hidden\" id=\"search-engine.address\" value=\"\" \/>\n<input type=\"hidden\" id=\"search-engine.distance\" value=\"\" \/>\n<input type=\"hidden\" id=\"search-engine.nb_persons\" value=\"\" \/>\n<input type=\"hidden\" id=\"search-engine.nb_meeting\" value=\"\" \/>\n<input type=\"hidden\" id=\"search-engine.nb_rooms\" value=\"\" \/>\n<input type=\"hidden\" id=\"search-engine.date\" value=\"\" \/>\n<input type=\"hidden\" id=\"search-engine.duration\" value=\"\" \/>\n\n<div id=\"search\" class=\"eventsearch\" data-component=\"05-moteur-recherche-event\">\n\t<div class=\"container\">\n\t\t<div class=\"row\">\n\t\t\t<div class=\"px-0 ms-auto me-auto\" style=\"max-width:1546px\">\n\t\t\t\t<div class=\"bg-transparent mb-0 rounded-5 py-2 px-3 p-lg-4\">\n\t\t\t\t\t<div id=\"search-engine\" class =\"pre-filtered-button-only\"><\/div>\n\t\t\t\t<\/div>\n\t\t\t<\/div>\n\t\t<\/div>\n\t<\/div>\n<\/div>\n<!--<div>PHP processing Time: 0.020879030227661<\/div>!-->\n<!-- END OF : Composant : block-periscope-theme-section-composant-05-moteur.php -->\n\n\n<!-- START OF : Composant : block-periscope-theme-section-composant-14-carte-resultats.php -->\n<input type=\"hidden\" id=\"map.data-map-key\" value=\"AIzaSyDB40FZ7x-OURCjwxt35ll3WogU24K_hyE\">\n<input type=\"hidden\" id=\"map.data-map-language\" value=\"pl,en\">\n<div id=\"search-map-results\" data-load-mode=\"synchronous\"><\/div>\n<div class=\"modal fade\" id=\"hotel-popin\">\n\t<div class=\"modal-dialog\">\n\t\t<div class=\"modal-inner\">\n\t\t\t<div class=\"modal-header\">\n\t\t\t\t<button type=\"button\" class=\"close\" data-bs-dismiss=\"modal\">\n\t\t\t\t\t<svg width=\"16\" height=\"16\" aria-hidden=\"true\">\n\t\t\t\t\t\t<use xlink:href=\"https:\/\/myallmeeting.com\/wp-content\/themes\/accor\/assets\/images\/sprite.svg#btn-close-white\"><\/use>\n\t\t\t\t\t<\/svg>\n\t\t\t\t\t<span>Fermer<\/span>\n\t\t\t\t<\/button>\n\t\t\t<\/div>\n\t\t\t<div class=\"modal-body\"><\/div>\n\t\t<\/div>\n\t<\/div>\n<\/div>\n<!-- END OF : Composant : block-periscope-theme-section-composant-14-carte-resultats.php -->\n","protected":false},"excerpt":{"rendered":"","protected":false},"author":2,"featured_media":36912822,"parent":0,"menu_order":0,"comment_status":"closed","ping_status":"closed","template":"","meta":{"_acf_changed":true,"footnotes":""},"class_list":["post-4572","page","type-page","status-publish","has-post-thumbnail","hentry"],"acf":[],"yoast_head":"<title>Votre r\u00e9union \/ s\u00e9minaire \u00e0 Cannes - Accor MyAllMeeting.com<\/title>\n<meta name=\"description\" content=\"Pour votre prochain s\u00e9minaire ou r\u00e9union \u00e0 Cannes et sur la C\u00f4te d&#039;Azur, une s\u00e9lection id\u00e9ale d&#039;adresses AccorHotels avec MyAllMeeting.com !\" \/>\n<meta name=\"robots\" content=\"index, follow, max-snippet:-1, max-image-preview:large, max-video-preview:-1\" \/>\n<link rel=\"canonical\" href=\"https:\/\/myallmeeting.com\/pl\/wp-json\/wp\/v2\/pages\/4572\" \/>\n<meta property=\"og:locale\" content=\"pl_PL\" \/>\n<meta property=\"og:type\" content=\"article\" \/>\n<meta property=\"og:title\" content=\"Votre r\u00e9union \/ s\u00e9minaire \u00e0 Cannes - Accor MyAllMeeting.com\" \/>\n<meta property=\"og:description\" content=\"Pour votre prochain s\u00e9minaire ou r\u00e9union \u00e0 Cannes et sur la C\u00f4te d&#039;Azur, une s\u00e9lection id\u00e9ale d&#039;adresses AccorHotels avec MyAllMeeting.com !\" \/>\n<meta property=\"og:url\" content=\"https:\/\/myallmeeting.com\/pl\/reunion-a-cannes\/\" \/>\n<meta property=\"og:site_name\" content=\"Accor MyAllMeeting.com\" \/>\n<meta property=\"article:modified_time\" content=\"2025-12-04T11:30:14+00:00\" \/>\n<meta property=\"og:image\" content=\"https:\/\/myallmeeting.com\/wp-content\/uploads\/2025\/12\/Image-banniere-35.png\" \/>\n\t<meta property=\"og:image:width\" content=\"1920\" \/>\n\t<meta property=\"og:image:height\" content=\"570\" \/>\n\t<meta property=\"og:image:type\" content=\"image\/png\" \/>\n<meta name=\"twitter:card\" content=\"summary_large_image\" \/>\n<meta name=\"twitter:label1\" content=\"Est. reading time\" \/>\n\t<meta name=\"twitter:data1\" content=\"3 minutes\" \/>\n<script type=\"application\/ld+json\" class=\"yoast-schema-graph\">{\"@context\":\"https:\/\/schema.org\",\"@graph\":[{\"@type\":\"WebPage\",\"@id\":\"https:\/\/myallmeeting.com\/pl\/reunion-a-cannes\/\",\"url\":\"https:\/\/myallmeeting.com\/pl\/reunion-a-cannes\/\",\"name\":\"Votre r\u00e9union \/ s\u00e9minaire \u00e0 Cannes - Accor MyAllMeeting.com\",\"isPartOf\":{\"@id\":\"https:\/\/www.myallmeeting.com\/pl\/#website\"},\"primaryImageOfPage\":{\"@id\":\"https:\/\/myallmeeting.com\/pl\/reunion-a-cannes\/#primaryimage\"},\"image\":{\"@id\":\"https:\/\/myallmeeting.com\/pl\/reunion-a-cannes\/#primaryimage\"},\"thumbnailUrl\":\"https:\/\/myallmeeting.com\/wp-content\/uploads\/2025\/12\/Image-banniere-35.png\",\"datePublished\":\"2016-03-21T13:23:27+00:00\",\"dateModified\":\"2025-12-04T11:30:14+00:00\",\"description\":\"Pour votre prochain s\u00e9minaire ou r\u00e9union \u00e0 Cannes et sur la C\u00f4te d'Azur, une s\u00e9lection id\u00e9ale d'adresses AccorHotels avec MyAllMeeting.com !\",\"breadcrumb\":{\"@id\":\"https:\/\/myallmeeting.com\/pl\/reunion-a-cannes\/#breadcrumb\"},\"inLanguage\":\"pl-PL\",\"potentialAction\":[{\"@type\":\"ReadAction\",\"target\":[\"https:\/\/myallmeeting.com\/pl\/reunion-a-cannes\/\"]}]},{\"@type\":\"ImageObject\",\"inLanguage\":\"pl-PL\",\"@id\":\"https:\/\/myallmeeting.com\/pl\/reunion-a-cannes\/#primaryimage\",\"url\":\"https:\/\/myallmeeting.com\/wp-content\/uploads\/2025\/12\/Image-banniere-35.png\",\"contentUrl\":\"https:\/\/myallmeeting.com\/wp-content\/uploads\/2025\/12\/Image-banniere-35.png\",\"width\":1920,\"height\":570},{\"@type\":\"BreadcrumbList\",\"@id\":\"https:\/\/myallmeeting.com\/pl\/reunion-a-cannes\/#breadcrumb\",\"itemListElement\":[{\"@type\":\"ListItem\",\"position\":1,\"name\":\"Accueil\",\"item\":\"https:\/\/myallmeeting.com\/pl\/\"},{\"@type\":\"ListItem\",\"position\":2,\"name\":\"Votre r\u00e9union \/ s\u00e9minaire \u00e0 Cannes\"}]},{\"@type\":\"WebSite\",\"@id\":\"https:\/\/www.myallmeeting.com\/pl\/#website\",\"url\":\"https:\/\/www.myallmeeting.com\/pl\/\",\"name\":\"Accor MyAllMeeting.com\",\"description\":\"Les Meilleurs lieux pour vos Ev\u00e9nements Professionnels\",\"publisher\":{\"@id\":\"https:\/\/www.myallmeeting.com\/pl\/#organization\"},\"potentialAction\":[{\"@type\":\"SearchAction\",\"target\":{\"@type\":\"EntryPoint\",\"urlTemplate\":\"https:\/\/www.myallmeeting.com\/pl\/?s={search_term_string}\"},\"query-input\":{\"@type\":\"PropertyValueSpecification\",\"valueRequired\":true,\"valueName\":\"search_term_string\"}}],\"inLanguage\":\"pl-PL\"},{\"@type\":\"Organization\",\"@id\":\"https:\/\/www.myallmeeting.com\/pl\/#organization\",\"name\":\"ACCOR\",\"url\":\"https:\/\/www.myallmeeting.com\/pl\/\",\"logo\":{\"@type\":\"ImageObject\",\"inLanguage\":\"pl-PL\",\"@id\":\"https:\/\/www.myallmeeting.com\/pl\/#\/schema\/logo\/image\/\",\"url\":\"\",\"contentUrl\":\"\",\"caption\":\"ACCOR\"},\"image\":{\"@id\":\"https:\/\/www.myallmeeting.com\/pl\/#\/schema\/logo\/image\/\"}}]}<\/script>","yoast_head_json":{"title":"Votre r\u00e9union \/ s\u00e9minaire \u00e0 Cannes - Accor MyAllMeeting.com","description":"Pour votre prochain s\u00e9minaire ou r\u00e9union \u00e0 Cannes et sur la C\u00f4te d'Azur, une s\u00e9lection id\u00e9ale d'adresses AccorHotels avec MyAllMeeting.com !","robots":{"index":"index","follow":"follow","max-snippet":"max-snippet:-1","max-image-preview":"max-image-preview:large","max-video-preview":"max-video-preview:-1"},"canonical":"https:\/\/myallmeeting.com\/pl\/wp-json\/wp\/v2\/pages\/4572","og_locale":"pl_PL","og_type":"article","og_title":"Votre r\u00e9union \/ s\u00e9minaire \u00e0 Cannes - Accor MyAllMeeting.com","og_description":"Pour votre prochain s\u00e9minaire ou r\u00e9union \u00e0 Cannes et sur la C\u00f4te d'Azur, une s\u00e9lection id\u00e9ale d'adresses AccorHotels avec MyAllMeeting.com !","og_url":"https:\/\/myallmeeting.com\/pl\/reunion-a-cannes\/","og_site_name":"Accor MyAllMeeting.com","article_modified_time":"2025-12-04T11:30:14+00:00","og_image":[{"width":1920,"height":570,"url":"https:\/\/myallmeeting.com\/wp-content\/uploads\/2025\/12\/Image-banniere-35.png","type":"image\/png"}],"twitter_card":"summary_large_image","twitter_misc":{"Est. reading time":"3 minutes"},"schema":{"@context":"https:\/\/schema.org","@graph":[{"@type":"WebPage","@id":"https:\/\/myallmeeting.com\/pl\/reunion-a-cannes\/","url":"https:\/\/myallmeeting.com\/pl\/reunion-a-cannes\/","name":"Votre r\u00e9union \/ s\u00e9minaire \u00e0 Cannes - Accor MyAllMeeting.com","isPartOf":{"@id":"https:\/\/www.myallmeeting.com\/pl\/#website"},"primaryImageOfPage":{"@id":"https:\/\/myallmeeting.com\/pl\/reunion-a-cannes\/#primaryimage"},"image":{"@id":"https:\/\/myallmeeting.com\/pl\/reunion-a-cannes\/#primaryimage"},"thumbnailUrl":"https:\/\/myallmeeting.com\/wp-content\/uploads\/2025\/12\/Image-banniere-35.png","datePublished":"2016-03-21T13:23:27+00:00","dateModified":"2025-12-04T11:30:14+00:00","description":"Pour votre prochain s\u00e9minaire ou r\u00e9union \u00e0 Cannes et sur la C\u00f4te d'Azur, une s\u00e9lection id\u00e9ale d'adresses AccorHotels avec MyAllMeeting.com !","breadcrumb":{"@id":"https:\/\/myallmeeting.com\/pl\/reunion-a-cannes\/#breadcrumb"},"inLanguage":"pl-PL","potentialAction":[{"@type":"ReadAction","target":["https:\/\/myallmeeting.com\/pl\/reunion-a-cannes\/"]}]},{"@type":"ImageObject","inLanguage":"pl-PL","@id":"https:\/\/myallmeeting.com\/pl\/reunion-a-cannes\/#primaryimage","url":"https:\/\/myallmeeting.com\/wp-content\/uploads\/2025\/12\/Image-banniere-35.png","contentUrl":"https:\/\/myallmeeting.com\/wp-content\/uploads\/2025\/12\/Image-banniere-35.png","width":1920,"height":570},{"@type":"BreadcrumbList","@id":"https:\/\/myallmeeting.com\/pl\/reunion-a-cannes\/#breadcrumb","itemListElement":[{"@type":"ListItem","position":1,"name":"Accueil","item":"https:\/\/myallmeeting.com\/pl\/"},{"@type":"ListItem","position":2,"name":"Votre r\u00e9union \/ s\u00e9minaire \u00e0 Cannes"}]},{"@type":"WebSite","@id":"https:\/\/www.myallmeeting.com\/pl\/#website","url":"https:\/\/www.myallmeeting.com\/pl\/","name":"Accor MyAllMeeting.com","description":"Les Meilleurs lieux pour vos Ev\u00e9nements Professionnels","publisher":{"@id":"https:\/\/www.myallmeeting.com\/pl\/#organization"},"potentialAction":[{"@type":"SearchAction","target":{"@type":"EntryPoint","urlTemplate":"https:\/\/www.myallmeeting.com\/pl\/?s={search_term_string}"},"query-input":{"@type":"PropertyValueSpecification","valueRequired":true,"valueName":"search_term_string"}}],"inLanguage":"pl-PL"},{"@type":"Organization","@id":"https:\/\/www.myallmeeting.com\/pl\/#organization","name":"ACCOR","url":"https:\/\/www.myallmeeting.com\/pl\/","logo":{"@type":"ImageObject","inLanguage":"pl-PL","@id":"https:\/\/www.myallmeeting.com\/pl\/#\/schema\/logo\/image\/","url":"","contentUrl":"","caption":"ACCOR"},"image":{"@id":"https:\/\/www.myallmeeting.com\/pl\/#\/schema\/logo\/image\/"}}]}},"_links":{"self":[{"href":"https:\/\/myallmeeting.com\/pl\/wp-json\/wp\/v2\/pages\/4572","targetHints":{"allow":["GET"]}}],"collection":[{"href":"https:\/\/myallmeeting.com\/pl\/wp-json\/wp\/v2\/pages"}],"about":[{"href":"https:\/\/myallmeeting.com\/pl\/wp-json\/wp\/v2\/types\/page"}],"author":[{"embeddable":true,"href":"https:\/\/myallmeeting.com\/pl\/wp-json\/wp\/v2\/users\/2"}],"replies":[{"embeddable":true,"href":"https:\/\/myallmeeting.com\/pl\/wp-json\/wp\/v2\/comments?post=4572"}],"version-history":[{"count":0,"href":"https:\/\/myallmeeting.com\/pl\/wp-json\/wp\/v2\/pages\/4572\/revisions"}],"wp:featuredmedia":[{"embeddable":true,"href":"https:\/\/myallmeeting.com\/pl\/wp-json\/wp\/v2\/media\/36912822"}],"wp:attachment":[{"href":"https:\/\/myallmeeting.com\/pl\/wp-json\/wp\/v2\/media?parent=4572"}],"curies":[{"name":"wp","href":"https:\/\/api.w.org\/{rel}","templated":true}]}}