{"id":16556604,"date":"2024-03-11T15:37:19","date_gmt":"2024-03-11T14:37:19","guid":{"rendered":"https:\/\/myallmeeting.com\/votre-projet\/"},"modified":"2024-11-15T11:59:25","modified_gmt":"2024-11-15T10:59:25","slug":"votre-projet","status":"publish","type":"page","link":"https:\/\/myallmeeting.com\/pl\/votre-projet\/","title":{"rendered":"Tw\u00f3j projekt"},"content":{"rendered":"<!-- START OF : Composant : block-periscope-theme-section-composant-14-carte-resultats.php -->\n<input type=\"hidden\" id=\"map.data-map-key\" value=\"AIzaSyDB40FZ7x-OURCjwxt35ll3WogU24K_hyE\">\n<input type=\"hidden\" id=\"map.data-map-language\" value=\"pl,en\">\n<div id=\"search-map-results\" data-load-mode=\"\"><\/div>\n<div class=\"modal fade\" id=\"hotel-popin\">\n\t<div class=\"modal-dialog\">\n\t\t<div class=\"modal-inner\">\n\t\t\t<div class=\"modal-header\">\n\t\t\t\t<button type=\"button\" class=\"close\" data-bs-dismiss=\"modal\">\n\t\t\t\t\t<svg width=\"16\" height=\"16\" aria-hidden=\"true\">\n\t\t\t\t\t\t<use xlink:href=\"https:\/\/myallmeeting.com\/wp-content\/themes\/accor\/assets\/images\/sprite.svg#btn-close-white\"><\/use>\n\t\t\t\t\t<\/svg>\n\t\t\t\t\t<span>Fermer<\/span>\n\t\t\t\t<\/button>\n\t\t\t<\/div>\n\t\t\t<div class=\"modal-body\"><\/div>\n\t\t<\/div>\n\t<\/div>\n<\/div>\n<!-- END OF : Composant : block-periscope-theme-section-composant-14-carte-resultats.php -->\n","protected":false},"excerpt":{"rendered":"","protected":false},"author":1,"featured_media":16556606,"parent":0,"menu_order":0,"comment_status":"closed","ping_status":"closed","template":"template-votre-projet.php","meta":{"_acf_changed":false,"footnotes":""},"class_list":["post-16556604","page","type-page","status-publish","has-post-thumbnail","hentry"],"acf":[],"yoast_head":"<title>Votre projet MICE avec Accor<\/title>\n<meta name=\"description\" content=\"Recherchez ici l&#039;h\u00f4tel qui accueillera votre prochaine r\u00e9union ou \u00e9v\u00e8nement professionnel\" \/>\n<meta name=\"robots\" content=\"index, follow, max-snippet:-1, max-image-preview:large, max-video-preview:-1\" \/>\n<link rel=\"canonical\" href=\"https:\/\/myallmeeting.com\/pl\/wp-json\/wp\/v2\/pages\/16556604\" \/>\n<meta property=\"og:locale\" content=\"pl_PL\" \/>\n<meta property=\"og:type\" content=\"article\" \/>\n<meta property=\"og:title\" content=\"Votre projet MICE avec Accor\" \/>\n<meta property=\"og:description\" content=\"Recherchez ici l&#039;h\u00f4tel qui accueillera votre prochaine r\u00e9union ou \u00e9v\u00e8nement professionnel\" \/>\n<meta property=\"og:url\" content=\"https:\/\/myallmeeting.com\/pl\/votre-projet\/\" \/>\n<meta property=\"og:site_name\" content=\"Accor MyAllMeeting.com\" \/>\n<meta property=\"article:modified_time\" content=\"2024-11-15T10:59:25+00:00\" \/>\n<meta property=\"og:image\" content=\"https:\/\/myallmeeting.com\/wp-content\/uploads\/2024\/10\/MAM-baner-1920x570-1.png\" \/>\n\t<meta property=\"og:image:width\" content=\"1920\" \/>\n\t<meta property=\"og:image:height\" content=\"570\" \/>\n\t<meta property=\"og:image:type\" content=\"image\/png\" \/>\n<meta name=\"twitter:card\" content=\"summary_large_image\" \/>\n<meta name=\"twitter:label1\" content=\"Est. reading time\" \/>\n\t<meta name=\"twitter:data1\" content=\"1 minute\" \/>\n<script type=\"application\/ld+json\" class=\"yoast-schema-graph\">{\"@context\":\"https:\/\/schema.org\",\"@graph\":[{\"@type\":\"WebPage\",\"@id\":\"https:\/\/myallmeeting.com\/pl\/votre-projet\/\",\"url\":\"https:\/\/myallmeeting.com\/pl\/votre-projet\/\",\"name\":\"Votre projet MICE avec Accor\",\"isPartOf\":{\"@id\":\"https:\/\/www.myallmeeting.com\/pl\/#website\"},\"primaryImageOfPage\":{\"@id\":\"https:\/\/myallmeeting.com\/pl\/votre-projet\/#primaryimage\"},\"image\":{\"@id\":\"https:\/\/myallmeeting.com\/pl\/votre-projet\/#primaryimage\"},\"thumbnailUrl\":\"https:\/\/myallmeeting.com\/wp-content\/uploads\/2024\/10\/MAM-baner-1920x570-1.png\",\"datePublished\":\"2024-03-11T14:37:19+00:00\",\"dateModified\":\"2024-11-15T10:59:25+00:00\",\"description\":\"Recherchez ici l'h\u00f4tel qui accueillera votre prochaine r\u00e9union ou \u00e9v\u00e8nement professionnel\",\"breadcrumb\":{\"@id\":\"https:\/\/myallmeeting.com\/pl\/votre-projet\/#breadcrumb\"},\"inLanguage\":\"pl-PL\",\"potentialAction\":[{\"@type\":\"ReadAction\",\"target\":[\"https:\/\/myallmeeting.com\/pl\/votre-projet\/\"]}]},{\"@type\":\"ImageObject\",\"inLanguage\":\"pl-PL\",\"@id\":\"https:\/\/myallmeeting.com\/pl\/votre-projet\/#primaryimage\",\"url\":\"https:\/\/myallmeeting.com\/wp-content\/uploads\/2024\/10\/MAM-baner-1920x570-1.png\",\"contentUrl\":\"https:\/\/myallmeeting.com\/wp-content\/uploads\/2024\/10\/MAM-baner-1920x570-1.png\",\"width\":1920,\"height\":570},{\"@type\":\"BreadcrumbList\",\"@id\":\"https:\/\/myallmeeting.com\/pl\/votre-projet\/#breadcrumb\",\"itemListElement\":[{\"@type\":\"ListItem\",\"position\":1,\"name\":\"Accueil\",\"item\":\"https:\/\/myallmeeting.com\/pl\/\"},{\"@type\":\"ListItem\",\"position\":2,\"name\":\"Tw\u00f3j projekt\"}]},{\"@type\":\"WebSite\",\"@id\":\"https:\/\/www.myallmeeting.com\/pl\/#website\",\"url\":\"https:\/\/www.myallmeeting.com\/pl\/\",\"name\":\"Accor MyAllMeeting.com\",\"description\":\"Les Meilleurs lieux pour vos Ev\u00e9nements Professionnels\",\"publisher\":{\"@id\":\"https:\/\/www.myallmeeting.com\/pl\/#organization\"},\"potentialAction\":[{\"@type\":\"SearchAction\",\"target\":{\"@type\":\"EntryPoint\",\"urlTemplate\":\"https:\/\/www.myallmeeting.com\/pl\/?s={search_term_string}\"},\"query-input\":{\"@type\":\"PropertyValueSpecification\",\"valueRequired\":true,\"valueName\":\"search_term_string\"}}],\"inLanguage\":\"pl-PL\"},{\"@type\":\"Organization\",\"@id\":\"https:\/\/www.myallmeeting.com\/pl\/#organization\",\"name\":\"ACCOR\",\"url\":\"https:\/\/www.myallmeeting.com\/pl\/\",\"logo\":{\"@type\":\"ImageObject\",\"inLanguage\":\"pl-PL\",\"@id\":\"https:\/\/www.myallmeeting.com\/pl\/#\/schema\/logo\/image\/\",\"url\":\"\",\"contentUrl\":\"\",\"caption\":\"ACCOR\"},\"image\":{\"@id\":\"https:\/\/www.myallmeeting.com\/pl\/#\/schema\/logo\/image\/\"}}]}<\/script>","yoast_head_json":{"title":"Votre projet MICE avec Accor","description":"Recherchez ici l'h\u00f4tel qui accueillera votre prochaine r\u00e9union ou \u00e9v\u00e8nement professionnel","robots":{"index":"index","follow":"follow","max-snippet":"max-snippet:-1","max-image-preview":"max-image-preview:large","max-video-preview":"max-video-preview:-1"},"canonical":"https:\/\/myallmeeting.com\/pl\/wp-json\/wp\/v2\/pages\/16556604","og_locale":"pl_PL","og_type":"article","og_title":"Votre projet MICE avec Accor","og_description":"Recherchez ici l'h\u00f4tel qui accueillera votre prochaine r\u00e9union ou \u00e9v\u00e8nement professionnel","og_url":"https:\/\/myallmeeting.com\/pl\/votre-projet\/","og_site_name":"Accor MyAllMeeting.com","article_modified_time":"2024-11-15T10:59:25+00:00","og_image":[{"width":1920,"height":570,"url":"https:\/\/myallmeeting.com\/wp-content\/uploads\/2024\/10\/MAM-baner-1920x570-1.png","type":"image\/png"}],"twitter_card":"summary_large_image","twitter_misc":{"Est. reading time":"1 minute"},"schema":{"@context":"https:\/\/schema.org","@graph":[{"@type":"WebPage","@id":"https:\/\/myallmeeting.com\/pl\/votre-projet\/","url":"https:\/\/myallmeeting.com\/pl\/votre-projet\/","name":"Votre projet MICE avec Accor","isPartOf":{"@id":"https:\/\/www.myallmeeting.com\/pl\/#website"},"primaryImageOfPage":{"@id":"https:\/\/myallmeeting.com\/pl\/votre-projet\/#primaryimage"},"image":{"@id":"https:\/\/myallmeeting.com\/pl\/votre-projet\/#primaryimage"},"thumbnailUrl":"https:\/\/myallmeeting.com\/wp-content\/uploads\/2024\/10\/MAM-baner-1920x570-1.png","datePublished":"2024-03-11T14:37:19+00:00","dateModified":"2024-11-15T10:59:25+00:00","description":"Recherchez ici l'h\u00f4tel qui accueillera votre prochaine r\u00e9union ou \u00e9v\u00e8nement professionnel","breadcrumb":{"@id":"https:\/\/myallmeeting.com\/pl\/votre-projet\/#breadcrumb"},"inLanguage":"pl-PL","potentialAction":[{"@type":"ReadAction","target":["https:\/\/myallmeeting.com\/pl\/votre-projet\/"]}]},{"@type":"ImageObject","inLanguage":"pl-PL","@id":"https:\/\/myallmeeting.com\/pl\/votre-projet\/#primaryimage","url":"https:\/\/myallmeeting.com\/wp-content\/uploads\/2024\/10\/MAM-baner-1920x570-1.png","contentUrl":"https:\/\/myallmeeting.com\/wp-content\/uploads\/2024\/10\/MAM-baner-1920x570-1.png","width":1920,"height":570},{"@type":"BreadcrumbList","@id":"https:\/\/myallmeeting.com\/pl\/votre-projet\/#breadcrumb","itemListElement":[{"@type":"ListItem","position":1,"name":"Accueil","item":"https:\/\/myallmeeting.com\/pl\/"},{"@type":"ListItem","position":2,"name":"Tw\u00f3j projekt"}]},{"@type":"WebSite","@id":"https:\/\/www.myallmeeting.com\/pl\/#website","url":"https:\/\/www.myallmeeting.com\/pl\/","name":"Accor MyAllMeeting.com","description":"Les Meilleurs lieux pour vos Ev\u00e9nements Professionnels","publisher":{"@id":"https:\/\/www.myallmeeting.com\/pl\/#organization"},"potentialAction":[{"@type":"SearchAction","target":{"@type":"EntryPoint","urlTemplate":"https:\/\/www.myallmeeting.com\/pl\/?s={search_term_string}"},"query-input":{"@type":"PropertyValueSpecification","valueRequired":true,"valueName":"search_term_string"}}],"inLanguage":"pl-PL"},{"@type":"Organization","@id":"https:\/\/www.myallmeeting.com\/pl\/#organization","name":"ACCOR","url":"https:\/\/www.myallmeeting.com\/pl\/","logo":{"@type":"ImageObject","inLanguage":"pl-PL","@id":"https:\/\/www.myallmeeting.com\/pl\/#\/schema\/logo\/image\/","url":"","contentUrl":"","caption":"ACCOR"},"image":{"@id":"https:\/\/www.myallmeeting.com\/pl\/#\/schema\/logo\/image\/"}}]}},"_links":{"self":[{"href":"https:\/\/myallmeeting.com\/pl\/wp-json\/wp\/v2\/pages\/16556604","targetHints":{"allow":["GET"]}}],"collection":[{"href":"https:\/\/myallmeeting.com\/pl\/wp-json\/wp\/v2\/pages"}],"about":[{"href":"https:\/\/myallmeeting.com\/pl\/wp-json\/wp\/v2\/types\/page"}],"author":[{"embeddable":true,"href":"https:\/\/myallmeeting.com\/pl\/wp-json\/wp\/v2\/users\/1"}],"replies":[{"embeddable":true,"href":"https:\/\/myallmeeting.com\/pl\/wp-json\/wp\/v2\/comments?post=16556604"}],"version-history":[{"count":0,"href":"https:\/\/myallmeeting.com\/pl\/wp-json\/wp\/v2\/pages\/16556604\/revisions"}],"wp:featuredmedia":[{"embeddable":true,"href":"https:\/\/myallmeeting.com\/pl\/wp-json\/wp\/v2\/media\/16556606"}],"wp:attachment":[{"href":"https:\/\/myallmeeting.com\/pl\/wp-json\/wp\/v2\/media?parent=16556604"}],"curies":[{"name":"wp","href":"https:\/\/api.w.org\/{rel}","templated":true}]}}