{"id":16556600,"date":"2024-03-21T15:15:51","date_gmt":"2024-03-21T14:15:51","guid":{"rendered":"https:\/\/myallmeeting.com\/programme-de-fidelite\/"},"modified":"2025-09-11T10:11:18","modified_gmt":"2025-09-11T08:11:18","slug":"programme-de-fidelite","status":"publish","type":"page","link":"https:\/\/myallmeeting.com\/pl\/programme-de-fidelite\/","title":{"rendered":"Nagradzamy lojalno\u015b\u0107"},"content":{"rendered":"<!-- START OF : Composant : block-periscope-theme-section-composant-20-fidelite-avantages.php -->\n\n<div class=\"fidelite bg-white fs-wysiwyg\" data-component=\"20-fidelite-avantages\">\n\t<div class=\"text-center fs-28 fs-lg-32 fw-semibold ls--25 lh-xs mb-4 mb-lg-11\"> Nagradzanie Twojej lojalno\u015bci w programie lojalno\u015bciowym ALL Accor<\/div>\n\t\t<div class=\"container-fluid\" style=\"--bs-gutter-x: 0\">\n\t\t<div class=\"row\" style=\"--bs-gutter-x: 0\">\n\t\t\t<div class=\"col-lg-8\">\n\t\t\t\t\t\t\t\t\t<div class=\"fidelite__top__left\">\n\t\t\t\t\t\t<img decoding=\"async\" src=\"https:\/\/myallmeeting.com\/wp-content\/uploads\/2024\/07\/7033-51-1268x846.jpg\" class=\"pe-3 pe-lg-0\" width=\"1268\" height=\"846\" alt=\"\" loading=\"lazy\" \/>\n\t\t\t\t\t<\/div>\n\t\t\t\t\t\t\t<\/div>\n\t\t\t<div class=\"col-lg-4\">\n\t\t\t\t<div class=\"fidelite__top__right t-0 r-0 bg-primary text-white mt-lg-18 pt-4 pb-8 px-2 pt-lg-10 pb-lg-12 px-lg-11\">\n\t\t\t\t\t\t\n\t\t\t\t\t<div class=\"fidelite__date t-0 l-0 mb-2 text-secondary fw-semibold text-uppercase fs-10 fs-lg-15 fs-xl-19 fs-xxl-24 lh-xs\">PROGRAM LOJALNOSCIOWY ALL ACCOR <\/div>\n\t\t\t\t\t\t\t\t\t\t\t\t\t\t\t<div class=\"unna fs-32 fs-lg-47 fs-xl-61 fs-xxl-75 lh-1 fs-italic fw-normal text-secondary pt-lg-1 mb-2 mb-lg-5\">Korzy\u015bci dla Ciebie i Twojej firmy<\/div>\n\t\t\t\t\t\t\t\t\t\t\t\t\t\t\t<div class=\"text-white fs-18 fs-lg-20 fs-xl-24 fs-xxl-26 lh-xs fw-semibold mb-4 mb-lg-9\">Program lojalno\u015bciowy ALL Accor nagradza Ci\u0119 za ka\u017cde uprawnione spotkania i wydarzenia. <\/div>\n\t\t\t\t\t\t\t\t\t\t\t\t\t\t\t<div class=\"mb-4 fs-wysiwyg fs-lg-20\"><p><span>Niezale\u017cnie od tego, czy organizujesz konferencj\u0119, seminarium czy prywatn\u0105 uroczysto\u015b\u0107, zdob\u0119dziesz punkty Nagrody i Statusu za kwalifikuj\u0105ce si\u0119 rezerwacje, czyni\u0105c ka\u017cde wydarzenie okazj\u0105 do zdobycia cennych nagr\u00f3d.<\/span><\/p>\n<p><span>Te punkty mo\u017cna wymieni\u0107 na przysz\u0142e wydarzenia, podwy\u017cszenia standardu pokoju, ekskluzywne zni\u017cki oraz inne korzy\u015bci maj\u0105ce na celu popraw\u0119 Twoich pobyt\u00f3w i wydarze\u0144.<\/span><\/p>\n<\/div>\n\t\t\t\t\t\t\t\t\t\t<div class=\"d-flex flex-column flex-lg-row gap-2 gap-xxl-6\">\n\t\t\t\t\t\t\t\t\t\t\t\t<a href=\"https:\/\/all.accor.com\/a\/pl\/loyalty-program\/meetings-and-events.html\" class=\"btn btn-secondary btn-hover-translate-right align-items-center justify-content-center justify-content-lg-start gap-2 gap-lg-1 w-100 w-lg-auto\">\n\t\t\t\t\t\t\t<span>Do\u0142\u0105cz do programu<\/span>\n\t\t\t\t\t\t\t<svg width=\"15\" height=\"20\" aria-hidden=\"true\">\n\t\t\t\t\t\t\t\t<use xlink:href=\"https:\/\/myallmeeting.com\/wp-content\/themes\/accor\/assets\/images\/sprite.svg#btn-arrow-white\"><\/use>\n\t\t\t\t\t\t\t<\/svg>\n\t\t\t\t\t\t<\/a>\n\t\t\t\t\t\t\t\t\t\t\t\t\t\t\t\t\t<\/div>\n\t\t\t\t<\/div>\n\t\t\t<\/div>\n\t\t<\/div>\n\t<\/div>\n\t<div class=\"container-fluid\">\n\t\t<div class=\"row\">\n\t\t\t<div class=\"col-lg-10 offset-lg-1\">\n\t\t\t\t<div class=\"fidelite__bottom pt-5 pt-lg-3 pb-lg-5 px-3 px-lg-0\">\n\t\t\t\t\t<div class=\"unna fs-36 fs-lg-70 lh-1 fs-italic fw-normal text-secondary mb-5\">Twoje korzy\u015bci<\/div>\n\t\t\t\t\t<div class=\"row\">\n\t\t\t\t\t\t\t\t\t\t\t\t\t\t\t\t\t\t\t\t\t<div class=\"col-lg-6 mb-6 mb-lg-7\">\n\t\t\t\t\t\t\t\t\t<div class=\"pe-lg-10\">\n\t\t\t\t\t\t\t\t\t\t<div class=\"fs-18 fs-lg-20 fs-xl-24 fs-xxl-26 fw-semibold lh-xs mb-2\"> Hojne nagrody i szybkie zdobywanie statusu<\/div>\n\t\t\t\t\t\t\t\t\t\t<div class=\"fs-wysiwyg\">Za ka\u017cde wydane 2 \u20ac, otrzymujesz 1 punkt Nagrody i 1 punkt Statusu.<\/div>\n\t\t\t\t\t\t\t\t\t<\/div>\n\t\t\t\t\t\t\t\t<\/div>\n\t\t\t\t\t\t\t\t\t\t\t\t\t\t\t<div class=\"col-lg-6 mb-6 mb-lg-7\">\n\t\t\t\t\t\t\t\t\t<div class=\"pe-lg-10\">\n\t\t\t\t\t\t\t\t\t\t<div class=\"fs-18 fs-lg-20 fs-xl-24 fs-xxl-26 fw-semibold lh-xs mb-2\">Elastyczne opcje nagr\u00f3d<\/div>\n\t\t\t\t\t\t\t\t\t\t<div class=\"fs-wysiwyg\">Wymieniaj punkty na zni\u017cki na przysz\u0142e wydarzenia, pobyty, bilety na koncerty lub nawet darowizny charytatywne. Twoje punkty, Tw\u00f3j wyb\u00f3r!<\/div>\n\t\t\t\t\t\t\t\t\t<\/div>\n\t\t\t\t\t\t\t\t<\/div>\n\t\t\t\t\t\t\t\t\t\t\t\t\t\t\t<div class=\"col-lg-6 mb-6 mb-lg-7\">\n\t\t\t\t\t\t\t\t\t<div class=\"pe-lg-10\">\n\t\t\t\t\t\t\t\t\t\t<div class=\"fs-18 fs-lg-20 fs-xl-24 fs-xxl-26 fw-semibold lh-xs mb-2\">Nieograniczone mo\u017cliwo\u015bci<\/div>\n\t\t\t\t\t\t\t\t\t\t<div class=\"fs-wysiwyg\">Organizuj dowoln\u0105 liczb\u0119 wydarze\u0144, nie ma limitu Twojego potencja\u0142u zarobkowego.<\/div>\n\t\t\t\t\t\t\t\t\t<\/div>\n\t\t\t\t\t\t\t\t<\/div>\n\t\t\t\t\t\t\t\t\t\t\t\t\t\t\t<div class=\"col-lg-6 mb-6 mb-lg-7\">\n\t\t\t\t\t\t\t\t\t<div class=\"pe-lg-10\">\n\t\t\t\t\t\t\t\t\t\t<div class=\"fs-18 fs-lg-20 fs-xl-24 fs-xxl-26 fw-semibold lh-xs mb-2\">Punkty nigdy nie wygasaj\u0105<\/div>\n\t\t\t\t\t\t\t\t\t\t<div class=\"fs-wysiwyg\">Wystarczy zorganizowa\u0107 jedno uprawnione wydarzenie lub pobyt w ci\u0105gu 12 miesi\u0119cy, aby zachowa\u0107 wszystkie zdobyte punkty.<\/div>\n\t\t\t\t\t\t\t\t\t<\/div>\n\t\t\t\t\t\t\t\t<\/div>\n\t\t\t\t\t\t\t\t\t\t\t\t\t\t\n\t\t\t\t\t<\/div>\n\t\t\t\t<\/div>\n\t\t\t<\/div>\n\t\t<\/div>\n\t<\/div>\n<\/div>\n\n\n\n<!-- END OF : Composant : block-periscope-theme-section-composant-20-fidelite-avantages.php -->\n\n\n<div class=\"container fs-wysiwyg mb-5\">\n<p class=\"has-text-align-center\" style=\"font-size:40px\">48 marek do Twojej dyspozycji<\/p>\n<\/div>\n\n<div class=\"container fs-wysiwyg mb-5\">\n<p><img decoding=\"async\" width=\"1500\" height=\"963\" class=\"wp-image-16192897\" style=\"width: 1500px;\" src=\"https:\/\/myallmeeting.com\/wp-content\/uploads\/2024\/07\/Phrise-AMP-scaled.jpg\" alt=\"\" srcset=\"https:\/\/myallmeeting.com\/wp-content\/uploads\/2024\/07\/Phrise-AMP-scaled.jpg 2560w, https:\/\/myallmeeting.com\/wp-content\/uploads\/2024\/07\/Phrise-AMP-480x308.jpg 480w, https:\/\/myallmeeting.com\/wp-content\/uploads\/2024\/07\/Phrise-AMP-1024x658.jpg 1024w, https:\/\/myallmeeting.com\/wp-content\/uploads\/2024\/07\/Phrise-AMP-1536x986.jpg 1536w, https:\/\/myallmeeting.com\/wp-content\/uploads\/2024\/07\/Phrise-AMP-2048x1315.jpg 2048w, https:\/\/myallmeeting.com\/wp-content\/uploads\/2024\/07\/Phrise-AMP-875x562.jpg 875w, https:\/\/myallmeeting.com\/wp-content\/uploads\/2024\/07\/Phrise-AMP-960x616.jpg 960w, https:\/\/myallmeeting.com\/wp-content\/uploads\/2024\/07\/Phrise-AMP-120x77.jpg 120w, https:\/\/myallmeeting.com\/wp-content\/uploads\/2024\/07\/Phrise-AMP-111x71.jpg 111w\" sizes=\"(max-width: 1500px) 100vw, 1500px\" \/><\/p>\n<\/div>","protected":false},"excerpt":{"rendered":"<p>48 marek do Twojej dyspozycji<\/p>\n","protected":false},"author":1,"featured_media":16556602,"parent":0,"menu_order":0,"comment_status":"closed","ping_status":"closed","template":"template-fidelite.php","meta":{"_acf_changed":true,"footnotes":""},"class_list":["post-16556600","page","type-page","status-publish","has-post-thumbnail","hentry"],"acf":[],"yoast_head":"<title>Programme de fid\u00e9lit\u00e9 Accor Meetings &amp; Events - MyALLMeeting<\/title>\n<meta name=\"description\" content=\"Si vous \u00eates un professionnel de l\u2019\u00e9v\u00e9nement, ne cherchez pas plus loin que ALL Meeting Planner pour r\u00e9compenser votre fid\u00e9lit\u00e9 !\" \/>\n<meta name=\"robots\" content=\"index, follow, max-snippet:-1, max-image-preview:large, max-video-preview:-1\" \/>\n<link rel=\"canonical\" href=\"https:\/\/myallmeeting.com\/pl\/wp-json\/wp\/v2\/pages\/16556600\" \/>\n<meta property=\"og:locale\" content=\"pl_PL\" \/>\n<meta property=\"og:type\" content=\"article\" \/>\n<meta property=\"og:title\" content=\"Programme de fid\u00e9lit\u00e9 Accor Meetings &amp; Events - MyALLMeeting\" \/>\n<meta property=\"og:description\" content=\"Si vous \u00eates un professionnel de l\u2019\u00e9v\u00e9nement, ne cherchez pas plus loin que ALL Meeting Planner pour r\u00e9compenser votre fid\u00e9lit\u00e9 !\" \/>\n<meta property=\"og:url\" content=\"https:\/\/myallmeeting.com\/pl\/programme-de-fidelite\/\" \/>\n<meta property=\"og:site_name\" content=\"Accor MyAllMeeting.com\" \/>\n<meta property=\"article:modified_time\" content=\"2025-09-11T08:11:18+00:00\" \/>\n<meta property=\"og:image\" content=\"https:\/\/myallmeeting.com\/wp-content\/uploads\/2024\/08\/AMP-banniere.png\" \/>\n\t<meta property=\"og:image:width\" content=\"1920\" \/>\n\t<meta property=\"og:image:height\" content=\"570\" \/>\n\t<meta property=\"og:image:type\" content=\"image\/png\" \/>\n<meta name=\"twitter:card\" content=\"summary_large_image\" \/>\n<meta name=\"twitter:label1\" content=\"Est. reading time\" \/>\n\t<meta name=\"twitter:data1\" content=\"1 minute\" \/>\n<script type=\"application\/ld+json\" class=\"yoast-schema-graph\">{\"@context\":\"https:\/\/schema.org\",\"@graph\":[{\"@type\":\"WebPage\",\"@id\":\"https:\/\/myallmeeting.com\/pl\/programme-de-fidelite\/\",\"url\":\"https:\/\/myallmeeting.com\/pl\/programme-de-fidelite\/\",\"name\":\"Programme de fid\u00e9lit\u00e9 Accor Meetings & Events - MyALLMeeting\",\"isPartOf\":{\"@id\":\"https:\/\/www.myallmeeting.com\/pl\/#website\"},\"primaryImageOfPage\":{\"@id\":\"https:\/\/myallmeeting.com\/pl\/programme-de-fidelite\/#primaryimage\"},\"image\":{\"@id\":\"https:\/\/myallmeeting.com\/pl\/programme-de-fidelite\/#primaryimage\"},\"thumbnailUrl\":\"https:\/\/myallmeeting.com\/wp-content\/uploads\/2024\/08\/AMP-banniere.png\",\"datePublished\":\"2024-03-21T14:15:51+00:00\",\"dateModified\":\"2025-09-11T08:11:18+00:00\",\"description\":\"Si vous \u00eates un professionnel de l\u2019\u00e9v\u00e9nement, ne cherchez pas plus loin que ALL Meeting Planner pour r\u00e9compenser votre fid\u00e9lit\u00e9 !\",\"breadcrumb\":{\"@id\":\"https:\/\/myallmeeting.com\/pl\/programme-de-fidelite\/#breadcrumb\"},\"inLanguage\":\"pl-PL\",\"potentialAction\":[{\"@type\":\"ReadAction\",\"target\":[\"https:\/\/myallmeeting.com\/pl\/programme-de-fidelite\/\"]}]},{\"@type\":\"ImageObject\",\"inLanguage\":\"pl-PL\",\"@id\":\"https:\/\/myallmeeting.com\/pl\/programme-de-fidelite\/#primaryimage\",\"url\":\"https:\/\/myallmeeting.com\/wp-content\/uploads\/2024\/08\/AMP-banniere.png\",\"contentUrl\":\"https:\/\/myallmeeting.com\/wp-content\/uploads\/2024\/08\/AMP-banniere.png\",\"width\":1920,\"height\":570},{\"@type\":\"BreadcrumbList\",\"@id\":\"https:\/\/myallmeeting.com\/pl\/programme-de-fidelite\/#breadcrumb\",\"itemListElement\":[{\"@type\":\"ListItem\",\"position\":1,\"name\":\"Accueil\",\"item\":\"https:\/\/myallmeeting.com\/pl\/\"},{\"@type\":\"ListItem\",\"position\":2,\"name\":\"Nagradzamy lojalno\u015b\u0107\"}]},{\"@type\":\"WebSite\",\"@id\":\"https:\/\/www.myallmeeting.com\/pl\/#website\",\"url\":\"https:\/\/www.myallmeeting.com\/pl\/\",\"name\":\"Accor MyAllMeeting.com\",\"description\":\"Les Meilleurs lieux pour vos Ev\u00e9nements Professionnels\",\"publisher\":{\"@id\":\"https:\/\/www.myallmeeting.com\/pl\/#organization\"},\"potentialAction\":[{\"@type\":\"SearchAction\",\"target\":{\"@type\":\"EntryPoint\",\"urlTemplate\":\"https:\/\/www.myallmeeting.com\/pl\/?s={search_term_string}\"},\"query-input\":{\"@type\":\"PropertyValueSpecification\",\"valueRequired\":true,\"valueName\":\"search_term_string\"}}],\"inLanguage\":\"pl-PL\"},{\"@type\":\"Organization\",\"@id\":\"https:\/\/www.myallmeeting.com\/pl\/#organization\",\"name\":\"ACCOR\",\"url\":\"https:\/\/www.myallmeeting.com\/pl\/\",\"logo\":{\"@type\":\"ImageObject\",\"inLanguage\":\"pl-PL\",\"@id\":\"https:\/\/www.myallmeeting.com\/pl\/#\/schema\/logo\/image\/\",\"url\":\"\",\"contentUrl\":\"\",\"caption\":\"ACCOR\"},\"image\":{\"@id\":\"https:\/\/www.myallmeeting.com\/pl\/#\/schema\/logo\/image\/\"}}]}<\/script>","yoast_head_json":{"title":"Programme de fid\u00e9lit\u00e9 Accor Meetings & Events - MyALLMeeting","description":"Si vous \u00eates un professionnel de l\u2019\u00e9v\u00e9nement, ne cherchez pas plus loin que ALL Meeting Planner pour r\u00e9compenser votre fid\u00e9lit\u00e9 !","robots":{"index":"index","follow":"follow","max-snippet":"max-snippet:-1","max-image-preview":"max-image-preview:large","max-video-preview":"max-video-preview:-1"},"canonical":"https:\/\/myallmeeting.com\/pl\/wp-json\/wp\/v2\/pages\/16556600","og_locale":"pl_PL","og_type":"article","og_title":"Programme de fid\u00e9lit\u00e9 Accor Meetings & Events - MyALLMeeting","og_description":"Si vous \u00eates un professionnel de l\u2019\u00e9v\u00e9nement, ne cherchez pas plus loin que ALL Meeting Planner pour r\u00e9compenser votre fid\u00e9lit\u00e9 !","og_url":"https:\/\/myallmeeting.com\/pl\/programme-de-fidelite\/","og_site_name":"Accor MyAllMeeting.com","article_modified_time":"2025-09-11T08:11:18+00:00","og_image":[{"width":1920,"height":570,"url":"https:\/\/myallmeeting.com\/wp-content\/uploads\/2024\/08\/AMP-banniere.png","type":"image\/png"}],"twitter_card":"summary_large_image","twitter_misc":{"Est. reading time":"1 minute"},"schema":{"@context":"https:\/\/schema.org","@graph":[{"@type":"WebPage","@id":"https:\/\/myallmeeting.com\/pl\/programme-de-fidelite\/","url":"https:\/\/myallmeeting.com\/pl\/programme-de-fidelite\/","name":"Programme de fid\u00e9lit\u00e9 Accor Meetings & Events - MyALLMeeting","isPartOf":{"@id":"https:\/\/www.myallmeeting.com\/pl\/#website"},"primaryImageOfPage":{"@id":"https:\/\/myallmeeting.com\/pl\/programme-de-fidelite\/#primaryimage"},"image":{"@id":"https:\/\/myallmeeting.com\/pl\/programme-de-fidelite\/#primaryimage"},"thumbnailUrl":"https:\/\/myallmeeting.com\/wp-content\/uploads\/2024\/08\/AMP-banniere.png","datePublished":"2024-03-21T14:15:51+00:00","dateModified":"2025-09-11T08:11:18+00:00","description":"Si vous \u00eates un professionnel de l\u2019\u00e9v\u00e9nement, ne cherchez pas plus loin que ALL Meeting Planner pour r\u00e9compenser votre fid\u00e9lit\u00e9 !","breadcrumb":{"@id":"https:\/\/myallmeeting.com\/pl\/programme-de-fidelite\/#breadcrumb"},"inLanguage":"pl-PL","potentialAction":[{"@type":"ReadAction","target":["https:\/\/myallmeeting.com\/pl\/programme-de-fidelite\/"]}]},{"@type":"ImageObject","inLanguage":"pl-PL","@id":"https:\/\/myallmeeting.com\/pl\/programme-de-fidelite\/#primaryimage","url":"https:\/\/myallmeeting.com\/wp-content\/uploads\/2024\/08\/AMP-banniere.png","contentUrl":"https:\/\/myallmeeting.com\/wp-content\/uploads\/2024\/08\/AMP-banniere.png","width":1920,"height":570},{"@type":"BreadcrumbList","@id":"https:\/\/myallmeeting.com\/pl\/programme-de-fidelite\/#breadcrumb","itemListElement":[{"@type":"ListItem","position":1,"name":"Accueil","item":"https:\/\/myallmeeting.com\/pl\/"},{"@type":"ListItem","position":2,"name":"Nagradzamy lojalno\u015b\u0107"}]},{"@type":"WebSite","@id":"https:\/\/www.myallmeeting.com\/pl\/#website","url":"https:\/\/www.myallmeeting.com\/pl\/","name":"Accor MyAllMeeting.com","description":"Les Meilleurs lieux pour vos Ev\u00e9nements Professionnels","publisher":{"@id":"https:\/\/www.myallmeeting.com\/pl\/#organization"},"potentialAction":[{"@type":"SearchAction","target":{"@type":"EntryPoint","urlTemplate":"https:\/\/www.myallmeeting.com\/pl\/?s={search_term_string}"},"query-input":{"@type":"PropertyValueSpecification","valueRequired":true,"valueName":"search_term_string"}}],"inLanguage":"pl-PL"},{"@type":"Organization","@id":"https:\/\/www.myallmeeting.com\/pl\/#organization","name":"ACCOR","url":"https:\/\/www.myallmeeting.com\/pl\/","logo":{"@type":"ImageObject","inLanguage":"pl-PL","@id":"https:\/\/www.myallmeeting.com\/pl\/#\/schema\/logo\/image\/","url":"","contentUrl":"","caption":"ACCOR"},"image":{"@id":"https:\/\/www.myallmeeting.com\/pl\/#\/schema\/logo\/image\/"}}]}},"_links":{"self":[{"href":"https:\/\/myallmeeting.com\/pl\/wp-json\/wp\/v2\/pages\/16556600","targetHints":{"allow":["GET"]}}],"collection":[{"href":"https:\/\/myallmeeting.com\/pl\/wp-json\/wp\/v2\/pages"}],"about":[{"href":"https:\/\/myallmeeting.com\/pl\/wp-json\/wp\/v2\/types\/page"}],"author":[{"embeddable":true,"href":"https:\/\/myallmeeting.com\/pl\/wp-json\/wp\/v2\/users\/1"}],"replies":[{"embeddable":true,"href":"https:\/\/myallmeeting.com\/pl\/wp-json\/wp\/v2\/comments?post=16556600"}],"version-history":[{"count":0,"href":"https:\/\/myallmeeting.com\/pl\/wp-json\/wp\/v2\/pages\/16556600\/revisions"}],"wp:featuredmedia":[{"embeddable":true,"href":"https:\/\/myallmeeting.com\/pl\/wp-json\/wp\/v2\/media\/16556602"}],"wp:attachment":[{"href":"https:\/\/myallmeeting.com\/pl\/wp-json\/wp\/v2\/media?parent=16556600"}],"curies":[{"name":"wp","href":"https:\/\/api.w.org\/{rel}","templated":true}]}}