{"id":4173,"date":"2016-03-17T16:48:10","date_gmt":"2016-03-17T15:48:10","guid":{"rendered":"https:\/\/myallmeeting.com\/?page_id=4173"},"modified":"2025-11-27T13:52:01","modified_gmt":"2025-11-27T12:52:01","slug":"reunion-a-bordeaux","status":"publish","type":"page","link":"https:\/\/myallmeeting.com\/it\/reunion-a-bordeaux\/","title":{"rendered":"Votre r\u00e9union \/ s\u00e9minaire \u00e0 Bordeaux"},"content":{"rendered":"<!-- START OF : Composant : block-periscope-theme-section-composant-30-texte-image-citation.php -->\n<div class=\"tic position-relative fs-wysiwyg pt-9 mb-5 mb-lg-22\" data-component=\"30-texte-image-citation\">\n\t<div class=\"container-fluid\" style=\"--bs-gutter-x: 0\">\n\t\t<div class=\"row\" style=\"--bs-gutter-x: 0\">\n\t\t\t<div class=\"col-lg-6 offset-lg-1\"> \n\t\t\t\t<div class=\"tic__top__img position-relative me-2 me-lg-0\">\n\t\t\t\t\t\t\t\t\t\t<img decoding=\"async\" src=\"https:\/\/myallmeeting.com\/wp-content\/uploads\/2025\/11\/Photo-principales-pages-villes-29-932x645.png\" alt=\"\" width=\"932\" height=\"562\" loading=\"lazy\" class=\"w-100\" \/>\n\t\t\t\t\t\t\t\t\t\t<div class=\"position-absolute text-white z-1 text-center t-0 l-0 w-100 p-4 pt-lg-8 pe-lg-20\">\n\t\t\t\t\t\t\t\t\t\t\t\t\t\t\t\t\t<\/div>\n\t\t\t\t<\/div>\n\t\t\t<\/div>\n\t\t\t<div class=\"col-lg-4\">\n\t\t\t\t<div class=\"tic__content position-relative bg-white pt-2 pb-0 px-2 py-lg-7 py-xl-9 px-lg-5 px-xl-10 pt-lg-9\">\n\t\t\t\t\t\t\t\t\t\t\t\t\t\t\t<div class=\"tic__content__titre unna fs-32 fs-xl-60 text-primary lh-xs mb-2 mb-lg-3 mb-xl-5\">Bordeaux, une destination d\u2019exception pour vos r\u00e9unions et s\u00e9minaires<\/div>\n\t\t\t\t\t\t\t\t\t\t\t\t\t\t\t<div class=\"fs-lg-13 fs-xl-18 mb-4 mb-xl-7 lh-sm\"><p>Nich\u00e9e entre <span data-question=\"Quels sont les vignobles les plus r\u00e9put\u00e9s autour de Bordeaux accessibles depuis le centre-ville ?\" class=\"followup-block followup-block-hidden cursor-pointer outline-none static inline group-hover\/message:[--hover-opacity:1]\" type=\"button\" aria-haspopup=\"dialog\" aria-expanded=\"false\" aria-controls=\"radix-_r_82_\" data-state=\"closed\" tabindex=\"0\"><span>vignobles prestigieux et architecture classique<\/span><\/span>, Bordeaux s\u2019impose comme une destination de choix pour organiser vos r\u00e9unions et s\u00e9minaires. Avec un portefeuille de marques allant de l\u2019\u00e9conomique au luxe, nos h\u00f4tels vous proposent des espaces adapt\u00e9s \u00e0 chaque projet, dans une ville o\u00f9 tradition et modernit\u00e9 se rencontrent. Capitale mondiale du vin et p\u00f4le \u00e9conomique dynamique, Bordeaux allie accessibilit\u00e9, infrastructures de pointe et cadre inspirant pour r\u00e9pondre \u00e0 tous vos besoins MICE. Ici, les id\u00e9es naissent entre les fa\u00e7ades du XVIIIe si\u00e8cle, les d\u00e9cisions se prennent dans des salons \u00e9l\u00e9gants, et les pauses r\u00e9seau se d\u00e9roulent sur des terrasses avec vue sur la Garonne.<\/p>\n<\/div>\n\t\t\t\t\t\t\t\t\t\t\t\t\t\t<\/div>\n\t\t\t<\/div>\n\t\t<\/div>\n\t<\/div>\n\t<div class=\"tic__blank bg-white pt-8 pt-lg-0\">\t\t\n\t\t<div class=\"container-fluid\" style=\"--bs-gutter-x: 0\">\n\t\t\t<div class=\"row\" style=\"--bs-gutter-x: 0\">\n\t\t\t\t<div class=\"col-lg-6\">\n\t\t\t\t\t<div class=\"tic__bottom position-relative bg-primary text-secondary pt-4 pb-5\">\n\t\t\t\t\t\t<div class=\"d-flex gap-1 gap-md-4\">\n\t\t\t\t\t\t\t<div class=\"tic__bottom__imgs d-flex flex-shrink-0 align-items-center\">\n\t\t\t\t\t\t\t\t\t\t\t\t\t\t\t\t<img decoding=\"async\" src=\"https:\/\/myallmeeting.com\/wp-content\/uploads\/2025\/11\/Photo-temoignage-6.png\" class=\"tic__bottom__img tic__bottom__img--1 of-cover rounded-3 opacity-50\" alt=\"\" width=\"192\" height=\"346\" loading=\"lazy\" \/>\n\t\t\t\t\t\t\t\t\t\t\t\t\t\t\t\t\t\t\t\t\t\t\t\t<img decoding=\"async\" src=\"https:\/\/myallmeeting.com\/wp-content\/uploads\/2025\/11\/Photo-temoignage-7.png\" class=\"tic__bottom__img tic__bottom__img--2 of-cover rounded-3 z-1\" alt=\"\" width=\"192\" height=\"346\" loading=\"lazy\" \/>\n\t\t\t\t\t\t\t\t\t\t\t\t\t\t\t<\/div>\n\t\t\t\t\t\t\t<div class=\"tic__bottom__quote text-secondary lh-xs\">\n\t\t\t\t\t\t\t\t\t\t\t\t\t\t\t\t<div class=\"unna fs-18 fs-lg-19 fs-xl-30 mb-2 mb-xl-3\">Des lieux embl\u00e9matiques pour des \u00e9changes productifs <\/div>\n\t\t\t\t\t\t\t\t\t\t\t\t\t\t\t\t\t\t\t\t\t\t\t\t\t\t\t\t\t\t\t<\/div>\n\t\t\t\t\t\t<\/div>\n\t\t\t\t\t\t\t\t\t\t\t<\/div>\n\t\t\t\t<\/div>\n\t\t\t<\/div>\n\t\t<\/div>\n\t<\/div>\n<\/div>\n<!-- END OF : Composant : block-periscope-theme-section-composant-30-texte-image-citation.php -->\n\n\n<!-- START OF : Composant : block-periscope-theme-section-composant-31-bloc-image-cta.php -->\n\t<div class=\"icta position-relative fs-wysiwyg icta--reverse\" data-component=\"31-bloc-image-cta\" data-reverse=\"oui\">\n\t\t<div class=\"container-fluid\">\n\t\t\t<div class=\"row\">\n\t\t\t\t<div class=\"col-lg-5 offset-lg-1 d-lg-flex\"> \n\t\t\t\t\t<div class=\"icta__content position-relative bg-white pt-2 pb-2 px-2 pb-lg-0 pt-lg-7 pt-xl-9 px-lg-7 px-xl-10 mt-lg-9 z-1\">\n\t\t\t\t\t\t\t\t\t\t\t\t\t\t\t\t\t\t<div class=\"unna fs-32 fs-lg-39 fs-xl-60 text-primary lh-xs mb-2 mb-xl-5\">Des lieux embl\u00e9matiques pour des \u00e9changes productifs<\/div>\n\t\t\t\t\t\t\t\t\t\t\t\t\t\t\t\t\t\t\t<div class=\"fs-lg-15 fs-xl-18 lh-sm \"><p>Bordeaux regorge de salles de r\u00e9union modernes et d\u2019espaces modulables, au sein m\u00eame de nos h\u00f4tels. Imaginez vos ateliers strat\u00e9giques dans un h\u00f4tel design du <span data-question=\"Pourquoi le quartier des Chartrons est-il un lieu privil\u00e9gi\u00e9 pour h\u00e9berger des groupes professionnels \u00e0 Bordeaux ?\" class=\"followup-block followup-block-hidden cursor-pointer outline-none static inline group-hover\/message:[--hover-opacity:1]\" type=\"button\" aria-haspopup=\"dialog\" aria-expanded=\"false\" aria-controls=\"radix-_r_83_\" data-state=\"closed\" tabindex=\"0\"><span>quartier des Chartrons<\/span><\/span>, ou vos brainstormings dans un \u00e9tablissement contemporain pr\u00e8s de la place de la Bourse. Chaque lieu est une invitation \u00e0 la cr\u00e9ativit\u00e9, avec des \u00e9quipements high-tech et des services sur mesure pour garantir le succ\u00e8s de vos \u00e9v\u00e9nements. <strong>Nos h\u00f4tels<\/strong>, comme le <strong>Pullman Bordeaux Lac<\/strong> ou le <strong>Mercure Bordeaux Centre Ville<\/strong>, offrent des espaces adapt\u00e9s \u00e0 toutes les tailles de groupes, avec une vue imprenable sur la ville ou les vignobles environnants.<\/p>\n<\/div>\n\t\t\t\t\t\t\t\t\t\t\t\t\t\t\t\t\t<\/div>\n\t\t\t\t<\/div>\n\t\t\t\t\t\t\t\t<div class=\"col-lg-5 order-first order-lg-last\">\n\t\t\t\t\t<div class=\"icta__top__img h-100 position-relative me-2 me-lg-0\">\n\t\t\t\t\t\t<img decoding=\"async\" src=\"https:\/\/myallmeeting.com\/wp-content\/uploads\/2025\/11\/Photo-principales-pages-villes-30-1-932x645.png\" alt=\"\" width=\"932\" height=\"562\" loading=\"lazy\" \/>\n\t\t\t\t\t\t<div class=\"position-absolute text-white z-1 text-center t-0 l-0 w-100 pt-4 pt-lg-8\">\n\t\t\t\t\t\t\t\t\t\t\t\t\t\t\t\t\t\t<\/div>\n\t\t\t\t\t<\/div>\n\t\t\t\t<\/div>\n\t\t\t\t\t\t\t<\/div>\n\t\t<\/div>\n\t<\/div>\n<!-- END OF : Composant : block-periscope-theme-section-composant-31-bloc-image-cta.php -->\n\n\n<!-- START OF : Composant : block-periscope-theme-section-composant-31-bloc-image-cta.php -->\n\t<div class=\"icta position-relative fs-wysiwyg\" data-component=\"31-bloc-image-cta\" data-reverse=\"non\">\n\t\t<div class=\"container-fluid\">\n\t\t\t<div class=\"row\">\n\t\t\t\t\t\t\t\t<div class=\"col-lg-6 offset-lg-1\"> \n\t\t\t\t\t<div class=\"icta__top__img h-100 position-relative me-2 me-lg-0\">\n\t\t\t\t\t\t<img decoding=\"async\" src=\"https:\/\/myallmeeting.com\/wp-content\/uploads\/2025\/11\/Photo-principales-pages-villes-31-932x645.png\" alt=\"\" width=\"932\" height=\"562\" loading=\"lazy\" \/>\n\t\t\t\t\t\t<div class=\"position-absolute text-white z-1 text-center t-0 l-0 w-100 pt-4 pt-lg-8\">\n\t\t\t\t\t\t\t\t\t\t\t\t\t\t\t\t\t\t<\/div>\n\t\t\t\t\t<\/div>\n\t\t\t\t<\/div>\n\t\t\t\t\t\t\t\t<div class=\"col-lg-4 d-lg-flex\">\n\t\t\t\t\t<div class=\"icta__content position-relative bg-white pt-2 pb-2 px-2 pb-lg-0 pt-lg-7 pt-xl-9 px-lg-7 px-xl-10 mt-lg-9\">\n\t\t\t\t\t\t\t\t\t\t\t\t\t\t\t\t\t\t<div class=\"unna fs-32 fs-lg-39 fs-xl-60 text-primary lh-xs mb-2 mb-xl-5\">Une logistique simplifi\u00e9e avec My All Meeting<\/div>\n\t\t\t\t\t\t\t\t\t\t\t\t\t\t\t\t\t\t<div class=\"fs-lg-15 fs-xl-18 lh-sm \"><p>Avec My All Meeting, b\u00e9n\u00e9ficiez d\u2019un accompagnement personnalis\u00e9 pour organiser vos r\u00e9unions et s\u00e9minaires \u00e0 Bordeaux. Nous vous aidons \u00e0 choisir le lieu id\u00e9al parmi nos h\u00f4tels, \u00e0 g\u00e9rer les r\u00e9servations, et \u00e0 coordonner les prestataires locaux, pour que vous puissiez vous concentrer sur l\u2019essentiel : la r\u00e9ussite de vos objectifs. Profitez de notre expertise pour transformer vos \u00e9v\u00e9nements en exp\u00e9riences \u00e0 la fois productives et m\u00e9morables, o\u00f9 l\u2019excellence des services rencontre l\u2019art de vivre bordelais.<\/p>\n<\/div>\n\t\t\t\t\t\t\t\t\t\t\t\t\t\t\t\t\t<\/div>\n\t\t\t\t<\/div>\n\t\t\t<\/div>\n\t\t<\/div>\n\t<\/div>\n<!-- END OF : Composant : block-periscope-theme-section-composant-31-bloc-image-cta.php -->\n\n\n<!-- START OF : Composant : block-periscope-theme-section-composant-05-moteur.php -->\n\n\n<input type=\"hidden\" id=\"search-engine.search_url\" value=\"https:\/\/myallmeeting.com\/it\/il-vostro-progetto\/#search-engine\" \/>\n<input type=\"hidden\" id=\"search-engine.anchor\" value=\"search-engine\" \/>\n<input type=\"hidden\" id=\"search-engine.gmaps_token\" value=\"AIzaSyDB40FZ7x-OURCjwxt35ll3WogU24K_hyE\" \/>\n<input type=\"hidden\" id=\"search-engine.language_code\" value=\"it,en\" \/>\n<input type=\"hidden\" id=\"search-engine.language_code_2\" value=\"it\" \/>\n<input type=\"hidden\" id=\"search-engine.filter_ids\" value=\"B3F7,B7G5,C1R6,1810,0551,1281,7385,5067,6312,1561,3085,2576,A547,6643,8385,0356,0950,6177,7368,9922,2419,0669,1023,0403\" \/>\n<input type=\"hidden\" id=\"search-engine.display_mode\" value=\"pre-filtered-button-only\" \/>\n\n<input type=\"hidden\" id=\"search-engine.aid\" value=\"\" \/>\n<input type=\"hidden\" id=\"search-engine.address\" value=\"\" \/>\n<input type=\"hidden\" id=\"search-engine.distance\" value=\"\" \/>\n<input type=\"hidden\" id=\"search-engine.nb_persons\" value=\"\" \/>\n<input type=\"hidden\" id=\"search-engine.nb_meeting\" value=\"\" \/>\n<input type=\"hidden\" id=\"search-engine.nb_rooms\" value=\"\" \/>\n<input type=\"hidden\" id=\"search-engine.date\" value=\"\" \/>\n<input type=\"hidden\" id=\"search-engine.duration\" value=\"\" \/>\n\n<div id=\"search\" class=\"eventsearch\" data-component=\"05-moteur-recherche-event\">\n\t<div class=\"container\">\n\t\t<div class=\"row\">\n\t\t\t<div class=\"px-0 ms-auto me-auto\" style=\"max-width:1546px\">\n\t\t\t\t<div class=\"bg-transparent mb-0 rounded-5 py-2 px-3 p-lg-4\">\n\t\t\t\t\t<div id=\"search-engine\" class =\"pre-filtered-button-only\"><\/div>\n\t\t\t\t<\/div>\n\t\t\t<\/div>\n\t\t<\/div>\n\t<\/div>\n<\/div>\n<!--<div>PHP processing Time: 0.023328065872192<\/div>!-->\n<!-- END OF : Composant : block-periscope-theme-section-composant-05-moteur.php -->\n\n\n<!-- START OF : Composant : block-periscope-theme-section-composant-14-carte-resultats.php -->\n<input type=\"hidden\" id=\"map.data-map-key\" value=\"AIzaSyDB40FZ7x-OURCjwxt35ll3WogU24K_hyE\">\n<input type=\"hidden\" id=\"map.data-map-language\" value=\"it,en\">\n<div id=\"search-map-results\" data-load-mode=\"synchronous\"><\/div>\n<div class=\"modal fade\" id=\"hotel-popin\">\n\t<div class=\"modal-dialog\">\n\t\t<div class=\"modal-inner\">\n\t\t\t<div class=\"modal-header\">\n\t\t\t\t<button type=\"button\" class=\"close\" data-bs-dismiss=\"modal\">\n\t\t\t\t\t<svg width=\"16\" height=\"16\" aria-hidden=\"true\">\n\t\t\t\t\t\t<use xlink:href=\"https:\/\/myallmeeting.com\/wp-content\/themes\/accor\/assets\/images\/sprite.svg#btn-close-white\"><\/use>\n\t\t\t\t\t<\/svg>\n\t\t\t\t\t<span>Fermer<\/span>\n\t\t\t\t<\/button>\n\t\t\t<\/div>\n\t\t\t<div class=\"modal-body\"><\/div>\n\t\t<\/div>\n\t<\/div>\n<\/div>\n<!-- END OF : Composant : block-periscope-theme-section-composant-14-carte-resultats.php -->\n","protected":false},"excerpt":{"rendered":"","protected":false},"author":2,"featured_media":33562389,"parent":0,"menu_order":0,"comment_status":"closed","ping_status":"closed","template":"","meta":{"_acf_changed":true,"footnotes":""},"class_list":["post-4173","page","type-page","status-publish","has-post-thumbnail","hentry"],"acf":[],"yoast_head":"<title>Votre r\u00e9union \/ s\u00e9minaire \u00e0 Bordeaux - Accor MyAllMeeting.com<\/title>\n<meta name=\"description\" content=\"Avec MyAllMeeting.com, choisissez l&#039;adresse id\u00e9ale AccorHotels qui accueillera votre prochain s\u00e9minaire ou r\u00e9union \u00e0 Bordeaux !\" \/>\n<meta name=\"robots\" content=\"index, follow, max-snippet:-1, max-image-preview:large, max-video-preview:-1\" \/>\n<link rel=\"canonical\" href=\"https:\/\/myallmeeting.com\/it\/wp-json\/wp\/v2\/pages\/4173\" \/>\n<meta property=\"og:locale\" content=\"it_IT\" \/>\n<meta property=\"og:type\" content=\"article\" \/>\n<meta property=\"og:title\" content=\"Votre r\u00e9union \/ s\u00e9minaire \u00e0 Bordeaux - Accor MyAllMeeting.com\" \/>\n<meta property=\"og:description\" content=\"Avec MyAllMeeting.com, choisissez l&#039;adresse id\u00e9ale AccorHotels qui accueillera votre prochain s\u00e9minaire ou r\u00e9union \u00e0 Bordeaux !\" \/>\n<meta property=\"og:url\" content=\"https:\/\/myallmeeting.com\/it\/reunion-a-bordeaux\/\" \/>\n<meta property=\"og:site_name\" content=\"Accor MyAllMeeting.com\" \/>\n<meta property=\"article:modified_time\" content=\"2025-11-27T12:52:01+00:00\" \/>\n<meta property=\"og:image\" content=\"https:\/\/myallmeeting.com\/wp-content\/uploads\/2025\/11\/Image-banniere-23.png\" \/>\n\t<meta property=\"og:image:width\" content=\"1920\" \/>\n\t<meta property=\"og:image:height\" content=\"570\" \/>\n\t<meta property=\"og:image:type\" content=\"image\/png\" \/>\n<meta name=\"twitter:card\" content=\"summary_large_image\" \/>\n<meta name=\"twitter:label1\" content=\"Est. reading time\" \/>\n\t<meta name=\"twitter:data1\" content=\"3 minutes\" \/>\n<script type=\"application\/ld+json\" class=\"yoast-schema-graph\">{\"@context\":\"https:\/\/schema.org\",\"@graph\":[{\"@type\":\"WebPage\",\"@id\":\"https:\/\/myallmeeting.com\/it\/reunion-a-bordeaux\/\",\"url\":\"https:\/\/myallmeeting.com\/it\/reunion-a-bordeaux\/\",\"name\":\"Votre r\u00e9union \/ s\u00e9minaire \u00e0 Bordeaux - Accor MyAllMeeting.com\",\"isPartOf\":{\"@id\":\"https:\/\/www.myallmeeting.com\/it\/#website\"},\"primaryImageOfPage\":{\"@id\":\"https:\/\/myallmeeting.com\/it\/reunion-a-bordeaux\/#primaryimage\"},\"image\":{\"@id\":\"https:\/\/myallmeeting.com\/it\/reunion-a-bordeaux\/#primaryimage\"},\"thumbnailUrl\":\"https:\/\/myallmeeting.com\/wp-content\/uploads\/2025\/11\/Image-banniere-23.png\",\"datePublished\":\"2016-03-17T15:48:10+00:00\",\"dateModified\":\"2025-11-27T12:52:01+00:00\",\"description\":\"Avec MyAllMeeting.com, choisissez l'adresse id\u00e9ale AccorHotels qui accueillera votre prochain s\u00e9minaire ou r\u00e9union \u00e0 Bordeaux !\",\"breadcrumb\":{\"@id\":\"https:\/\/myallmeeting.com\/it\/reunion-a-bordeaux\/#breadcrumb\"},\"inLanguage\":\"it-IT\",\"potentialAction\":[{\"@type\":\"ReadAction\",\"target\":[\"https:\/\/myallmeeting.com\/it\/reunion-a-bordeaux\/\"]}]},{\"@type\":\"ImageObject\",\"inLanguage\":\"it-IT\",\"@id\":\"https:\/\/myallmeeting.com\/it\/reunion-a-bordeaux\/#primaryimage\",\"url\":\"https:\/\/myallmeeting.com\/wp-content\/uploads\/2025\/11\/Image-banniere-23.png\",\"contentUrl\":\"https:\/\/myallmeeting.com\/wp-content\/uploads\/2025\/11\/Image-banniere-23.png\",\"width\":1920,\"height\":570},{\"@type\":\"BreadcrumbList\",\"@id\":\"https:\/\/myallmeeting.com\/it\/reunion-a-bordeaux\/#breadcrumb\",\"itemListElement\":[{\"@type\":\"ListItem\",\"position\":1,\"name\":\"Pagina iniziale\",\"item\":\"https:\/\/myallmeeting.com\/it\/\"},{\"@type\":\"ListItem\",\"position\":2,\"name\":\"Votre r\u00e9union \/ s\u00e9minaire \u00e0 Bordeaux\"}]},{\"@type\":\"WebSite\",\"@id\":\"https:\/\/www.myallmeeting.com\/it\/#website\",\"url\":\"https:\/\/www.myallmeeting.com\/it\/\",\"name\":\"Accor MyAllMeeting.com\",\"description\":\"Les Meilleurs lieux pour vos Ev\u00e9nements Professionnels\",\"publisher\":{\"@id\":\"https:\/\/www.myallmeeting.com\/it\/#organization\"},\"potentialAction\":[{\"@type\":\"SearchAction\",\"target\":{\"@type\":\"EntryPoint\",\"urlTemplate\":\"https:\/\/www.myallmeeting.com\/it\/?s={search_term_string}\"},\"query-input\":{\"@type\":\"PropertyValueSpecification\",\"valueRequired\":true,\"valueName\":\"search_term_string\"}}],\"inLanguage\":\"it-IT\"},{\"@type\":\"Organization\",\"@id\":\"https:\/\/www.myallmeeting.com\/it\/#organization\",\"name\":\"ACCOR\",\"url\":\"https:\/\/www.myallmeeting.com\/it\/\",\"logo\":{\"@type\":\"ImageObject\",\"inLanguage\":\"it-IT\",\"@id\":\"https:\/\/www.myallmeeting.com\/it\/#\/schema\/logo\/image\/\",\"url\":\"\",\"contentUrl\":\"\",\"caption\":\"ACCOR\"},\"image\":{\"@id\":\"https:\/\/www.myallmeeting.com\/it\/#\/schema\/logo\/image\/\"}}]}<\/script>","yoast_head_json":{"title":"Votre r\u00e9union \/ s\u00e9minaire \u00e0 Bordeaux - Accor MyAllMeeting.com","description":"Avec MyAllMeeting.com, choisissez l'adresse id\u00e9ale AccorHotels qui accueillera votre prochain s\u00e9minaire ou r\u00e9union \u00e0 Bordeaux !","robots":{"index":"index","follow":"follow","max-snippet":"max-snippet:-1","max-image-preview":"max-image-preview:large","max-video-preview":"max-video-preview:-1"},"canonical":"https:\/\/myallmeeting.com\/it\/wp-json\/wp\/v2\/pages\/4173","og_locale":"it_IT","og_type":"article","og_title":"Votre r\u00e9union \/ s\u00e9minaire \u00e0 Bordeaux - Accor MyAllMeeting.com","og_description":"Avec MyAllMeeting.com, choisissez l'adresse id\u00e9ale AccorHotels qui accueillera votre prochain s\u00e9minaire ou r\u00e9union \u00e0 Bordeaux !","og_url":"https:\/\/myallmeeting.com\/it\/reunion-a-bordeaux\/","og_site_name":"Accor MyAllMeeting.com","article_modified_time":"2025-11-27T12:52:01+00:00","og_image":[{"width":1920,"height":570,"url":"https:\/\/myallmeeting.com\/wp-content\/uploads\/2025\/11\/Image-banniere-23.png","type":"image\/png"}],"twitter_card":"summary_large_image","twitter_misc":{"Est. reading time":"3 minutes"},"schema":{"@context":"https:\/\/schema.org","@graph":[{"@type":"WebPage","@id":"https:\/\/myallmeeting.com\/it\/reunion-a-bordeaux\/","url":"https:\/\/myallmeeting.com\/it\/reunion-a-bordeaux\/","name":"Votre r\u00e9union \/ s\u00e9minaire \u00e0 Bordeaux - Accor MyAllMeeting.com","isPartOf":{"@id":"https:\/\/www.myallmeeting.com\/it\/#website"},"primaryImageOfPage":{"@id":"https:\/\/myallmeeting.com\/it\/reunion-a-bordeaux\/#primaryimage"},"image":{"@id":"https:\/\/myallmeeting.com\/it\/reunion-a-bordeaux\/#primaryimage"},"thumbnailUrl":"https:\/\/myallmeeting.com\/wp-content\/uploads\/2025\/11\/Image-banniere-23.png","datePublished":"2016-03-17T15:48:10+00:00","dateModified":"2025-11-27T12:52:01+00:00","description":"Avec MyAllMeeting.com, choisissez l'adresse id\u00e9ale AccorHotels qui accueillera votre prochain s\u00e9minaire ou r\u00e9union \u00e0 Bordeaux !","breadcrumb":{"@id":"https:\/\/myallmeeting.com\/it\/reunion-a-bordeaux\/#breadcrumb"},"inLanguage":"it-IT","potentialAction":[{"@type":"ReadAction","target":["https:\/\/myallmeeting.com\/it\/reunion-a-bordeaux\/"]}]},{"@type":"ImageObject","inLanguage":"it-IT","@id":"https:\/\/myallmeeting.com\/it\/reunion-a-bordeaux\/#primaryimage","url":"https:\/\/myallmeeting.com\/wp-content\/uploads\/2025\/11\/Image-banniere-23.png","contentUrl":"https:\/\/myallmeeting.com\/wp-content\/uploads\/2025\/11\/Image-banniere-23.png","width":1920,"height":570},{"@type":"BreadcrumbList","@id":"https:\/\/myallmeeting.com\/it\/reunion-a-bordeaux\/#breadcrumb","itemListElement":[{"@type":"ListItem","position":1,"name":"Pagina iniziale","item":"https:\/\/myallmeeting.com\/it\/"},{"@type":"ListItem","position":2,"name":"Votre r\u00e9union \/ s\u00e9minaire \u00e0 Bordeaux"}]},{"@type":"WebSite","@id":"https:\/\/www.myallmeeting.com\/it\/#website","url":"https:\/\/www.myallmeeting.com\/it\/","name":"Accor MyAllMeeting.com","description":"Les Meilleurs lieux pour vos Ev\u00e9nements Professionnels","publisher":{"@id":"https:\/\/www.myallmeeting.com\/it\/#organization"},"potentialAction":[{"@type":"SearchAction","target":{"@type":"EntryPoint","urlTemplate":"https:\/\/www.myallmeeting.com\/it\/?s={search_term_string}"},"query-input":{"@type":"PropertyValueSpecification","valueRequired":true,"valueName":"search_term_string"}}],"inLanguage":"it-IT"},{"@type":"Organization","@id":"https:\/\/www.myallmeeting.com\/it\/#organization","name":"ACCOR","url":"https:\/\/www.myallmeeting.com\/it\/","logo":{"@type":"ImageObject","inLanguage":"it-IT","@id":"https:\/\/www.myallmeeting.com\/it\/#\/schema\/logo\/image\/","url":"","contentUrl":"","caption":"ACCOR"},"image":{"@id":"https:\/\/www.myallmeeting.com\/it\/#\/schema\/logo\/image\/"}}]}},"_links":{"self":[{"href":"https:\/\/myallmeeting.com\/it\/wp-json\/wp\/v2\/pages\/4173","targetHints":{"allow":["GET"]}}],"collection":[{"href":"https:\/\/myallmeeting.com\/it\/wp-json\/wp\/v2\/pages"}],"about":[{"href":"https:\/\/myallmeeting.com\/it\/wp-json\/wp\/v2\/types\/page"}],"author":[{"embeddable":true,"href":"https:\/\/myallmeeting.com\/it\/wp-json\/wp\/v2\/users\/2"}],"replies":[{"embeddable":true,"href":"https:\/\/myallmeeting.com\/it\/wp-json\/wp\/v2\/comments?post=4173"}],"version-history":[{"count":0,"href":"https:\/\/myallmeeting.com\/it\/wp-json\/wp\/v2\/pages\/4173\/revisions"}],"wp:featuredmedia":[{"embeddable":true,"href":"https:\/\/myallmeeting.com\/it\/wp-json\/wp\/v2\/media\/33562389"}],"wp:attachment":[{"href":"https:\/\/myallmeeting.com\/it\/wp-json\/wp\/v2\/media?parent=4173"}],"curies":[{"name":"wp","href":"https:\/\/api.w.org\/{rel}","templated":true}]}}