{"id":2778,"date":"2016-02-27T16:59:48","date_gmt":"2016-02-27T15:59:48","guid":{"rendered":"https:\/\/myallmeeting.com\/?page_id=2778"},"modified":"2017-07-06T17:40:17","modified_gmt":"2017-07-06T15:40:17","slug":"mercure","status":"publish","type":"page","link":"https:\/\/myallmeeting.com\/it\/mercure\/","title":{"rendered":"Mercure"},"content":{"rendered":"","protected":false},"excerpt":{"rendered":"","protected":false},"author":1,"featured_media":0,"parent":0,"menu_order":0,"comment_status":"closed","ping_status":"closed","template":"","meta":{"_acf_changed":false,"footnotes":""},"class_list":["post-2778","page","type-page","status-publish","hentry"],"acf":[],"yoast_head":"<title>H\u00f4tels Mercure : solutions faciles pour vos r\u00e9unions et s\u00e9minaires<\/title>\n<meta name=\"description\" content=\"Optez pour les solutions Business Time+ et Easy Work by Mercure des h\u00f4tels Mercure pour l&#039;organisation de vos r\u00e9unions et rendez-vous professionnels.\" \/>\n<meta name=\"robots\" content=\"index, follow, max-snippet:-1, max-image-preview:large, max-video-preview:-1\" \/>\n<link rel=\"canonical\" href=\"https:\/\/myallmeeting.com\/it\/wp-json\/wp\/v2\/pages\/2778\" \/>\n<meta property=\"og:locale\" content=\"it_IT\" \/>\n<meta property=\"og:type\" content=\"article\" \/>\n<meta property=\"og:title\" content=\"H\u00f4tels Mercure : solutions faciles pour vos r\u00e9unions et s\u00e9minaires\" \/>\n<meta property=\"og:description\" content=\"Optez pour les solutions Business Time+ et Easy Work by Mercure des h\u00f4tels Mercure pour l&#039;organisation de vos r\u00e9unions et rendez-vous professionnels.\" \/>\n<meta property=\"og:url\" content=\"https:\/\/myallmeeting.com\/it\/mercure\/\" \/>\n<meta property=\"og:site_name\" content=\"Accor MyAllMeeting.com\" \/>\n<meta property=\"article:modified_time\" content=\"2017-07-06T15:40:17+00:00\" \/>\n<meta name=\"twitter:card\" content=\"summary_large_image\" \/>\n<script type=\"application\/ld+json\" class=\"yoast-schema-graph\">{\"@context\":\"https:\/\/schema.org\",\"@graph\":[{\"@type\":\"WebPage\",\"@id\":\"https:\/\/myallmeeting.com\/it\/mercure\/\",\"url\":\"https:\/\/myallmeeting.com\/it\/mercure\/\",\"name\":\"H\u00f4tels Mercure : solutions faciles pour vos r\u00e9unions et s\u00e9minaires\",\"isPartOf\":{\"@id\":\"https:\/\/www.myallmeeting.com\/it\/#website\"},\"datePublished\":\"2016-02-27T15:59:48+00:00\",\"dateModified\":\"2017-07-06T15:40:17+00:00\",\"description\":\"Optez pour les solutions Business Time+ et Easy Work by Mercure des h\u00f4tels Mercure pour l'organisation de vos r\u00e9unions et rendez-vous professionnels.\",\"breadcrumb\":{\"@id\":\"https:\/\/myallmeeting.com\/it\/mercure\/#breadcrumb\"},\"inLanguage\":\"it-IT\",\"potentialAction\":[{\"@type\":\"ReadAction\",\"target\":[\"https:\/\/myallmeeting.com\/it\/mercure\/\"]}]},{\"@type\":\"BreadcrumbList\",\"@id\":\"https:\/\/myallmeeting.com\/it\/mercure\/#breadcrumb\",\"itemListElement\":[{\"@type\":\"ListItem\",\"position\":1,\"name\":\"Pagina iniziale\",\"item\":\"https:\/\/myallmeeting.com\/it\/\"},{\"@type\":\"ListItem\",\"position\":2,\"name\":\"Mercure\"}]},{\"@type\":\"WebSite\",\"@id\":\"https:\/\/www.myallmeeting.com\/it\/#website\",\"url\":\"https:\/\/www.myallmeeting.com\/it\/\",\"name\":\"Accor MyAllMeeting.com\",\"description\":\"Les Meilleurs lieux pour vos Ev\u00e9nements Professionnels\",\"publisher\":{\"@id\":\"https:\/\/www.myallmeeting.com\/it\/#organization\"},\"potentialAction\":[{\"@type\":\"SearchAction\",\"target\":{\"@type\":\"EntryPoint\",\"urlTemplate\":\"https:\/\/www.myallmeeting.com\/it\/?s={search_term_string}\"},\"query-input\":{\"@type\":\"PropertyValueSpecification\",\"valueRequired\":true,\"valueName\":\"search_term_string\"}}],\"inLanguage\":\"it-IT\"},{\"@type\":\"Organization\",\"@id\":\"https:\/\/www.myallmeeting.com\/it\/#organization\",\"name\":\"ACCOR\",\"url\":\"https:\/\/www.myallmeeting.com\/it\/\",\"logo\":{\"@type\":\"ImageObject\",\"inLanguage\":\"it-IT\",\"@id\":\"https:\/\/www.myallmeeting.com\/it\/#\/schema\/logo\/image\/\",\"url\":\"\",\"contentUrl\":\"\",\"caption\":\"ACCOR\"},\"image\":{\"@id\":\"https:\/\/www.myallmeeting.com\/it\/#\/schema\/logo\/image\/\"}}]}<\/script>","yoast_head_json":{"title":"H\u00f4tels Mercure : solutions faciles pour vos r\u00e9unions et s\u00e9minaires","description":"Optez pour les solutions Business Time+ et Easy Work by Mercure des h\u00f4tels Mercure pour l'organisation de vos r\u00e9unions et rendez-vous professionnels.","robots":{"index":"index","follow":"follow","max-snippet":"max-snippet:-1","max-image-preview":"max-image-preview:large","max-video-preview":"max-video-preview:-1"},"canonical":"https:\/\/myallmeeting.com\/it\/wp-json\/wp\/v2\/pages\/2778","og_locale":"it_IT","og_type":"article","og_title":"H\u00f4tels Mercure : solutions faciles pour vos r\u00e9unions et s\u00e9minaires","og_description":"Optez pour les solutions Business Time+ et Easy Work by Mercure des h\u00f4tels Mercure pour l'organisation de vos r\u00e9unions et rendez-vous professionnels.","og_url":"https:\/\/myallmeeting.com\/it\/mercure\/","og_site_name":"Accor MyAllMeeting.com","article_modified_time":"2017-07-06T15:40:17+00:00","twitter_card":"summary_large_image","schema":{"@context":"https:\/\/schema.org","@graph":[{"@type":"WebPage","@id":"https:\/\/myallmeeting.com\/it\/mercure\/","url":"https:\/\/myallmeeting.com\/it\/mercure\/","name":"H\u00f4tels Mercure : solutions faciles pour vos r\u00e9unions et s\u00e9minaires","isPartOf":{"@id":"https:\/\/www.myallmeeting.com\/it\/#website"},"datePublished":"2016-02-27T15:59:48+00:00","dateModified":"2017-07-06T15:40:17+00:00","description":"Optez pour les solutions Business Time+ et Easy Work by Mercure des h\u00f4tels Mercure pour l'organisation de vos r\u00e9unions et rendez-vous professionnels.","breadcrumb":{"@id":"https:\/\/myallmeeting.com\/it\/mercure\/#breadcrumb"},"inLanguage":"it-IT","potentialAction":[{"@type":"ReadAction","target":["https:\/\/myallmeeting.com\/it\/mercure\/"]}]},{"@type":"BreadcrumbList","@id":"https:\/\/myallmeeting.com\/it\/mercure\/#breadcrumb","itemListElement":[{"@type":"ListItem","position":1,"name":"Pagina iniziale","item":"https:\/\/myallmeeting.com\/it\/"},{"@type":"ListItem","position":2,"name":"Mercure"}]},{"@type":"WebSite","@id":"https:\/\/www.myallmeeting.com\/it\/#website","url":"https:\/\/www.myallmeeting.com\/it\/","name":"Accor MyAllMeeting.com","description":"Les Meilleurs lieux pour vos Ev\u00e9nements Professionnels","publisher":{"@id":"https:\/\/www.myallmeeting.com\/it\/#organization"},"potentialAction":[{"@type":"SearchAction","target":{"@type":"EntryPoint","urlTemplate":"https:\/\/www.myallmeeting.com\/it\/?s={search_term_string}"},"query-input":{"@type":"PropertyValueSpecification","valueRequired":true,"valueName":"search_term_string"}}],"inLanguage":"it-IT"},{"@type":"Organization","@id":"https:\/\/www.myallmeeting.com\/it\/#organization","name":"ACCOR","url":"https:\/\/www.myallmeeting.com\/it\/","logo":{"@type":"ImageObject","inLanguage":"it-IT","@id":"https:\/\/www.myallmeeting.com\/it\/#\/schema\/logo\/image\/","url":"","contentUrl":"","caption":"ACCOR"},"image":{"@id":"https:\/\/www.myallmeeting.com\/it\/#\/schema\/logo\/image\/"}}]}},"_links":{"self":[{"href":"https:\/\/myallmeeting.com\/it\/wp-json\/wp\/v2\/pages\/2778","targetHints":{"allow":["GET"]}}],"collection":[{"href":"https:\/\/myallmeeting.com\/it\/wp-json\/wp\/v2\/pages"}],"about":[{"href":"https:\/\/myallmeeting.com\/it\/wp-json\/wp\/v2\/types\/page"}],"author":[{"embeddable":true,"href":"https:\/\/myallmeeting.com\/it\/wp-json\/wp\/v2\/users\/1"}],"replies":[{"embeddable":true,"href":"https:\/\/myallmeeting.com\/it\/wp-json\/wp\/v2\/comments?post=2778"}],"version-history":[{"count":0,"href":"https:\/\/myallmeeting.com\/it\/wp-json\/wp\/v2\/pages\/2778\/revisions"}],"wp:attachment":[{"href":"https:\/\/myallmeeting.com\/it\/wp-json\/wp\/v2\/media?parent=2778"}],"curies":[{"name":"wp","href":"https:\/\/api.w.org\/{rel}","templated":true}]}}