{"id":16192549,"date":"2024-03-21T15:15:51","date_gmt":"2024-03-21T14:15:51","guid":{"rendered":"https:\/\/myallmeeting.com\/programme-de-fidelite\/"},"modified":"2025-09-11T09:54:57","modified_gmt":"2025-09-11T07:54:57","slug":"la-vostra-fedelta-e-stata-premiata","status":"publish","type":"page","link":"https:\/\/myallmeeting.com\/it\/la-vostra-fedelta-e-stata-premiata\/","title":{"rendered":"Il vostro programma fedelt\u00e0"},"content":{"rendered":"<!-- START OF : Composant : block-periscope-theme-section-composant-20-fidelite-avantages.php -->\n\n<div class=\"fidelite bg-white fs-wysiwyg\" data-component=\"20-fidelite-avantages\">\n\t<div class=\"text-center fs-28 fs-lg-32 fw-semibold ls--25 lh-xs mb-4 mb-lg-11\">Premiare la tua fedelt\u00e0 con il programma fedelt\u00e0 ALL Accor<\/div>\n\t\t<div class=\"container-fluid\" style=\"--bs-gutter-x: 0\">\n\t\t<div class=\"row\" style=\"--bs-gutter-x: 0\">\n\t\t\t<div class=\"col-lg-8\">\n\t\t\t\t\t\t\t\t\t<div class=\"fidelite__top__left\">\n\t\t\t\t\t\t<img decoding=\"async\" src=\"https:\/\/myallmeeting.com\/wp-content\/uploads\/2024\/07\/7033-51-1268x846.jpg\" class=\"pe-3 pe-lg-0\" width=\"1268\" height=\"846\" alt=\"\" loading=\"lazy\" \/>\n\t\t\t\t\t<\/div>\n\t\t\t\t\t\t\t<\/div>\n\t\t\t<div class=\"col-lg-4\">\n\t\t\t\t<div class=\"fidelite__top__right t-0 r-0 bg-primary text-white mt-lg-18 pt-4 pb-8 px-2 pt-lg-10 pb-lg-12 px-lg-11\">\n\t\t\t\t\t\t\n\t\t\t\t\t<div class=\"fidelite__date t-0 l-0 mb-2 text-secondary fw-semibold text-uppercase fs-10 fs-lg-15 fs-xl-19 fs-xxl-24 lh-xs\">PROGRAMMA FEDELT\u00c0 ALL ACCOR <\/div>\n\t\t\t\t\t\t\t\t\t\t\t\t\t\t\t<div class=\"unna fs-32 fs-lg-47 fs-xl-61 fs-xxl-75 lh-1 fs-italic fw-normal text-secondary pt-lg-1 mb-2 mb-lg-5\"> Vantaggi per te e la tua azienda<\/div>\n\t\t\t\t\t\t\t\t\t\t\t\t\t\t\t<div class=\"text-white fs-18 fs-lg-20 fs-xl-24 fs-xxl-26 lh-xs fw-semibold mb-4 mb-lg-9\">Il programma fedelt\u00e0 ALL Accor ti premia per ciascuno dei tuoi Meeting ed Eventi idonei. <\/div>\n\t\t\t\t\t\t\t\t\t\t\t\t\t\t\t<div class=\"mb-4 fs-wysiwyg fs-lg-20\"><p><span>Che tu stia organizzando una conferenza, un seminario o una festa privata, guadagnerai punti Ricompensa e Status sulle prenotazioni idonee, facendo di ogni evento un&#8217;opportunit\u00e0 per sblocarre ricompense preziose.\u00a0<\/span><\/p>\n<p><span>Questi punti possono essere riscattati per eventi futuri, upgrade di camera, sconti esclusivi e altri vantaggi pensati per migliorare i tuoi soggiorni e eventi.<\/span><\/p>\n<p>&nbsp;<\/p>\n<\/div>\n\t\t\t\t\t\t\t\t\t\t<div class=\"d-flex flex-column flex-lg-row gap-2 gap-xxl-6\">\n\t\t\t\t\t\t\t\t\t\t\t\t<a href=\"https:\/\/all.accor.com\/a\/de\/loyalty-program\/meetings-and-events.html\" class=\"btn btn-secondary btn-hover-translate-right align-items-center justify-content-center justify-content-lg-start gap-2 gap-lg-1 w-100 w-lg-auto\">\n\t\t\t\t\t\t\t<span>Diventa membro<\/span>\n\t\t\t\t\t\t\t<svg width=\"15\" height=\"20\" aria-hidden=\"true\">\n\t\t\t\t\t\t\t\t<use xlink:href=\"https:\/\/myallmeeting.com\/wp-content\/themes\/accor\/assets\/images\/sprite.svg#btn-arrow-white\"><\/use>\n\t\t\t\t\t\t\t<\/svg>\n\t\t\t\t\t\t<\/a>\n\t\t\t\t\t\t\t\t\t\t\t\t\t\t\t\t\t<\/div>\n\t\t\t\t<\/div>\n\t\t\t<\/div>\n\t\t<\/div>\n\t<\/div>\n\t<div class=\"container-fluid\">\n\t\t<div class=\"row\">\n\t\t\t<div class=\"col-lg-10 offset-lg-1\">\n\t\t\t\t<div class=\"fidelite__bottom pt-5 pt-lg-3 pb-lg-5 px-3 px-lg-0\">\n\t\t\t\t\t<div class=\"unna fs-36 fs-lg-70 lh-1 fs-italic fw-normal text-secondary mb-5\">I tuoi vantaggi<\/div>\n\t\t\t\t\t<div class=\"row\">\n\t\t\t\t\t\t\t\t\t\t\t\t\t\t\t\t\t\t\t\t\t<div class=\"col-lg-6 mb-6 mb-lg-7\">\n\t\t\t\t\t\t\t\t\t<div class=\"pe-lg-10\">\n\t\t\t\t\t\t\t\t\t\t<div class=\"fs-18 fs-lg-20 fs-xl-24 fs-xxl-26 fw-semibold lh-xs mb-2\">Ricompense generose e rapida progressione di status<\/div>\n\t\t\t\t\t\t\t\t\t\t<div class=\"fs-wysiwyg\">Per ogni 2 \u20ac spesi, ricevi 1 punto Ricompensa e 1 punto Status.<\/div>\n\t\t\t\t\t\t\t\t\t<\/div>\n\t\t\t\t\t\t\t\t<\/div>\n\t\t\t\t\t\t\t\t\t\t\t\t\t\t\t<div class=\"col-lg-6 mb-6 mb-lg-7\">\n\t\t\t\t\t\t\t\t\t<div class=\"pe-lg-10\">\n\t\t\t\t\t\t\t\t\t\t<div class=\"fs-18 fs-lg-20 fs-xl-24 fs-xxl-26 fw-semibold lh-xs mb-2\">Opzioni di ricompensa flessibili<\/div>\n\t\t\t\t\t\t\t\t\t\t<div class=\"fs-wysiwyg\">Riscatta i punti per sconti su eventi futuri, soggiorni, biglietti per concerti o persino donazioni benefiche. I tuoi punti, la tua scelta!<\/div>\n\t\t\t\t\t\t\t\t\t<\/div>\n\t\t\t\t\t\t\t\t<\/div>\n\t\t\t\t\t\t\t\t\t\t\t\t\t\t\t<div class=\"col-lg-6 mb-6 mb-lg-7\">\n\t\t\t\t\t\t\t\t\t<div class=\"pe-lg-10\">\n\t\t\t\t\t\t\t\t\t\t<div class=\"fs-18 fs-lg-20 fs-xl-24 fs-xxl-26 fw-semibold lh-xs mb-2\">Opportunit\u00e0 illimitate<\/div>\n\t\t\t\t\t\t\t\t\t\t<div class=\"fs-wysiwyg\">Organizza quanti eventi vuoi, non c\u2019\u00e8 limite al tuo potenziale di guadagno.<\/div>\n\t\t\t\t\t\t\t\t\t<\/div>\n\t\t\t\t\t\t\t\t<\/div>\n\t\t\t\t\t\t\t\t\t\t\t\t\t\t\t<div class=\"col-lg-6 mb-6 mb-lg-7\">\n\t\t\t\t\t\t\t\t\t<div class=\"pe-lg-10\">\n\t\t\t\t\t\t\t\t\t\t<div class=\"fs-18 fs-lg-20 fs-xl-24 fs-xxl-26 fw-semibold lh-xs mb-2\">Punti non scadono mai<\/div>\n\t\t\t\t\t\t\t\t\t\t<div class=\"fs-wysiwyg\">Basta organizzare un evento idoneo o un soggiorno entro 12 mesi per mantenere tutti i punti guadagnati.<\/div>\n\t\t\t\t\t\t\t\t\t<\/div>\n\t\t\t\t\t\t\t\t<\/div>\n\t\t\t\t\t\t\t\t\t\t\t\t\t\t\n\t\t\t\t\t<\/div>\n\t\t\t\t<\/div>\n\t\t\t<\/div>\n\t\t<\/div>\n\t<\/div>\n<\/div>\n\n\n\n<!-- END OF : Composant : block-periscope-theme-section-composant-20-fidelite-avantages.php -->\n\n\n<div class=\"container fs-wysiwyg mb-5\">\n<p class=\"has-text-align-center\" style=\"font-size:40px\">48 marchi per i vostri eventi<\/p>\n<\/div>\n\n<div class=\"container fs-wysiwyg mb-5\">\n<p><img decoding=\"async\" width=\"1500\" height=\"891\" class=\"wp-image-24094833\" style=\"width: 1500px;\" src=\"https:\/\/myallmeeting.com\/wp-content\/uploads\/2025\/09\/FRISE-ALL-ACCOR-MEETINGS-EVENTS-DIGITAL-5.jpg\" alt=\"\" srcset=\"https:\/\/myallmeeting.com\/wp-content\/uploads\/2025\/09\/FRISE-ALL-ACCOR-MEETINGS-EVENTS-DIGITAL-5.jpg 2404w, https:\/\/myallmeeting.com\/wp-content\/uploads\/2025\/09\/FRISE-ALL-ACCOR-MEETINGS-EVENTS-DIGITAL-5-480x285.jpg 480w, https:\/\/myallmeeting.com\/wp-content\/uploads\/2025\/09\/FRISE-ALL-ACCOR-MEETINGS-EVENTS-DIGITAL-5-1024x608.jpg 1024w, https:\/\/myallmeeting.com\/wp-content\/uploads\/2025\/09\/FRISE-ALL-ACCOR-MEETINGS-EVENTS-DIGITAL-5-1536x912.jpg 1536w, https:\/\/myallmeeting.com\/wp-content\/uploads\/2025\/09\/FRISE-ALL-ACCOR-MEETINGS-EVENTS-DIGITAL-5-2048x1217.jpg 2048w, https:\/\/myallmeeting.com\/wp-content\/uploads\/2025\/09\/FRISE-ALL-ACCOR-MEETINGS-EVENTS-DIGITAL-5-946x562.jpg 946w, https:\/\/myallmeeting.com\/wp-content\/uploads\/2025\/09\/FRISE-ALL-ACCOR-MEETINGS-EVENTS-DIGITAL-5-960x570.jpg 960w, https:\/\/myallmeeting.com\/wp-content\/uploads\/2025\/09\/FRISE-ALL-ACCOR-MEETINGS-EVENTS-DIGITAL-5-120x71.jpg 120w\" sizes=\"(max-width: 1500px) 100vw, 1500px\" \/><\/p>\n<\/div>","protected":false},"excerpt":{"rendered":"<p>48 marchi per i vostri eventi<\/p>\n","protected":false},"author":1,"featured_media":16231041,"parent":0,"menu_order":0,"comment_status":"closed","ping_status":"closed","template":"template-fidelite.php","meta":{"_acf_changed":true,"footnotes":""},"class_list":["post-16192549","page","type-page","status-publish","has-post-thumbnail","hentry"],"acf":[],"yoast_head":"<title>Programme de fid\u00e9lit\u00e9 Accor Meetings &amp; Events - MyALLMeeting<\/title>\n<meta name=\"description\" content=\"Si vous \u00eates un professionnel de l\u2019\u00e9v\u00e9nement, ne cherchez pas plus loin que ALL Meeting Planner pour r\u00e9compenser votre fid\u00e9lit\u00e9 !\" \/>\n<meta name=\"robots\" content=\"index, follow, max-snippet:-1, max-image-preview:large, max-video-preview:-1\" \/>\n<link rel=\"canonical\" href=\"https:\/\/myallmeeting.com\/it\/wp-json\/wp\/v2\/pages\/16192549\" \/>\n<meta property=\"og:locale\" content=\"it_IT\" \/>\n<meta property=\"og:type\" content=\"article\" \/>\n<meta property=\"og:title\" content=\"Programme de fid\u00e9lit\u00e9 Accor Meetings &amp; Events - MyALLMeeting\" \/>\n<meta property=\"og:description\" content=\"Si vous \u00eates un professionnel de l\u2019\u00e9v\u00e9nement, ne cherchez pas plus loin que ALL Meeting Planner pour r\u00e9compenser votre fid\u00e9lit\u00e9 !\" \/>\n<meta property=\"og:url\" content=\"https:\/\/myallmeeting.com\/it\/la-vostra-fedelta-e-stata-premiata\/\" \/>\n<meta property=\"og:site_name\" content=\"Accor MyAllMeeting.com\" \/>\n<meta property=\"article:modified_time\" content=\"2025-09-11T07:54:57+00:00\" \/>\n<meta property=\"og:image\" content=\"https:\/\/myallmeeting.com\/wp-content\/uploads\/2024\/08\/AMP-banniere.png\" \/>\n\t<meta property=\"og:image:width\" content=\"1920\" \/>\n\t<meta property=\"og:image:height\" content=\"570\" \/>\n\t<meta property=\"og:image:type\" content=\"image\/png\" \/>\n<meta name=\"twitter:card\" content=\"summary_large_image\" \/>\n<meta name=\"twitter:label1\" content=\"Est. reading time\" \/>\n\t<meta name=\"twitter:data1\" content=\"1 minute\" \/>\n<script type=\"application\/ld+json\" class=\"yoast-schema-graph\">{\"@context\":\"https:\/\/schema.org\",\"@graph\":[{\"@type\":\"WebPage\",\"@id\":\"https:\/\/myallmeeting.com\/it\/la-vostra-fedelta-e-stata-premiata\/\",\"url\":\"https:\/\/myallmeeting.com\/it\/la-vostra-fedelta-e-stata-premiata\/\",\"name\":\"Programme de fid\u00e9lit\u00e9 Accor Meetings & Events - MyALLMeeting\",\"isPartOf\":{\"@id\":\"https:\/\/www.myallmeeting.com\/it\/#website\"},\"primaryImageOfPage\":{\"@id\":\"https:\/\/myallmeeting.com\/it\/la-vostra-fedelta-e-stata-premiata\/#primaryimage\"},\"image\":{\"@id\":\"https:\/\/myallmeeting.com\/it\/la-vostra-fedelta-e-stata-premiata\/#primaryimage\"},\"thumbnailUrl\":\"https:\/\/myallmeeting.com\/wp-content\/uploads\/2024\/08\/AMP-banniere.png\",\"datePublished\":\"2024-03-21T14:15:51+00:00\",\"dateModified\":\"2025-09-11T07:54:57+00:00\",\"description\":\"Si vous \u00eates un professionnel de l\u2019\u00e9v\u00e9nement, ne cherchez pas plus loin que ALL Meeting Planner pour r\u00e9compenser votre fid\u00e9lit\u00e9 !\",\"breadcrumb\":{\"@id\":\"https:\/\/myallmeeting.com\/it\/la-vostra-fedelta-e-stata-premiata\/#breadcrumb\"},\"inLanguage\":\"it-IT\",\"potentialAction\":[{\"@type\":\"ReadAction\",\"target\":[\"https:\/\/myallmeeting.com\/it\/la-vostra-fedelta-e-stata-premiata\/\"]}]},{\"@type\":\"ImageObject\",\"inLanguage\":\"it-IT\",\"@id\":\"https:\/\/myallmeeting.com\/it\/la-vostra-fedelta-e-stata-premiata\/#primaryimage\",\"url\":\"https:\/\/myallmeeting.com\/wp-content\/uploads\/2024\/08\/AMP-banniere.png\",\"contentUrl\":\"https:\/\/myallmeeting.com\/wp-content\/uploads\/2024\/08\/AMP-banniere.png\",\"width\":1920,\"height\":570},{\"@type\":\"BreadcrumbList\",\"@id\":\"https:\/\/myallmeeting.com\/it\/la-vostra-fedelta-e-stata-premiata\/#breadcrumb\",\"itemListElement\":[{\"@type\":\"ListItem\",\"position\":1,\"name\":\"Pagina iniziale\",\"item\":\"https:\/\/myallmeeting.com\/it\/\"},{\"@type\":\"ListItem\",\"position\":2,\"name\":\"Il vostro programma fedelt\u00e0\"}]},{\"@type\":\"WebSite\",\"@id\":\"https:\/\/www.myallmeeting.com\/it\/#website\",\"url\":\"https:\/\/www.myallmeeting.com\/it\/\",\"name\":\"Accor MyAllMeeting.com\",\"description\":\"Les Meilleurs lieux pour vos Ev\u00e9nements Professionnels\",\"publisher\":{\"@id\":\"https:\/\/www.myallmeeting.com\/it\/#organization\"},\"potentialAction\":[{\"@type\":\"SearchAction\",\"target\":{\"@type\":\"EntryPoint\",\"urlTemplate\":\"https:\/\/www.myallmeeting.com\/it\/?s={search_term_string}\"},\"query-input\":{\"@type\":\"PropertyValueSpecification\",\"valueRequired\":true,\"valueName\":\"search_term_string\"}}],\"inLanguage\":\"it-IT\"},{\"@type\":\"Organization\",\"@id\":\"https:\/\/www.myallmeeting.com\/it\/#organization\",\"name\":\"ACCOR\",\"url\":\"https:\/\/www.myallmeeting.com\/it\/\",\"logo\":{\"@type\":\"ImageObject\",\"inLanguage\":\"it-IT\",\"@id\":\"https:\/\/www.myallmeeting.com\/it\/#\/schema\/logo\/image\/\",\"url\":\"\",\"contentUrl\":\"\",\"caption\":\"ACCOR\"},\"image\":{\"@id\":\"https:\/\/www.myallmeeting.com\/it\/#\/schema\/logo\/image\/\"}}]}<\/script>","yoast_head_json":{"title":"Programme de fid\u00e9lit\u00e9 Accor Meetings & Events - MyALLMeeting","description":"Si vous \u00eates un professionnel de l\u2019\u00e9v\u00e9nement, ne cherchez pas plus loin que ALL Meeting Planner pour r\u00e9compenser votre fid\u00e9lit\u00e9 !","robots":{"index":"index","follow":"follow","max-snippet":"max-snippet:-1","max-image-preview":"max-image-preview:large","max-video-preview":"max-video-preview:-1"},"canonical":"https:\/\/myallmeeting.com\/it\/wp-json\/wp\/v2\/pages\/16192549","og_locale":"it_IT","og_type":"article","og_title":"Programme de fid\u00e9lit\u00e9 Accor Meetings & Events - MyALLMeeting","og_description":"Si vous \u00eates un professionnel de l\u2019\u00e9v\u00e9nement, ne cherchez pas plus loin que ALL Meeting Planner pour r\u00e9compenser votre fid\u00e9lit\u00e9 !","og_url":"https:\/\/myallmeeting.com\/it\/la-vostra-fedelta-e-stata-premiata\/","og_site_name":"Accor MyAllMeeting.com","article_modified_time":"2025-09-11T07:54:57+00:00","og_image":[{"width":1920,"height":570,"url":"https:\/\/myallmeeting.com\/wp-content\/uploads\/2024\/08\/AMP-banniere.png","type":"image\/png"}],"twitter_card":"summary_large_image","twitter_misc":{"Est. reading time":"1 minute"},"schema":{"@context":"https:\/\/schema.org","@graph":[{"@type":"WebPage","@id":"https:\/\/myallmeeting.com\/it\/la-vostra-fedelta-e-stata-premiata\/","url":"https:\/\/myallmeeting.com\/it\/la-vostra-fedelta-e-stata-premiata\/","name":"Programme de fid\u00e9lit\u00e9 Accor Meetings & Events - MyALLMeeting","isPartOf":{"@id":"https:\/\/www.myallmeeting.com\/it\/#website"},"primaryImageOfPage":{"@id":"https:\/\/myallmeeting.com\/it\/la-vostra-fedelta-e-stata-premiata\/#primaryimage"},"image":{"@id":"https:\/\/myallmeeting.com\/it\/la-vostra-fedelta-e-stata-premiata\/#primaryimage"},"thumbnailUrl":"https:\/\/myallmeeting.com\/wp-content\/uploads\/2024\/08\/AMP-banniere.png","datePublished":"2024-03-21T14:15:51+00:00","dateModified":"2025-09-11T07:54:57+00:00","description":"Si vous \u00eates un professionnel de l\u2019\u00e9v\u00e9nement, ne cherchez pas plus loin que ALL Meeting Planner pour r\u00e9compenser votre fid\u00e9lit\u00e9 !","breadcrumb":{"@id":"https:\/\/myallmeeting.com\/it\/la-vostra-fedelta-e-stata-premiata\/#breadcrumb"},"inLanguage":"it-IT","potentialAction":[{"@type":"ReadAction","target":["https:\/\/myallmeeting.com\/it\/la-vostra-fedelta-e-stata-premiata\/"]}]},{"@type":"ImageObject","inLanguage":"it-IT","@id":"https:\/\/myallmeeting.com\/it\/la-vostra-fedelta-e-stata-premiata\/#primaryimage","url":"https:\/\/myallmeeting.com\/wp-content\/uploads\/2024\/08\/AMP-banniere.png","contentUrl":"https:\/\/myallmeeting.com\/wp-content\/uploads\/2024\/08\/AMP-banniere.png","width":1920,"height":570},{"@type":"BreadcrumbList","@id":"https:\/\/myallmeeting.com\/it\/la-vostra-fedelta-e-stata-premiata\/#breadcrumb","itemListElement":[{"@type":"ListItem","position":1,"name":"Pagina iniziale","item":"https:\/\/myallmeeting.com\/it\/"},{"@type":"ListItem","position":2,"name":"Il vostro programma fedelt\u00e0"}]},{"@type":"WebSite","@id":"https:\/\/www.myallmeeting.com\/it\/#website","url":"https:\/\/www.myallmeeting.com\/it\/","name":"Accor MyAllMeeting.com","description":"Les Meilleurs lieux pour vos Ev\u00e9nements Professionnels","publisher":{"@id":"https:\/\/www.myallmeeting.com\/it\/#organization"},"potentialAction":[{"@type":"SearchAction","target":{"@type":"EntryPoint","urlTemplate":"https:\/\/www.myallmeeting.com\/it\/?s={search_term_string}"},"query-input":{"@type":"PropertyValueSpecification","valueRequired":true,"valueName":"search_term_string"}}],"inLanguage":"it-IT"},{"@type":"Organization","@id":"https:\/\/www.myallmeeting.com\/it\/#organization","name":"ACCOR","url":"https:\/\/www.myallmeeting.com\/it\/","logo":{"@type":"ImageObject","inLanguage":"it-IT","@id":"https:\/\/www.myallmeeting.com\/it\/#\/schema\/logo\/image\/","url":"","contentUrl":"","caption":"ACCOR"},"image":{"@id":"https:\/\/www.myallmeeting.com\/it\/#\/schema\/logo\/image\/"}}]}},"_links":{"self":[{"href":"https:\/\/myallmeeting.com\/it\/wp-json\/wp\/v2\/pages\/16192549","targetHints":{"allow":["GET"]}}],"collection":[{"href":"https:\/\/myallmeeting.com\/it\/wp-json\/wp\/v2\/pages"}],"about":[{"href":"https:\/\/myallmeeting.com\/it\/wp-json\/wp\/v2\/types\/page"}],"author":[{"embeddable":true,"href":"https:\/\/myallmeeting.com\/it\/wp-json\/wp\/v2\/users\/1"}],"replies":[{"embeddable":true,"href":"https:\/\/myallmeeting.com\/it\/wp-json\/wp\/v2\/comments?post=16192549"}],"version-history":[{"count":0,"href":"https:\/\/myallmeeting.com\/it\/wp-json\/wp\/v2\/pages\/16192549\/revisions"}],"wp:featuredmedia":[{"embeddable":true,"href":"https:\/\/myallmeeting.com\/it\/wp-json\/wp\/v2\/media\/16231041"}],"wp:attachment":[{"href":"https:\/\/myallmeeting.com\/it\/wp-json\/wp\/v2\/media?parent=16192549"}],"curies":[{"name":"wp","href":"https:\/\/api.w.org\/{rel}","templated":true}]}}