{"id":4258,"date":"2016-03-18T08:23:12","date_gmt":"2016-03-18T07:23:12","guid":{"rendered":"https:\/\/myallmeeting.com\/?page_id=4258"},"modified":"2025-11-27T10:52:34","modified_gmt":"2025-11-27T09:52:34","slug":"incentive-a-marseille","status":"publish","type":"page","link":"https:\/\/myallmeeting.com\/fr\/incentive-a-marseille\/","title":{"rendered":"Votre incentive \u00e0 Marseille"},"content":{"rendered":"<!-- START OF : Composant : block-periscope-theme-section-composant-30-texte-image-citation.php -->\n<div class=\"tic position-relative fs-wysiwyg pt-9 mb-5 mb-lg-22\" data-component=\"30-texte-image-citation\">\n\t<div class=\"container-fluid\" style=\"--bs-gutter-x: 0\">\n\t\t<div class=\"row\" style=\"--bs-gutter-x: 0\">\n\t\t\t<div class=\"col-lg-6 offset-lg-1\"> \n\t\t\t\t<div class=\"tic__top__img position-relative me-2 me-lg-0\">\n\t\t\t\t\t\t\t\t\t\t<img decoding=\"async\" src=\"https:\/\/myallmeeting.com\/wp-content\/uploads\/2025\/11\/Photo-principales-pages-villes-20-932x645.png\" alt=\"\" width=\"932\" height=\"562\" loading=\"lazy\" class=\"w-100\" \/>\n\t\t\t\t\t\t\t\t\t\t<div class=\"position-absolute text-white z-1 text-center t-0 l-0 w-100 p-4 pt-lg-8 pe-lg-20\">\n\t\t\t\t\t\t\t\t\t\t\t\t\t\t\t\t\t<\/div>\n\t\t\t\t<\/div>\n\t\t\t<\/div>\n\t\t\t<div class=\"col-lg-4\">\n\t\t\t\t<div class=\"tic__content position-relative bg-white pt-2 pb-0 px-2 py-lg-7 py-xl-9 px-lg-5 px-xl-10 pt-lg-9\">\n\t\t\t\t\t\t\t\t\t\t\t\t\t\t\t<div class=\"tic__content__titre unna fs-32 fs-xl-60 text-primary lh-xs mb-2 mb-lg-3 mb-xl-5\">Marseille, une exp\u00e9rience incentive entre mer et culture<\/div>\n\t\t\t\t\t\t\t\t\t\t\t\t\t\t\t<div class=\"fs-lg-13 fs-xl-18 mb-4 mb-xl-7 lh-sm\"><p>Marseille, ville vibrante et multiculturelle, est la destination parfaite pour motiver vos \u00e9quipes avec des incentives inoubliables. Gr\u00e2ce \u00e0 nos h\u00f4tels, allant du design contemporain au luxe intemporel, offrez \u00e0 vos collaborateurs une exp\u00e9rience sur mesure, entre d\u00e9couverte culturelle et moments exclusifs. Ici, chaque quartier, chaque calanque, chaque march\u00e9 color\u00e9 raconte une histoire et offre une toile de fond exceptionnelle pour des r\u00e9compenses m\u00e9morables.<\/p>\n<\/div>\n\t\t\t\t\t\t\t\t\t\t\t\t\t\t<\/div>\n\t\t\t<\/div>\n\t\t<\/div>\n\t<\/div>\n\t<div class=\"tic__blank bg-white pt-8 pt-lg-0\">\t\t\n\t\t<div class=\"container-fluid\" style=\"--bs-gutter-x: 0\">\n\t\t\t<div class=\"row\" style=\"--bs-gutter-x: 0\">\n\t\t\t\t<div class=\"col-lg-6\">\n\t\t\t\t\t<div class=\"tic__bottom position-relative bg-primary text-secondary pt-4 pb-5\">\n\t\t\t\t\t\t<div class=\"d-flex gap-1 gap-md-4\">\n\t\t\t\t\t\t\t<div class=\"tic__bottom__imgs d-flex flex-shrink-0 align-items-center\">\n\t\t\t\t\t\t\t\t\t\t\t\t\t\t\t\t<img decoding=\"async\" src=\"https:\/\/myallmeeting.com\/wp-content\/uploads\/2025\/11\/Photo-temoignage-4-2.png\" class=\"tic__bottom__img tic__bottom__img--1 of-cover rounded-3 opacity-50\" alt=\"\" width=\"192\" height=\"346\" loading=\"lazy\" \/>\n\t\t\t\t\t\t\t\t\t\t\t\t\t\t\t\t\t\t\t\t\t\t\t\t<img decoding=\"async\" src=\"https:\/\/myallmeeting.com\/wp-content\/uploads\/2025\/11\/Photo-temoignage-5-2.png\" class=\"tic__bottom__img tic__bottom__img--2 of-cover rounded-3 z-1\" alt=\"\" width=\"192\" height=\"346\" loading=\"lazy\" \/>\n\t\t\t\t\t\t\t\t\t\t\t\t\t\t\t<\/div>\n\t\t\t\t\t\t\t<div class=\"tic__bottom__quote text-secondary lh-xs\">\n\t\t\t\t\t\t\t\t\t\t\t\t\t\t\t\t<div class=\"unna fs-18 fs-lg-19 fs-xl-30 mb-2 mb-xl-3\">Des lieux embl\u00e9matiques pour des \u00e9changes productifs<\/div>\n\t\t\t\t\t\t\t\t\t\t\t\t\t\t\t\t\t\t\t\t\t\t\t\t\t\t\t\t\t\t\t<\/div>\n\t\t\t\t\t\t<\/div>\n\t\t\t\t\t\t\t\t\t\t\t<\/div>\n\t\t\t\t<\/div>\n\t\t\t<\/div>\n\t\t<\/div>\n\t<\/div>\n<\/div>\n<!-- END OF : Composant : block-periscope-theme-section-composant-30-texte-image-citation.php -->\n\n\n<!-- START OF : Composant : block-periscope-theme-section-composant-31-bloc-image-cta.php -->\n\t<div class=\"icta position-relative fs-wysiwyg icta--reverse\" data-component=\"31-bloc-image-cta\" data-reverse=\"oui\">\n\t\t<div class=\"container-fluid\">\n\t\t\t<div class=\"row\">\n\t\t\t\t<div class=\"col-lg-5 offset-lg-1 d-lg-flex\"> \n\t\t\t\t\t<div class=\"icta__content position-relative bg-white pt-2 pb-2 px-2 pb-lg-0 pt-lg-7 pt-xl-9 px-lg-7 px-xl-10 mt-lg-9 z-1\">\n\t\t\t\t\t\t\t\t\t\t\t\t\t\t\t\t\t\t<div class=\"unna fs-32 fs-lg-39 fs-xl-60 text-primary lh-xs mb-2 mb-xl-5\">Des activit\u00e9s exclusives pour marquer les esprits<\/div>\n\t\t\t\t\t\t\t\t\t\t\t\t\t\t\t\t\t\t\t<div class=\"fs-lg-15 fs-xl-18 lh-sm \"><p>\u00c0 Marseille, les possibilit\u00e9s sont infinies : atelier de cuisine proven\u00e7ale avec un chef local dans un de nos h\u00f4tels, excursion en bateau vers les calanques, ou visite priv\u00e9e du MuCEM. Nos h\u00f4tels, situ\u00e9s dans des quartiers strat\u00e9giques comme le Vieux-Port, La Joliette ou le Prado, sont le point de d\u00e9part id\u00e9al pour explorer la ville sous un angle unique. Et pourquoi ne pas organiser une d\u00e9gustation de pastis et de sp\u00e9cialit\u00e9s locales sur une terrasse avec vue sur la mer, ou une chasse au tr\u00e9sor dans le quartier du Panier ?<\/p>\n<\/div>\n\t\t\t\t\t\t\t\t\t\t\t\t\t\t\t\t\t<\/div>\n\t\t\t\t<\/div>\n\t\t\t\t\t\t\t\t<div class=\"col-lg-5 order-first order-lg-last\">\n\t\t\t\t\t<div class=\"icta__top__img h-100 position-relative me-2 me-lg-0\">\n\t\t\t\t\t\t<img decoding=\"async\" src=\"https:\/\/myallmeeting.com\/wp-content\/uploads\/2025\/11\/Photo-principales-pages-villes-18-3-932x645.png\" alt=\"\" width=\"932\" height=\"562\" loading=\"lazy\" \/>\n\t\t\t\t\t\t<div class=\"position-absolute text-white z-1 text-center t-0 l-0 w-100 pt-4 pt-lg-8\">\n\t\t\t\t\t\t\t\t\t\t\t\t\t\t\t\t\t\t<\/div>\n\t\t\t\t\t<\/div>\n\t\t\t\t<\/div>\n\t\t\t\t\t\t\t<\/div>\n\t\t<\/div>\n\t<\/div>\n<!-- END OF : Composant : block-periscope-theme-section-composant-31-bloc-image-cta.php -->\n\n\n<!-- START OF : Composant : block-periscope-theme-section-composant-31-bloc-image-cta.php -->\n\t<div class=\"icta position-relative fs-wysiwyg\" data-component=\"31-bloc-image-cta\" data-reverse=\"non\">\n\t\t<div class=\"container-fluid\">\n\t\t\t<div class=\"row\">\n\t\t\t\t\t\t\t\t<div class=\"col-lg-6 offset-lg-1\"> \n\t\t\t\t\t<div class=\"icta__top__img h-100 position-relative me-2 me-lg-0\">\n\t\t\t\t\t\t<img decoding=\"async\" src=\"https:\/\/myallmeeting.com\/wp-content\/uploads\/2025\/11\/Photo-principales-pages-villes-21-932x645.png\" alt=\"\" width=\"932\" height=\"562\" loading=\"lazy\" \/>\n\t\t\t\t\t\t<div class=\"position-absolute text-white z-1 text-center t-0 l-0 w-100 pt-4 pt-lg-8\">\n\t\t\t\t\t\t\t\t\t\t\t\t\t\t\t\t\t\t<\/div>\n\t\t\t\t\t<\/div>\n\t\t\t\t<\/div>\n\t\t\t\t\t\t\t\t<div class=\"col-lg-4 d-lg-flex\">\n\t\t\t\t\t<div class=\"icta__content position-relative bg-white pt-2 pb-2 px-2 pb-lg-0 pt-lg-7 pt-xl-9 px-lg-7 px-xl-10 mt-lg-9\">\n\t\t\t\t\t\t\t\t\t\t\t\t\t\t\t\t\t\t<div class=\"unna fs-32 fs-lg-39 fs-xl-60 text-primary lh-xs mb-2 mb-xl-5\">Un accompagnement cl\u00e9 en main avec My All Meeting<\/div>\n\t\t\t\t\t\t\t\t\t\t\t\t\t\t\t\t\t\t<div class=\"fs-lg-15 fs-xl-18 lh-sm \"><p>MyAllMeeting vous aide \u00e0 organiser des incentives \u00e0 Marseille en prenant en charge chaque d\u00e9tail : h\u00e9bergement dans nos h\u00f4tels d\u2019exception, activit\u00e9s sur mesure, et m\u00eame des surprises pour sublimer l\u2019exp\u00e9rience. Transformez vos objectifs en moments inspirants et f\u00e9d\u00e9rateurs, o\u00f9 chaque instant est pens\u00e9 pour cr\u00e9er des souvenirs durables et renforcer la coh\u00e9sion d\u2019\u00e9quipe.<\/p>\n<\/div>\n\t\t\t\t\t\t\t\t\t\t\t\t\t\t\t\t\t<\/div>\n\t\t\t\t<\/div>\n\t\t\t<\/div>\n\t\t<\/div>\n\t<\/div>\n<!-- END OF : Composant : block-periscope-theme-section-composant-31-bloc-image-cta.php -->\n\n\n<!-- START OF : Composant : block-periscope-theme-section-composant-05-moteur.php -->\n\n\n<input type=\"hidden\" id=\"search-engine.search_url\" value=\"https:\/\/myallmeeting.com\/fr\/votre-projet\/#search-engine\" \/>\n<input type=\"hidden\" id=\"search-engine.anchor\" value=\"search-engine\" \/>\n<input type=\"hidden\" id=\"search-engine.gmaps_token\" value=\"AIzaSyDB40FZ7x-OURCjwxt35ll3WogU24K_hyE\" \/>\n<input type=\"hidden\" id=\"search-engine.language_code\" value=\"fr,en\" \/>\n<input type=\"hidden\" id=\"search-engine.language_code_2\" value=\"fr\" \/>\n<input type=\"hidden\" id=\"search-engine.filter_ids\" value=\"B3B1,B5Z5,B675,B2R9,C3C7,C461,C032,6189,6677,7282,3525,A0D3,2514,2575,A0X9,A1J8,1293,8420,8402,7974,9900,2398,0542,0911,0444,9013,3004,1148,1200,6190,1390\" \/>\n<input type=\"hidden\" id=\"search-engine.display_mode\" value=\"pre-filtered-button-only\" \/>\n\n<input type=\"hidden\" id=\"search-engine.aid\" value=\"\" \/>\n<input type=\"hidden\" id=\"search-engine.address\" value=\"\" \/>\n<input type=\"hidden\" id=\"search-engine.distance\" value=\"\" \/>\n<input type=\"hidden\" id=\"search-engine.nb_persons\" value=\"\" \/>\n<input type=\"hidden\" id=\"search-engine.nb_meeting\" value=\"\" \/>\n<input type=\"hidden\" id=\"search-engine.nb_rooms\" value=\"\" \/>\n<input type=\"hidden\" id=\"search-engine.date\" value=\"\" \/>\n<input type=\"hidden\" id=\"search-engine.duration\" value=\"\" \/>\n\n<div id=\"search\" class=\"eventsearch\" data-component=\"05-moteur-recherche-event\">\n\t<div class=\"container\">\n\t\t<div class=\"row\">\n\t\t\t<div class=\"px-0 ms-auto me-auto\" style=\"max-width:1546px\">\n\t\t\t\t<div class=\"bg-transparent mb-0 rounded-5 py-2 px-3 p-lg-4\">\n\t\t\t\t\t<div id=\"search-engine\" class =\"pre-filtered-button-only\"><\/div>\n\t\t\t\t<\/div>\n\t\t\t<\/div>\n\t\t<\/div>\n\t<\/div>\n<\/div>\n<!--<div>PHP processing Time: 0.027452945709229<\/div>!-->\n<!-- END OF : Composant : block-periscope-theme-section-composant-05-moteur.php -->\n\n\n<!-- START OF : Composant : block-periscope-theme-section-composant-14-carte-resultats.php -->\n<input type=\"hidden\" id=\"map.data-map-key\" value=\"AIzaSyDB40FZ7x-OURCjwxt35ll3WogU24K_hyE\">\n<input type=\"hidden\" id=\"map.data-map-language\" value=\"fr,en\">\n<div id=\"search-map-results\" data-load-mode=\"synchronous\"><\/div>\n<div class=\"modal fade\" id=\"hotel-popin\">\n\t<div class=\"modal-dialog\">\n\t\t<div class=\"modal-inner\">\n\t\t\t<div class=\"modal-header\">\n\t\t\t\t<button type=\"button\" class=\"close\" data-bs-dismiss=\"modal\">\n\t\t\t\t\t<svg width=\"16\" height=\"16\" aria-hidden=\"true\">\n\t\t\t\t\t\t<use xlink:href=\"https:\/\/myallmeeting.com\/wp-content\/themes\/accor\/assets\/images\/sprite.svg#btn-close-white\"><\/use>\n\t\t\t\t\t<\/svg>\n\t\t\t\t\t<span>Fermer<\/span>\n\t\t\t\t<\/button>\n\t\t\t<\/div>\n\t\t\t<div class=\"modal-body\"><\/div>\n\t\t<\/div>\n\t<\/div>\n<\/div>\n<!-- END OF : Composant : block-periscope-theme-section-composant-14-carte-resultats.php -->\n","protected":false},"excerpt":{"rendered":"","protected":false},"author":2,"featured_media":33510115,"parent":0,"menu_order":0,"comment_status":"closed","ping_status":"closed","template":"","meta":{"_acf_changed":true,"footnotes":""},"class_list":["post-4258","page","type-page","status-publish","has-post-thumbnail","hentry"],"acf":[],"yoast_head":"<title>Votre incentive \u00e0 Marseille - Accor MyAllMeeting.com<\/title>\n<meta name=\"description\" content=\"\u00c0 Marseille, plus de 30 adresses Accor Hotels de l&#039;\u00e9conomique au luxe pour assurer la r\u00e9ussite de vos incentives.\" \/>\n<meta name=\"robots\" content=\"noindex, follow\" \/>\n<meta property=\"og:locale\" content=\"fr_FR\" \/>\n<meta property=\"og:type\" content=\"article\" \/>\n<meta property=\"og:title\" content=\"Votre incentive \u00e0 Marseille - Accor MyAllMeeting.com\" \/>\n<meta property=\"og:description\" content=\"\u00c0 Marseille, plus de 30 adresses Accor Hotels de l&#039;\u00e9conomique au luxe pour assurer la r\u00e9ussite de vos incentives.\" \/>\n<meta property=\"og:url\" content=\"https:\/\/myallmeeting.com\/fr\/incentive-a-marseille\/\" \/>\n<meta property=\"og:site_name\" content=\"Accor MyAllMeeting.com\" \/>\n<meta property=\"article:modified_time\" content=\"2025-11-27T09:52:34+00:00\" \/>\n<meta property=\"og:image\" content=\"http:\/\/myallmeeting.com\/wp-content\/uploads\/2025\/11\/Image-banniere-22-1.png\" \/>\n\t<meta property=\"og:image:width\" content=\"1920\" \/>\n\t<meta property=\"og:image:height\" content=\"570\" \/>\n\t<meta property=\"og:image:type\" content=\"image\/png\" \/>\n<meta name=\"twitter:card\" content=\"summary_large_image\" \/>\n<meta name=\"twitter:label1\" content=\"Dur\u00e9e de lecture estim\u00e9e\" \/>\n\t<meta name=\"twitter:data1\" content=\"3 minutes\" \/>\n<script type=\"application\/ld+json\" class=\"yoast-schema-graph\">{\"@context\":\"https:\/\/schema.org\",\"@graph\":[{\"@type\":\"WebPage\",\"@id\":\"https:\/\/myallmeeting.com\/fr\/incentive-a-marseille\/\",\"url\":\"https:\/\/myallmeeting.com\/fr\/incentive-a-marseille\/\",\"name\":\"Votre incentive \u00e0 Marseille - Accor MyAllMeeting.com\",\"isPartOf\":{\"@id\":\"https:\/\/www.myallmeeting.com\/fr\/#website\"},\"primaryImageOfPage\":{\"@id\":\"https:\/\/myallmeeting.com\/fr\/incentive-a-marseille\/#primaryimage\"},\"image\":{\"@id\":\"https:\/\/myallmeeting.com\/fr\/incentive-a-marseille\/#primaryimage\"},\"thumbnailUrl\":\"https:\/\/myallmeeting.com\/wp-content\/uploads\/2025\/11\/Image-banniere-22-1.png\",\"datePublished\":\"2016-03-18T07:23:12+00:00\",\"dateModified\":\"2025-11-27T09:52:34+00:00\",\"description\":\"\u00c0 Marseille, plus de 30 adresses Accor Hotels de l'\u00e9conomique au luxe pour assurer la r\u00e9ussite de vos incentives.\",\"breadcrumb\":{\"@id\":\"https:\/\/myallmeeting.com\/fr\/incentive-a-marseille\/#breadcrumb\"},\"inLanguage\":\"fr-FR\",\"potentialAction\":[{\"@type\":\"ReadAction\",\"target\":[\"https:\/\/myallmeeting.com\/fr\/incentive-a-marseille\/\"]}]},{\"@type\":\"ImageObject\",\"inLanguage\":\"fr-FR\",\"@id\":\"https:\/\/myallmeeting.com\/fr\/incentive-a-marseille\/#primaryimage\",\"url\":\"https:\/\/myallmeeting.com\/wp-content\/uploads\/2025\/11\/Image-banniere-22-1.png\",\"contentUrl\":\"https:\/\/myallmeeting.com\/wp-content\/uploads\/2025\/11\/Image-banniere-22-1.png\",\"width\":1920,\"height\":570,\"caption\":\"Vue sur Marseille\"},{\"@type\":\"BreadcrumbList\",\"@id\":\"https:\/\/myallmeeting.com\/fr\/incentive-a-marseille\/#breadcrumb\",\"itemListElement\":[{\"@type\":\"ListItem\",\"position\":1,\"name\":\"Accueil\",\"item\":\"https:\/\/myallmeeting.com\/fr\/\"},{\"@type\":\"ListItem\",\"position\":2,\"name\":\"Votre incentive \u00e0 Marseille\"}]},{\"@type\":\"WebSite\",\"@id\":\"https:\/\/www.myallmeeting.com\/fr\/#website\",\"url\":\"https:\/\/www.myallmeeting.com\/fr\/\",\"name\":\"Accor MyAllMeeting.com\",\"description\":\"Les Meilleurs lieux pour vos Ev\u00e9nements Professionnels\",\"publisher\":{\"@id\":\"https:\/\/www.myallmeeting.com\/fr\/#organization\"},\"potentialAction\":[{\"@type\":\"SearchAction\",\"target\":{\"@type\":\"EntryPoint\",\"urlTemplate\":\"https:\/\/www.myallmeeting.com\/fr\/?s={search_term_string}\"},\"query-input\":{\"@type\":\"PropertyValueSpecification\",\"valueRequired\":true,\"valueName\":\"search_term_string\"}}],\"inLanguage\":\"fr-FR\"},{\"@type\":\"Organization\",\"@id\":\"https:\/\/www.myallmeeting.com\/fr\/#organization\",\"name\":\"ACCOR\",\"url\":\"https:\/\/www.myallmeeting.com\/fr\/\",\"logo\":{\"@type\":\"ImageObject\",\"inLanguage\":\"fr-FR\",\"@id\":\"https:\/\/www.myallmeeting.com\/fr\/#\/schema\/logo\/image\/\",\"url\":\"\",\"contentUrl\":\"\",\"caption\":\"ACCOR\"},\"image\":{\"@id\":\"https:\/\/www.myallmeeting.com\/fr\/#\/schema\/logo\/image\/\"}}]}<\/script>","yoast_head_json":{"title":"Votre incentive \u00e0 Marseille - Accor MyAllMeeting.com","description":"\u00c0 Marseille, plus de 30 adresses Accor Hotels de l'\u00e9conomique au luxe pour assurer la r\u00e9ussite de vos incentives.","robots":{"index":"noindex","follow":"follow"},"og_locale":"fr_FR","og_type":"article","og_title":"Votre incentive \u00e0 Marseille - Accor MyAllMeeting.com","og_description":"\u00c0 Marseille, plus de 30 adresses Accor Hotels de l'\u00e9conomique au luxe pour assurer la r\u00e9ussite de vos incentives.","og_url":"https:\/\/myallmeeting.com\/fr\/incentive-a-marseille\/","og_site_name":"Accor MyAllMeeting.com","article_modified_time":"2025-11-27T09:52:34+00:00","og_image":[{"width":1920,"height":570,"url":"http:\/\/myallmeeting.com\/wp-content\/uploads\/2025\/11\/Image-banniere-22-1.png","type":"image\/png"}],"twitter_card":"summary_large_image","twitter_misc":{"Dur\u00e9e de lecture estim\u00e9e":"3 minutes"},"schema":{"@context":"https:\/\/schema.org","@graph":[{"@type":"WebPage","@id":"https:\/\/myallmeeting.com\/fr\/incentive-a-marseille\/","url":"https:\/\/myallmeeting.com\/fr\/incentive-a-marseille\/","name":"Votre incentive \u00e0 Marseille - Accor MyAllMeeting.com","isPartOf":{"@id":"https:\/\/www.myallmeeting.com\/fr\/#website"},"primaryImageOfPage":{"@id":"https:\/\/myallmeeting.com\/fr\/incentive-a-marseille\/#primaryimage"},"image":{"@id":"https:\/\/myallmeeting.com\/fr\/incentive-a-marseille\/#primaryimage"},"thumbnailUrl":"https:\/\/myallmeeting.com\/wp-content\/uploads\/2025\/11\/Image-banniere-22-1.png","datePublished":"2016-03-18T07:23:12+00:00","dateModified":"2025-11-27T09:52:34+00:00","description":"\u00c0 Marseille, plus de 30 adresses Accor Hotels de l'\u00e9conomique au luxe pour assurer la r\u00e9ussite de vos incentives.","breadcrumb":{"@id":"https:\/\/myallmeeting.com\/fr\/incentive-a-marseille\/#breadcrumb"},"inLanguage":"fr-FR","potentialAction":[{"@type":"ReadAction","target":["https:\/\/myallmeeting.com\/fr\/incentive-a-marseille\/"]}]},{"@type":"ImageObject","inLanguage":"fr-FR","@id":"https:\/\/myallmeeting.com\/fr\/incentive-a-marseille\/#primaryimage","url":"https:\/\/myallmeeting.com\/wp-content\/uploads\/2025\/11\/Image-banniere-22-1.png","contentUrl":"https:\/\/myallmeeting.com\/wp-content\/uploads\/2025\/11\/Image-banniere-22-1.png","width":1920,"height":570,"caption":"Vue sur Marseille"},{"@type":"BreadcrumbList","@id":"https:\/\/myallmeeting.com\/fr\/incentive-a-marseille\/#breadcrumb","itemListElement":[{"@type":"ListItem","position":1,"name":"Accueil","item":"https:\/\/myallmeeting.com\/fr\/"},{"@type":"ListItem","position":2,"name":"Votre incentive \u00e0 Marseille"}]},{"@type":"WebSite","@id":"https:\/\/www.myallmeeting.com\/fr\/#website","url":"https:\/\/www.myallmeeting.com\/fr\/","name":"Accor MyAllMeeting.com","description":"Les Meilleurs lieux pour vos Ev\u00e9nements Professionnels","publisher":{"@id":"https:\/\/www.myallmeeting.com\/fr\/#organization"},"potentialAction":[{"@type":"SearchAction","target":{"@type":"EntryPoint","urlTemplate":"https:\/\/www.myallmeeting.com\/fr\/?s={search_term_string}"},"query-input":{"@type":"PropertyValueSpecification","valueRequired":true,"valueName":"search_term_string"}}],"inLanguage":"fr-FR"},{"@type":"Organization","@id":"https:\/\/www.myallmeeting.com\/fr\/#organization","name":"ACCOR","url":"https:\/\/www.myallmeeting.com\/fr\/","logo":{"@type":"ImageObject","inLanguage":"fr-FR","@id":"https:\/\/www.myallmeeting.com\/fr\/#\/schema\/logo\/image\/","url":"","contentUrl":"","caption":"ACCOR"},"image":{"@id":"https:\/\/www.myallmeeting.com\/fr\/#\/schema\/logo\/image\/"}}]}},"_links":{"self":[{"href":"https:\/\/myallmeeting.com\/fr\/wp-json\/wp\/v2\/pages\/4258","targetHints":{"allow":["GET"]}}],"collection":[{"href":"https:\/\/myallmeeting.com\/fr\/wp-json\/wp\/v2\/pages"}],"about":[{"href":"https:\/\/myallmeeting.com\/fr\/wp-json\/wp\/v2\/types\/page"}],"author":[{"embeddable":true,"href":"https:\/\/myallmeeting.com\/fr\/wp-json\/wp\/v2\/users\/2"}],"replies":[{"embeddable":true,"href":"https:\/\/myallmeeting.com\/fr\/wp-json\/wp\/v2\/comments?post=4258"}],"version-history":[{"count":0,"href":"https:\/\/myallmeeting.com\/fr\/wp-json\/wp\/v2\/pages\/4258\/revisions"}],"wp:featuredmedia":[{"embeddable":true,"href":"https:\/\/myallmeeting.com\/fr\/wp-json\/wp\/v2\/media\/33510115"}],"wp:attachment":[{"href":"https:\/\/myallmeeting.com\/fr\/wp-json\/wp\/v2\/media?parent=4258"}],"curies":[{"name":"wp","href":"https:\/\/api.w.org\/{rel}","templated":true}]}}