{"id":2784,"date":"2016-02-27T17:01:10","date_gmt":"2016-02-27T16:01:10","guid":{"rendered":"https:\/\/myallmeeting.com\/?page_id=2784"},"modified":"2020-06-18T13:29:45","modified_gmt":"2020-06-18T11:29:45","slug":"ibis-styles","status":"publish","type":"page","link":"https:\/\/myallmeeting.com\/es\/ibis-styles\/","title":{"rendered":"ibis Styles"},"content":{"rendered":"","protected":false},"excerpt":{"rendered":"","protected":false},"author":1,"featured_media":0,"parent":0,"menu_order":0,"comment_status":"closed","ping_status":"closed","template":"","meta":{"_acf_changed":false,"footnotes":""},"class_list":["post-2784","page","type-page","status-publish","hentry"],"acf":[],"yoast_head":"<title>H\u00f4tels Ibis Styles : r\u00e9unions dynamiques et efficaces en toute s\u00e9r\u00e9nit\u00e9<\/title>\n<meta name=\"description\" content=\"D\u00e9couvrez les offres &quot;tout inclus&quot; des h\u00f4tels Ibis Styles : Meet &amp; Eat pour des r\u00e9unions dynamiques et efficaces ou Meet &amp; Sleep pour des r\u00e9unions en toute s\u00e9r\u00e9nit\u00e9.\" \/>\n<meta name=\"robots\" content=\"index, follow, max-snippet:-1, max-image-preview:large, max-video-preview:-1\" \/>\n<link rel=\"canonical\" href=\"https:\/\/myallmeeting.com\/es\/wp-json\/wp\/v2\/pages\/2784\" \/>\n<meta property=\"og:locale\" content=\"es_ES\" \/>\n<meta property=\"og:type\" content=\"article\" \/>\n<meta property=\"og:title\" content=\"H\u00f4tels Ibis Styles : r\u00e9unions dynamiques et efficaces en toute s\u00e9r\u00e9nit\u00e9\" \/>\n<meta property=\"og:description\" content=\"D\u00e9couvrez les offres &quot;tout inclus&quot; des h\u00f4tels Ibis Styles : Meet &amp; Eat pour des r\u00e9unions dynamiques et efficaces ou Meet &amp; Sleep pour des r\u00e9unions en toute s\u00e9r\u00e9nit\u00e9.\" \/>\n<meta property=\"og:url\" content=\"https:\/\/myallmeeting.com\/es\/ibis-styles\/\" \/>\n<meta property=\"og:site_name\" content=\"Accor MyAllMeeting.com\" \/>\n<meta property=\"article:modified_time\" content=\"2020-06-18T11:29:45+00:00\" \/>\n<meta name=\"twitter:card\" content=\"summary_large_image\" \/>\n<script type=\"application\/ld+json\" class=\"yoast-schema-graph\">{\"@context\":\"https:\/\/schema.org\",\"@graph\":[{\"@type\":\"WebPage\",\"@id\":\"https:\/\/myallmeeting.com\/es\/ibis-styles\/\",\"url\":\"https:\/\/myallmeeting.com\/es\/ibis-styles\/\",\"name\":\"H\u00f4tels Ibis Styles : r\u00e9unions dynamiques et efficaces en toute s\u00e9r\u00e9nit\u00e9\",\"isPartOf\":{\"@id\":\"https:\/\/www.myallmeeting.com\/es\/#website\"},\"datePublished\":\"2016-02-27T16:01:10+00:00\",\"dateModified\":\"2020-06-18T11:29:45+00:00\",\"description\":\"D\u00e9couvrez les offres \\\"tout inclus\\\" des h\u00f4tels Ibis Styles : Meet & Eat pour des r\u00e9unions dynamiques et efficaces ou Meet & Sleep pour des r\u00e9unions en toute s\u00e9r\u00e9nit\u00e9.\",\"breadcrumb\":{\"@id\":\"https:\/\/myallmeeting.com\/es\/ibis-styles\/#breadcrumb\"},\"inLanguage\":\"es-ES\",\"potentialAction\":[{\"@type\":\"ReadAction\",\"target\":[\"https:\/\/myallmeeting.com\/es\/ibis-styles\/\"]}]},{\"@type\":\"BreadcrumbList\",\"@id\":\"https:\/\/myallmeeting.com\/es\/ibis-styles\/#breadcrumb\",\"itemListElement\":[{\"@type\":\"ListItem\",\"position\":1,\"name\":\"P\u00e1gina principal\",\"item\":\"https:\/\/myallmeeting.com\/es\/\"},{\"@type\":\"ListItem\",\"position\":2,\"name\":\"ibis Styles\"}]},{\"@type\":\"WebSite\",\"@id\":\"https:\/\/www.myallmeeting.com\/es\/#website\",\"url\":\"https:\/\/www.myallmeeting.com\/es\/\",\"name\":\"Accor MyAllMeeting.com\",\"description\":\"Les Meilleurs lieux pour vos Ev\u00e9nements Professionnels\",\"publisher\":{\"@id\":\"https:\/\/www.myallmeeting.com\/es\/#organization\"},\"potentialAction\":[{\"@type\":\"SearchAction\",\"target\":{\"@type\":\"EntryPoint\",\"urlTemplate\":\"https:\/\/www.myallmeeting.com\/es\/?s={search_term_string}\"},\"query-input\":{\"@type\":\"PropertyValueSpecification\",\"valueRequired\":true,\"valueName\":\"search_term_string\"}}],\"inLanguage\":\"es-ES\"},{\"@type\":\"Organization\",\"@id\":\"https:\/\/www.myallmeeting.com\/es\/#organization\",\"name\":\"ACCOR\",\"url\":\"https:\/\/www.myallmeeting.com\/es\/\",\"logo\":{\"@type\":\"ImageObject\",\"inLanguage\":\"es-ES\",\"@id\":\"https:\/\/www.myallmeeting.com\/es\/#\/schema\/logo\/image\/\",\"url\":\"\",\"contentUrl\":\"\",\"caption\":\"ACCOR\"},\"image\":{\"@id\":\"https:\/\/www.myallmeeting.com\/es\/#\/schema\/logo\/image\/\"}}]}<\/script>","yoast_head_json":{"title":"H\u00f4tels Ibis Styles : r\u00e9unions dynamiques et efficaces en toute s\u00e9r\u00e9nit\u00e9","description":"D\u00e9couvrez les offres \"tout inclus\" des h\u00f4tels Ibis Styles : Meet & Eat pour des r\u00e9unions dynamiques et efficaces ou Meet & Sleep pour des r\u00e9unions en toute s\u00e9r\u00e9nit\u00e9.","robots":{"index":"index","follow":"follow","max-snippet":"max-snippet:-1","max-image-preview":"max-image-preview:large","max-video-preview":"max-video-preview:-1"},"canonical":"https:\/\/myallmeeting.com\/es\/wp-json\/wp\/v2\/pages\/2784","og_locale":"es_ES","og_type":"article","og_title":"H\u00f4tels Ibis Styles : r\u00e9unions dynamiques et efficaces en toute s\u00e9r\u00e9nit\u00e9","og_description":"D\u00e9couvrez les offres \"tout inclus\" des h\u00f4tels Ibis Styles : Meet & Eat pour des r\u00e9unions dynamiques et efficaces ou Meet & Sleep pour des r\u00e9unions en toute s\u00e9r\u00e9nit\u00e9.","og_url":"https:\/\/myallmeeting.com\/es\/ibis-styles\/","og_site_name":"Accor MyAllMeeting.com","article_modified_time":"2020-06-18T11:29:45+00:00","twitter_card":"summary_large_image","schema":{"@context":"https:\/\/schema.org","@graph":[{"@type":"WebPage","@id":"https:\/\/myallmeeting.com\/es\/ibis-styles\/","url":"https:\/\/myallmeeting.com\/es\/ibis-styles\/","name":"H\u00f4tels Ibis Styles : r\u00e9unions dynamiques et efficaces en toute s\u00e9r\u00e9nit\u00e9","isPartOf":{"@id":"https:\/\/www.myallmeeting.com\/es\/#website"},"datePublished":"2016-02-27T16:01:10+00:00","dateModified":"2020-06-18T11:29:45+00:00","description":"D\u00e9couvrez les offres \"tout inclus\" des h\u00f4tels Ibis Styles : Meet & Eat pour des r\u00e9unions dynamiques et efficaces ou Meet & Sleep pour des r\u00e9unions en toute s\u00e9r\u00e9nit\u00e9.","breadcrumb":{"@id":"https:\/\/myallmeeting.com\/es\/ibis-styles\/#breadcrumb"},"inLanguage":"es-ES","potentialAction":[{"@type":"ReadAction","target":["https:\/\/myallmeeting.com\/es\/ibis-styles\/"]}]},{"@type":"BreadcrumbList","@id":"https:\/\/myallmeeting.com\/es\/ibis-styles\/#breadcrumb","itemListElement":[{"@type":"ListItem","position":1,"name":"P\u00e1gina principal","item":"https:\/\/myallmeeting.com\/es\/"},{"@type":"ListItem","position":2,"name":"ibis Styles"}]},{"@type":"WebSite","@id":"https:\/\/www.myallmeeting.com\/es\/#website","url":"https:\/\/www.myallmeeting.com\/es\/","name":"Accor MyAllMeeting.com","description":"Les Meilleurs lieux pour vos Ev\u00e9nements Professionnels","publisher":{"@id":"https:\/\/www.myallmeeting.com\/es\/#organization"},"potentialAction":[{"@type":"SearchAction","target":{"@type":"EntryPoint","urlTemplate":"https:\/\/www.myallmeeting.com\/es\/?s={search_term_string}"},"query-input":{"@type":"PropertyValueSpecification","valueRequired":true,"valueName":"search_term_string"}}],"inLanguage":"es-ES"},{"@type":"Organization","@id":"https:\/\/www.myallmeeting.com\/es\/#organization","name":"ACCOR","url":"https:\/\/www.myallmeeting.com\/es\/","logo":{"@type":"ImageObject","inLanguage":"es-ES","@id":"https:\/\/www.myallmeeting.com\/es\/#\/schema\/logo\/image\/","url":"","contentUrl":"","caption":"ACCOR"},"image":{"@id":"https:\/\/www.myallmeeting.com\/es\/#\/schema\/logo\/image\/"}}]}},"_links":{"self":[{"href":"https:\/\/myallmeeting.com\/es\/wp-json\/wp\/v2\/pages\/2784","targetHints":{"allow":["GET"]}}],"collection":[{"href":"https:\/\/myallmeeting.com\/es\/wp-json\/wp\/v2\/pages"}],"about":[{"href":"https:\/\/myallmeeting.com\/es\/wp-json\/wp\/v2\/types\/page"}],"author":[{"embeddable":true,"href":"https:\/\/myallmeeting.com\/es\/wp-json\/wp\/v2\/users\/1"}],"replies":[{"embeddable":true,"href":"https:\/\/myallmeeting.com\/es\/wp-json\/wp\/v2\/comments?post=2784"}],"version-history":[{"count":0,"href":"https:\/\/myallmeeting.com\/es\/wp-json\/wp\/v2\/pages\/2784\/revisions"}],"wp:attachment":[{"href":"https:\/\/myallmeeting.com\/es\/wp-json\/wp\/v2\/media?parent=2784"}],"curies":[{"name":"wp","href":"https:\/\/api.w.org\/{rel}","templated":true}]}}