{"id":33508659,"date":"2016-03-16T11:55:20","date_gmt":"2016-03-16T10:55:20","guid":{"rendered":"https:\/\/myallmeeting.com\/reunion-a-paris\/"},"modified":"2025-11-27T10:38:40","modified_gmt":"2025-11-27T09:38:40","slug":"reunion-a-paris","status":"publish","type":"page","link":"https:\/\/myallmeeting.com\/en\/reunion-a-paris\/","title":{"rendered":"Your meeting\/seminar in Paris"},"content":{"rendered":"<!-- START OF : Composant : block-periscope-theme-section-composant-30-texte-image-citation.php -->\n<div class=\"tic position-relative fs-wysiwyg pt-9 mb-5 mb-lg-22\" data-component=\"30-texte-image-citation\">\n\t<div class=\"container-fluid\" style=\"--bs-gutter-x: 0\">\n\t\t<div class=\"row\" style=\"--bs-gutter-x: 0\">\n\t\t\t<div class=\"col-lg-6 offset-lg-1\"> \n\t\t\t\t<div class=\"tic__top__img position-relative me-2 me-lg-0\">\n\t\t\t\t\t\t\t\t\t\t<img decoding=\"async\" src=\"https:\/\/myallmeeting.com\/wp-content\/uploads\/2025\/10\/Untitled-design-63-932x645.png\" alt=\"\" width=\"932\" height=\"562\" loading=\"lazy\" class=\"w-100\" \/>\n\t\t\t\t\t\t\t\t\t\t<div class=\"position-absolute text-white z-1 text-center t-0 l-0 w-100 p-4 pt-lg-8 pe-lg-20\">\n\t\t\t\t\t\t\t\t\t\t\t\t\t\t\t\t\t<\/div>\n\t\t\t\t<\/div>\n\t\t\t<\/div>\n\t\t\t<div class=\"col-lg-4\">\n\t\t\t\t<div class=\"tic__content position-relative bg-white pt-2 pb-0 px-2 py-lg-7 py-xl-9 px-lg-5 px-xl-10 pt-lg-9\">\n\t\t\t\t\t\t\t\t\t\t\t\t\t\t\t<div class=\"tic__content__titre unna fs-32 fs-xl-60 text-primary lh-xs mb-2 mb-lg-3 mb-xl-5\">Paris, the ideal setting for your business meetings<\/div>\n\t\t\t\t\t\t\t\t\t\t\t\t\t\t\t<div class=\"fs-lg-13 fs-xl-18 mb-4 mb-xl-7 lh-sm\"><p>In the heart of Europe, Paris is the ideal destination for organising your meetings and seminars. With a portfolio of hotels ranging from budget to luxury and premium, Accor offers spaces suited to every project in a city where every neighbourhood exudes inspiration.<br \/>\nThe City of Light and economic capital, Paris combines speed, accessibility and exceptional infrastructure to meet all your MICE needs. Here, ideas are born at the foot of the Eiffel Tower, decisions are made in Haussmann-style salons, and networking breaks take place on terraces overlooking the Seine.<\/p>\n<\/div>\n\t\t\t\t\t\t\t\t\t\t\t\t\t\t<\/div>\n\t\t\t<\/div>\n\t\t<\/div>\n\t<\/div>\n\t<div class=\"tic__blank bg-white pt-8 pt-lg-0\">\t\t\n\t\t<div class=\"container-fluid\" style=\"--bs-gutter-x: 0\">\n\t\t\t<div class=\"row\" style=\"--bs-gutter-x: 0\">\n\t\t\t\t<div class=\"col-lg-6\">\n\t\t\t\t\t<div class=\"tic__bottom position-relative bg-primary text-secondary pt-4 pb-5\">\n\t\t\t\t\t\t<div class=\"d-flex gap-1 gap-md-4\">\n\t\t\t\t\t\t\t<div class=\"tic__bottom__imgs d-flex flex-shrink-0 align-items-center\">\n\t\t\t\t\t\t\t\t\t\t\t\t\t\t\t\t<img decoding=\"async\" src=\"https:\/\/myallmeeting.com\/wp-content\/uploads\/2025\/10\/Untitled-design-64.png\" class=\"tic__bottom__img tic__bottom__img--1 of-cover rounded-3 opacity-50\" alt=\"\" width=\"192\" height=\"346\" loading=\"lazy\" \/>\n\t\t\t\t\t\t\t\t\t\t\t\t\t\t\t\t\t\t\t\t\t\t\t\t<img decoding=\"async\" src=\"https:\/\/myallmeeting.com\/wp-content\/uploads\/2025\/10\/Untitled-design-65.png\" class=\"tic__bottom__img tic__bottom__img--2 of-cover rounded-3 z-1\" alt=\"\" width=\"192\" height=\"346\" loading=\"lazy\" \/>\n\t\t\t\t\t\t\t\t\t\t\t\t\t\t\t<\/div>\n\t\t\t\t\t\t\t<div class=\"tic__bottom__quote text-secondary lh-xs\">\n\t\t\t\t\t\t\t\t\t\t\t\t\t\t\t\t<div class=\"unna fs-18 fs-lg-19 fs-xl-30 mb-2 mb-xl-3\">Iconic venues for productive exchanges<\/div>\n\t\t\t\t\t\t\t\t\t\t\t\t\t\t\t\t\t\t\t\t\t\t\t\t\t\t\t\t\t\t\t<\/div>\n\t\t\t\t\t\t<\/div>\n\t\t\t\t\t\t\t\t\t\t\t<\/div>\n\t\t\t\t<\/div>\n\t\t\t<\/div>\n\t\t<\/div>\n\t<\/div>\n<\/div>\n<!-- END OF : Composant : block-periscope-theme-section-composant-30-texte-image-citation.php -->\n\n\n<!-- START OF : Composant : block-periscope-theme-section-composant-31-bloc-image-cta.php -->\n\t<div class=\"icta position-relative fs-wysiwyg icta--reverse\" data-component=\"31-bloc-image-cta\" data-reverse=\"oui\">\n\t\t<div class=\"container-fluid\">\n\t\t\t<div class=\"row\">\n\t\t\t\t<div class=\"col-lg-5 offset-lg-1 d-lg-flex\"> \n\t\t\t\t\t<div class=\"icta__content position-relative bg-white pt-2 pb-2 px-2 pb-lg-0 pt-lg-7 pt-xl-9 px-lg-7 px-xl-10 mt-lg-9 z-1\">\n\t\t\t\t\t\t\t\t\t\t\t\t\t\t\t\t\t\t<div class=\"unna fs-32 fs-lg-39 fs-xl-60 text-primary lh-xs mb-2 mb-xl-5\">Paris, a unique setting for your corporate events<\/div>\n\t\t\t\t\t\t\t\t\t\t\t\t\t\t\t\t\t\t\t<div class=\"fs-lg-15 fs-xl-18 lh-sm \"><p>Paris is full of Accor hotels with flexible, modern spaces that combine historic charm with contemporary design. Imagine holding your strategy workshops in an elegant setting in the heart of the Marais, or your brainstorming sessions in a bright, connected space near La D\u00e9fense. Every Accor hotel is an invitation to creativity, with high-tech equipment and tailor-made services to ensure the success of your events.<\/p>\n<\/div>\n\t\t\t\t\t\t\t\t\t\t\t\t\t\t\t\t\t<\/div>\n\t\t\t\t<\/div>\n\t\t\t\t\t\t\t\t<div class=\"col-lg-5 order-first order-lg-last\">\n\t\t\t\t\t<div class=\"icta__top__img h-100 position-relative me-2 me-lg-0\">\n\t\t\t\t\t\t<img decoding=\"async\" src=\"https:\/\/myallmeeting.com\/wp-content\/uploads\/2025\/10\/Untitled-design-70-932x645.png\" alt=\"\" width=\"932\" height=\"562\" loading=\"lazy\" \/>\n\t\t\t\t\t\t<div class=\"position-absolute text-white z-1 text-center t-0 l-0 w-100 pt-4 pt-lg-8\">\n\t\t\t\t\t\t\t\t\t\t\t\t\t\t\t\t\t\t<\/div>\n\t\t\t\t\t<\/div>\n\t\t\t\t<\/div>\n\t\t\t\t\t\t\t<\/div>\n\t\t<\/div>\n\t<\/div>\n<!-- END OF : Composant : block-periscope-theme-section-composant-31-bloc-image-cta.php -->\n\n\n<!-- START OF : Composant : block-periscope-theme-section-composant-31-bloc-image-cta.php -->\n\t<div class=\"icta position-relative fs-wysiwyg\" data-component=\"31-bloc-image-cta\" data-reverse=\"non\">\n\t\t<div class=\"container-fluid\">\n\t\t\t<div class=\"row\">\n\t\t\t\t\t\t\t\t<div class=\"col-lg-6 offset-lg-1\"> \n\t\t\t\t\t<div class=\"icta__top__img h-100 position-relative me-2 me-lg-0\">\n\t\t\t\t\t\t<img decoding=\"async\" src=\"https:\/\/myallmeeting.com\/wp-content\/uploads\/2025\/10\/Untitled-design-68-932x645.png\" alt=\"\" width=\"932\" height=\"562\" loading=\"lazy\" \/>\n\t\t\t\t\t\t<div class=\"position-absolute text-white z-1 text-center t-0 l-0 w-100 pt-4 pt-lg-8\">\n\t\t\t\t\t\t\t\t\t\t\t\t\t\t\t\t\t\t<\/div>\n\t\t\t\t\t<\/div>\n\t\t\t\t<\/div>\n\t\t\t\t\t\t\t\t<div class=\"col-lg-4 d-lg-flex\">\n\t\t\t\t\t<div class=\"icta__content position-relative bg-white pt-2 pb-2 px-2 pb-lg-0 pt-lg-7 pt-xl-9 px-lg-7 px-xl-10 mt-lg-9\">\n\t\t\t\t\t\t\t\t\t\t\t\t\t\t\t\t\t\t<div class=\"unna fs-32 fs-lg-39 fs-xl-60 text-primary lh-xs mb-2 mb-xl-5\">Simplified logistics with My All Meeting<\/div>\n\t\t\t\t\t\t\t\t\t\t\t\t\t\t\t\t\t\t<div class=\"fs-lg-15 fs-xl-18 lh-sm \"><p>With My All Meeting, enjoy personalised support in organising your meetings and seminars in Paris. We help you choose the ideal venue, manage bookings and coordinate local service providers, so you can focus on what matters most: achieving your goals.<br \/>\nTake advantage of our expertise to transform your events into productive and memorable experiences, where excellent service meets the French art of living.<\/p>\n<\/div>\n\t\t\t\t\t\t\t\t\t\t\t\t\t\t\t\t\t<\/div>\n\t\t\t\t<\/div>\n\t\t\t<\/div>\n\t\t<\/div>\n\t<\/div>\n<!-- END OF : Composant : block-periscope-theme-section-composant-31-bloc-image-cta.php -->\n\n\n<!-- START OF : Composant : block-periscope-theme-section-composant-05-moteur.php -->\n\n\n<input type=\"hidden\" id=\"search-engine.search_url\" value=\"https:\/\/myallmeeting.com\/en\/your-project\/#search-engine\" \/>\n<input type=\"hidden\" id=\"search-engine.anchor\" value=\"search-engine\" \/>\n<input type=\"hidden\" id=\"search-engine.gmaps_token\" value=\"AIzaSyDB40FZ7x-OURCjwxt35ll3WogU24K_hyE\" \/>\n<input type=\"hidden\" id=\"search-engine.language_code\" value=\"en\" \/>\n<input type=\"hidden\" id=\"search-engine.language_code_2\" value=\"en\" \/>\n<input type=\"hidden\" id=\"search-engine.filter_ids\" value=\"B385,B625,B2U6,B1C3,B6S4,B5D8,B7S9,B2R6,B8G7,B8G5,B6W6,B8H6,B9H3,B2Q8,B9M1,C2L2,C0T4,C099,2192,B6F9,B431,B870,B8R1,0912,2897,A7L5,1803,2076,3197,7402,0697,0803,1401,0771,0923,1875,1937,9292,8643,2023,0900,1936,2189,1743,3577,5543,A013,0959,2953,1823,0863,3211,B4F3,A0X1,A7L6,5091,2597,4982,8189,2559,A5D5,A4A6,A8R1,A9V3,B045,B1P0,A6S7,0663,A064,9375,2789,9400,A0Y0,2816,8368,8984,8364,9104,1399,6786,6790,6988,6792,6793,6791,6789,2730,7308,0941,8282,8078,7976,7941,0751,9525,9586,A028,9733,2753,7952,9921,0934,0905,1978,5060,3086,2539,5010,1295,1296,0747,3546,1735,1834,4987,3239,0935,0785,7229,7326,1913,9734,9685,2217,8816,A025,7847,0903,9688,2053,0372,1598,1191,0981,1614,1131,2955,2175,0351,0373,5302,1400,0694,2012,5038,3267,3223,B8E8,3295\" \/>\n<input type=\"hidden\" id=\"search-engine.display_mode\" value=\"pre-filtered-button-only\" \/>\n\n<input type=\"hidden\" id=\"search-engine.aid\" value=\"\" \/>\n<input type=\"hidden\" id=\"search-engine.address\" value=\"\" \/>\n<input type=\"hidden\" id=\"search-engine.distance\" value=\"\" \/>\n<input type=\"hidden\" id=\"search-engine.nb_persons\" value=\"\" \/>\n<input type=\"hidden\" id=\"search-engine.nb_meeting\" value=\"\" \/>\n<input type=\"hidden\" id=\"search-engine.nb_rooms\" value=\"\" \/>\n<input type=\"hidden\" id=\"search-engine.date\" value=\"\" \/>\n<input type=\"hidden\" id=\"search-engine.duration\" value=\"\" \/>\n\n<div id=\"search\" class=\"eventsearch\" data-component=\"05-moteur-recherche-event\">\n\t<div class=\"container\">\n\t\t<div class=\"row\">\n\t\t\t<div class=\"px-0 ms-auto me-auto\" style=\"max-width:1546px\">\n\t\t\t\t<div class=\"bg-transparent mb-0 rounded-5 py-2 px-3 p-lg-4\">\n\t\t\t\t\t<div id=\"search-engine\" class =\"pre-filtered-button-only\"><\/div>\n\t\t\t\t<\/div>\n\t\t\t<\/div>\n\t\t<\/div>\n\t<\/div>\n<\/div>\n<!--<div>PHP processing Time: 0.036746025085449<\/div>!-->\n<!-- END OF : Composant : block-periscope-theme-section-composant-05-moteur.php -->\n\n\n<!-- START OF : Composant : block-periscope-theme-section-composant-14-carte-resultats.php -->\n<input type=\"hidden\" id=\"map.data-map-key\" value=\"AIzaSyDB40FZ7x-OURCjwxt35ll3WogU24K_hyE\">\n<input type=\"hidden\" id=\"map.data-map-language\" value=\"en\">\n<div id=\"search-map-results\" data-load-mode=\"synchronous\"><\/div>\n<div class=\"modal fade\" id=\"hotel-popin\">\n\t<div class=\"modal-dialog\">\n\t\t<div class=\"modal-inner\">\n\t\t\t<div class=\"modal-header\">\n\t\t\t\t<button type=\"button\" class=\"close\" data-bs-dismiss=\"modal\">\n\t\t\t\t\t<svg width=\"16\" height=\"16\" aria-hidden=\"true\">\n\t\t\t\t\t\t<use xlink:href=\"https:\/\/myallmeeting.com\/wp-content\/themes\/accor\/assets\/images\/sprite.svg#btn-close-white\"><\/use>\n\t\t\t\t\t<\/svg>\n\t\t\t\t\t<span>Fermer<\/span>\n\t\t\t\t<\/button>\n\t\t\t<\/div>\n\t\t\t<div class=\"modal-body\"><\/div>\n\t\t<\/div>\n\t<\/div>\n<\/div>\n<!-- END OF : Composant : block-periscope-theme-section-composant-14-carte-resultats.php -->\n","protected":false},"excerpt":{"rendered":"","protected":false},"author":2,"featured_media":24547512,"parent":0,"menu_order":0,"comment_status":"closed","ping_status":"closed","template":"","meta":{"_acf_changed":true,"footnotes":""},"class_list":["post-33508659","page","type-page","status-publish","has-post-thumbnail","hentry"],"acf":[],"yoast_head":"<title>Your meeting\/seminar in Paris - Accor MyAllMeeting.com<\/title>\n<meta name=\"description\" content=\"\u00c0 Paris, plus de 150 adresses Accor Hotels de l&#039;\u00e9conomique au luxe pour assurer la r\u00e9ussite de vos r\u00e9unions et s\u00e9minaires.\" \/>\n<meta name=\"robots\" content=\"index, follow, max-snippet:-1, max-image-preview:large, max-video-preview:-1\" \/>\n<link rel=\"canonical\" href=\"https:\/\/myallmeeting.com\/en\/wp-json\/wp\/v2\/pages\/33508659\" \/>\n<meta property=\"og:locale\" content=\"en_US\" \/>\n<meta property=\"og:type\" content=\"article\" \/>\n<meta property=\"og:title\" content=\"Your meeting\/seminar in Paris - Accor MyAllMeeting.com\" \/>\n<meta property=\"og:description\" content=\"\u00c0 Paris, plus de 150 adresses Accor Hotels de l&#039;\u00e9conomique au luxe pour assurer la r\u00e9ussite de vos r\u00e9unions et s\u00e9minaires.\" \/>\n<meta property=\"og:url\" content=\"https:\/\/myallmeeting.com\/en\/reunion-a-paris\/\" \/>\n<meta property=\"og:site_name\" content=\"Accor MyAllMeeting.com\" \/>\n<meta property=\"article:modified_time\" content=\"2025-11-27T09:38:40+00:00\" \/>\n<meta property=\"og:image\" content=\"http:\/\/myallmeeting.com\/wp-content\/uploads\/2025\/10\/Image-banniere-10-1.png\" \/>\n\t<meta property=\"og:image:width\" content=\"1920\" \/>\n\t<meta property=\"og:image:height\" content=\"570\" \/>\n\t<meta property=\"og:image:type\" content=\"image\/png\" \/>\n<meta name=\"twitter:card\" content=\"summary_large_image\" \/>\n<meta name=\"twitter:label1\" content=\"Est. reading time\" \/>\n\t<meta name=\"twitter:data1\" content=\"3 minutes\" \/>\n<script type=\"application\/ld+json\" class=\"yoast-schema-graph\">{\"@context\":\"https:\/\/schema.org\",\"@graph\":[{\"@type\":\"WebPage\",\"@id\":\"https:\/\/myallmeeting.com\/en\/reunion-a-paris\/\",\"url\":\"https:\/\/myallmeeting.com\/en\/reunion-a-paris\/\",\"name\":\"Your meeting\/seminar in Paris - Accor MyAllMeeting.com\",\"isPartOf\":{\"@id\":\"https:\/\/www.myallmeeting.com\/en\/#website\"},\"primaryImageOfPage\":{\"@id\":\"https:\/\/myallmeeting.com\/en\/reunion-a-paris\/#primaryimage\"},\"image\":{\"@id\":\"https:\/\/myallmeeting.com\/en\/reunion-a-paris\/#primaryimage\"},\"thumbnailUrl\":\"https:\/\/myallmeeting.com\/wp-content\/uploads\/2025\/10\/Image-banniere-10-1.png\",\"datePublished\":\"2016-03-16T10:55:20+00:00\",\"dateModified\":\"2025-11-27T09:38:40+00:00\",\"description\":\"\u00c0 Paris, plus de 150 adresses Accor Hotels de l'\u00e9conomique au luxe pour assurer la r\u00e9ussite de vos r\u00e9unions et s\u00e9minaires.\",\"breadcrumb\":{\"@id\":\"https:\/\/myallmeeting.com\/en\/reunion-a-paris\/#breadcrumb\"},\"inLanguage\":\"en-US\",\"potentialAction\":[{\"@type\":\"ReadAction\",\"target\":[\"https:\/\/myallmeeting.com\/en\/reunion-a-paris\/\"]}]},{\"@type\":\"ImageObject\",\"inLanguage\":\"en-US\",\"@id\":\"https:\/\/myallmeeting.com\/en\/reunion-a-paris\/#primaryimage\",\"url\":\"https:\/\/myallmeeting.com\/wp-content\/uploads\/2025\/10\/Image-banniere-10-1.png\",\"contentUrl\":\"https:\/\/myallmeeting.com\/wp-content\/uploads\/2025\/10\/Image-banniere-10-1.png\",\"width\":1920,\"height\":570,\"caption\":\"Une vue panoramique de Paris, de la Tour Eiffel \u00e0 La D\u00e9fense, o\u00f9 l\u2019histoire et la modernit\u00e9 se rencontrent pour inspirer vos projets d\u2019entreprise.\"},{\"@type\":\"BreadcrumbList\",\"@id\":\"https:\/\/myallmeeting.com\/en\/reunion-a-paris\/#breadcrumb\",\"itemListElement\":[{\"@type\":\"ListItem\",\"position\":1,\"name\":\"Home\",\"item\":\"https:\/\/myallmeeting.com\/en\/\"},{\"@type\":\"ListItem\",\"position\":2,\"name\":\"Your meeting\/seminar in Paris\"}]},{\"@type\":\"WebSite\",\"@id\":\"https:\/\/www.myallmeeting.com\/en\/#website\",\"url\":\"https:\/\/www.myallmeeting.com\/en\/\",\"name\":\"Accor MyAllMeeting.com\",\"description\":\"Les Meilleurs lieux pour vos Ev\u00e9nements Professionnels\",\"publisher\":{\"@id\":\"https:\/\/www.myallmeeting.com\/en\/#organization\"},\"potentialAction\":[{\"@type\":\"SearchAction\",\"target\":{\"@type\":\"EntryPoint\",\"urlTemplate\":\"https:\/\/www.myallmeeting.com\/en\/?s={search_term_string}\"},\"query-input\":{\"@type\":\"PropertyValueSpecification\",\"valueRequired\":true,\"valueName\":\"search_term_string\"}}],\"inLanguage\":\"en-US\"},{\"@type\":\"Organization\",\"@id\":\"https:\/\/www.myallmeeting.com\/en\/#organization\",\"name\":\"ACCOR\",\"url\":\"https:\/\/www.myallmeeting.com\/en\/\",\"logo\":{\"@type\":\"ImageObject\",\"inLanguage\":\"en-US\",\"@id\":\"https:\/\/www.myallmeeting.com\/en\/#\/schema\/logo\/image\/\",\"url\":\"\",\"contentUrl\":\"\",\"caption\":\"ACCOR\"},\"image\":{\"@id\":\"https:\/\/www.myallmeeting.com\/en\/#\/schema\/logo\/image\/\"}}]}<\/script>","yoast_head_json":{"title":"Your meeting\/seminar in Paris - Accor MyAllMeeting.com","description":"\u00c0 Paris, plus de 150 adresses Accor Hotels de l'\u00e9conomique au luxe pour assurer la r\u00e9ussite de vos r\u00e9unions et s\u00e9minaires.","robots":{"index":"index","follow":"follow","max-snippet":"max-snippet:-1","max-image-preview":"max-image-preview:large","max-video-preview":"max-video-preview:-1"},"canonical":"https:\/\/myallmeeting.com\/en\/wp-json\/wp\/v2\/pages\/33508659","og_locale":"en_US","og_type":"article","og_title":"Your meeting\/seminar in Paris - Accor MyAllMeeting.com","og_description":"\u00c0 Paris, plus de 150 adresses Accor Hotels de l'\u00e9conomique au luxe pour assurer la r\u00e9ussite de vos r\u00e9unions et s\u00e9minaires.","og_url":"https:\/\/myallmeeting.com\/en\/reunion-a-paris\/","og_site_name":"Accor MyAllMeeting.com","article_modified_time":"2025-11-27T09:38:40+00:00","og_image":[{"width":1920,"height":570,"url":"http:\/\/myallmeeting.com\/wp-content\/uploads\/2025\/10\/Image-banniere-10-1.png","type":"image\/png"}],"twitter_card":"summary_large_image","twitter_misc":{"Est. reading time":"3 minutes"},"schema":{"@context":"https:\/\/schema.org","@graph":[{"@type":"WebPage","@id":"https:\/\/myallmeeting.com\/en\/reunion-a-paris\/","url":"https:\/\/myallmeeting.com\/en\/reunion-a-paris\/","name":"Your meeting\/seminar in Paris - Accor MyAllMeeting.com","isPartOf":{"@id":"https:\/\/www.myallmeeting.com\/en\/#website"},"primaryImageOfPage":{"@id":"https:\/\/myallmeeting.com\/en\/reunion-a-paris\/#primaryimage"},"image":{"@id":"https:\/\/myallmeeting.com\/en\/reunion-a-paris\/#primaryimage"},"thumbnailUrl":"https:\/\/myallmeeting.com\/wp-content\/uploads\/2025\/10\/Image-banniere-10-1.png","datePublished":"2016-03-16T10:55:20+00:00","dateModified":"2025-11-27T09:38:40+00:00","description":"\u00c0 Paris, plus de 150 adresses Accor Hotels de l'\u00e9conomique au luxe pour assurer la r\u00e9ussite de vos r\u00e9unions et s\u00e9minaires.","breadcrumb":{"@id":"https:\/\/myallmeeting.com\/en\/reunion-a-paris\/#breadcrumb"},"inLanguage":"en-US","potentialAction":[{"@type":"ReadAction","target":["https:\/\/myallmeeting.com\/en\/reunion-a-paris\/"]}]},{"@type":"ImageObject","inLanguage":"en-US","@id":"https:\/\/myallmeeting.com\/en\/reunion-a-paris\/#primaryimage","url":"https:\/\/myallmeeting.com\/wp-content\/uploads\/2025\/10\/Image-banniere-10-1.png","contentUrl":"https:\/\/myallmeeting.com\/wp-content\/uploads\/2025\/10\/Image-banniere-10-1.png","width":1920,"height":570,"caption":"Une vue panoramique de Paris, de la Tour Eiffel \u00e0 La D\u00e9fense, o\u00f9 l\u2019histoire et la modernit\u00e9 se rencontrent pour inspirer vos projets d\u2019entreprise."},{"@type":"BreadcrumbList","@id":"https:\/\/myallmeeting.com\/en\/reunion-a-paris\/#breadcrumb","itemListElement":[{"@type":"ListItem","position":1,"name":"Home","item":"https:\/\/myallmeeting.com\/en\/"},{"@type":"ListItem","position":2,"name":"Your meeting\/seminar in Paris"}]},{"@type":"WebSite","@id":"https:\/\/www.myallmeeting.com\/en\/#website","url":"https:\/\/www.myallmeeting.com\/en\/","name":"Accor MyAllMeeting.com","description":"Les Meilleurs lieux pour vos Ev\u00e9nements Professionnels","publisher":{"@id":"https:\/\/www.myallmeeting.com\/en\/#organization"},"potentialAction":[{"@type":"SearchAction","target":{"@type":"EntryPoint","urlTemplate":"https:\/\/www.myallmeeting.com\/en\/?s={search_term_string}"},"query-input":{"@type":"PropertyValueSpecification","valueRequired":true,"valueName":"search_term_string"}}],"inLanguage":"en-US"},{"@type":"Organization","@id":"https:\/\/www.myallmeeting.com\/en\/#organization","name":"ACCOR","url":"https:\/\/www.myallmeeting.com\/en\/","logo":{"@type":"ImageObject","inLanguage":"en-US","@id":"https:\/\/www.myallmeeting.com\/en\/#\/schema\/logo\/image\/","url":"","contentUrl":"","caption":"ACCOR"},"image":{"@id":"https:\/\/www.myallmeeting.com\/en\/#\/schema\/logo\/image\/"}}]}},"_links":{"self":[{"href":"https:\/\/myallmeeting.com\/en\/wp-json\/wp\/v2\/pages\/33508659","targetHints":{"allow":["GET"]}}],"collection":[{"href":"https:\/\/myallmeeting.com\/en\/wp-json\/wp\/v2\/pages"}],"about":[{"href":"https:\/\/myallmeeting.com\/en\/wp-json\/wp\/v2\/types\/page"}],"author":[{"embeddable":true,"href":"https:\/\/myallmeeting.com\/en\/wp-json\/wp\/v2\/users\/2"}],"replies":[{"embeddable":true,"href":"https:\/\/myallmeeting.com\/en\/wp-json\/wp\/v2\/comments?post=33508659"}],"version-history":[{"count":0,"href":"https:\/\/myallmeeting.com\/en\/wp-json\/wp\/v2\/pages\/33508659\/revisions"}],"wp:featuredmedia":[{"embeddable":true,"href":"https:\/\/myallmeeting.com\/en\/wp-json\/wp\/v2\/media\/24547512"}],"wp:attachment":[{"href":"https:\/\/myallmeeting.com\/en\/wp-json\/wp\/v2\/media?parent=33508659"}],"curies":[{"name":"wp","href":"https:\/\/api.w.org\/{rel}","templated":true}]}}