{"id":16179947,"date":"2024-03-21T15:14:54","date_gmt":"2024-03-21T14:14:54","guid":{"rendered":"https:\/\/myallmeeting.com\/surprenez-moi\/"},"modified":"2024-07-18T16:13:06","modified_gmt":"2024-07-18T14:13:06","slug":"ueberraschen-sie-mich","status":"publish","type":"page","link":"https:\/\/myallmeeting.com\/de\/ueberraschen-sie-mich\/","title":{"rendered":"\u00dcberraschen Sie mich"},"content":{"rendered":"","protected":false},"excerpt":{"rendered":"<p>Lassen Sie sich von unserer neuen Suchmaschine f\u00fcr Ihre n\u00e4chste professionelle Veranstaltung inspirieren<\/p>\n","protected":false},"author":1,"featured_media":16046262,"parent":0,"menu_order":0,"comment_status":"closed","ping_status":"closed","template":"template-surprenez-moi.php","meta":{"_acf_changed":false,"footnotes":""},"class_list":["post-16179947","page","type-page","status-publish","has-post-thumbnail","hentry"],"acf":[],"yoast_head":"<title>\u00dcberraschen Sie mich - Accor MyAllMeeting.com<\/title>\n<meta name=\"description\" content=\"Laissez-vous inspirer par notre nouveau module de recherche pour d\u00e9finir votre prochain \u00e9v\u00e8nement professionnel\" \/>\n<meta name=\"robots\" content=\"index, follow, max-snippet:-1, max-image-preview:large, max-video-preview:-1\" \/>\n<link rel=\"canonical\" href=\"https:\/\/myallmeeting.com\/de\/wp-json\/wp\/v2\/pages\/16179947\" \/>\n<meta property=\"og:locale\" content=\"de_DE\" \/>\n<meta property=\"og:type\" content=\"article\" \/>\n<meta property=\"og:title\" content=\"\u00dcberraschen Sie mich - Accor MyAllMeeting.com\" \/>\n<meta property=\"og:description\" content=\"Laissez-vous inspirer par notre nouveau module de recherche pour d\u00e9finir votre prochain \u00e9v\u00e8nement professionnel\" \/>\n<meta property=\"og:url\" content=\"https:\/\/myallmeeting.com\/de\/ueberraschen-sie-mich\/\" \/>\n<meta property=\"og:site_name\" content=\"Accor MyAllMeeting.com\" \/>\n<meta property=\"article:modified_time\" content=\"2024-07-18T14:13:06+00:00\" \/>\n<meta property=\"og:image\" content=\"https:\/\/myallmeeting.com\/wp-content\/uploads\/2024\/07\/Surprenez-moi-2.png\" \/>\n\t<meta property=\"og:image:width\" content=\"1920\" \/>\n\t<meta property=\"og:image:height\" content=\"570\" \/>\n\t<meta property=\"og:image:type\" content=\"image\/png\" \/>\n<meta name=\"twitter:card\" content=\"summary_large_image\" \/>\n<meta name=\"twitter:label1\" content=\"Est. reading time\" \/>\n\t<meta name=\"twitter:data1\" content=\"1 minute\" \/>\n<script type=\"application\/ld+json\" class=\"yoast-schema-graph\">{\"@context\":\"https:\/\/schema.org\",\"@graph\":[{\"@type\":\"WebPage\",\"@id\":\"https:\/\/myallmeeting.com\/de\/ueberraschen-sie-mich\/\",\"url\":\"https:\/\/myallmeeting.com\/de\/ueberraschen-sie-mich\/\",\"name\":\"\u00dcberraschen Sie mich - Accor MyAllMeeting.com\",\"isPartOf\":{\"@id\":\"https:\/\/www.myallmeeting.com\/de\/#website\"},\"primaryImageOfPage\":{\"@id\":\"https:\/\/myallmeeting.com\/de\/ueberraschen-sie-mich\/#primaryimage\"},\"image\":{\"@id\":\"https:\/\/myallmeeting.com\/de\/ueberraschen-sie-mich\/#primaryimage\"},\"thumbnailUrl\":\"https:\/\/myallmeeting.com\/wp-content\/uploads\/2024\/07\/Surprenez-moi-2.png\",\"datePublished\":\"2024-03-21T14:14:54+00:00\",\"dateModified\":\"2024-07-18T14:13:06+00:00\",\"description\":\"Laissez-vous inspirer par notre nouveau module de recherche pour d\u00e9finir votre prochain \u00e9v\u00e8nement professionnel\",\"breadcrumb\":{\"@id\":\"https:\/\/myallmeeting.com\/de\/ueberraschen-sie-mich\/#breadcrumb\"},\"inLanguage\":\"de-DE\",\"potentialAction\":[{\"@type\":\"ReadAction\",\"target\":[\"https:\/\/myallmeeting.com\/de\/ueberraschen-sie-mich\/\"]}]},{\"@type\":\"ImageObject\",\"inLanguage\":\"de-DE\",\"@id\":\"https:\/\/myallmeeting.com\/de\/ueberraschen-sie-mich\/#primaryimage\",\"url\":\"https:\/\/myallmeeting.com\/wp-content\/uploads\/2024\/07\/Surprenez-moi-2.png\",\"contentUrl\":\"https:\/\/myallmeeting.com\/wp-content\/uploads\/2024\/07\/Surprenez-moi-2.png\",\"width\":1920,\"height\":570},{\"@type\":\"BreadcrumbList\",\"@id\":\"https:\/\/myallmeeting.com\/de\/ueberraschen-sie-mich\/#breadcrumb\",\"itemListElement\":[{\"@type\":\"ListItem\",\"position\":1,\"name\":\"Homepage\",\"item\":\"https:\/\/myallmeeting.com\/de\/\"},{\"@type\":\"ListItem\",\"position\":2,\"name\":\"\u00dcberraschen Sie mich\"}]},{\"@type\":\"WebSite\",\"@id\":\"https:\/\/www.myallmeeting.com\/de\/#website\",\"url\":\"https:\/\/www.myallmeeting.com\/de\/\",\"name\":\"Accor MyAllMeeting.com\",\"description\":\"Les Meilleurs lieux pour vos Ev\u00e9nements Professionnels\",\"publisher\":{\"@id\":\"https:\/\/www.myallmeeting.com\/de\/#organization\"},\"potentialAction\":[{\"@type\":\"SearchAction\",\"target\":{\"@type\":\"EntryPoint\",\"urlTemplate\":\"https:\/\/www.myallmeeting.com\/de\/?s={search_term_string}\"},\"query-input\":{\"@type\":\"PropertyValueSpecification\",\"valueRequired\":true,\"valueName\":\"search_term_string\"}}],\"inLanguage\":\"de-DE\"},{\"@type\":\"Organization\",\"@id\":\"https:\/\/www.myallmeeting.com\/de\/#organization\",\"name\":\"ACCOR\",\"url\":\"https:\/\/www.myallmeeting.com\/de\/\",\"logo\":{\"@type\":\"ImageObject\",\"inLanguage\":\"de-DE\",\"@id\":\"https:\/\/www.myallmeeting.com\/de\/#\/schema\/logo\/image\/\",\"url\":\"\",\"contentUrl\":\"\",\"caption\":\"ACCOR\"},\"image\":{\"@id\":\"https:\/\/www.myallmeeting.com\/de\/#\/schema\/logo\/image\/\"}}]}<\/script>","yoast_head_json":{"title":"\u00dcberraschen Sie mich - Accor MyAllMeeting.com","description":"Laissez-vous inspirer par notre nouveau module de recherche pour d\u00e9finir votre prochain \u00e9v\u00e8nement professionnel","robots":{"index":"index","follow":"follow","max-snippet":"max-snippet:-1","max-image-preview":"max-image-preview:large","max-video-preview":"max-video-preview:-1"},"canonical":"https:\/\/myallmeeting.com\/de\/wp-json\/wp\/v2\/pages\/16179947","og_locale":"de_DE","og_type":"article","og_title":"\u00dcberraschen Sie mich - Accor MyAllMeeting.com","og_description":"Laissez-vous inspirer par notre nouveau module de recherche pour d\u00e9finir votre prochain \u00e9v\u00e8nement professionnel","og_url":"https:\/\/myallmeeting.com\/de\/ueberraschen-sie-mich\/","og_site_name":"Accor MyAllMeeting.com","article_modified_time":"2024-07-18T14:13:06+00:00","og_image":[{"width":1920,"height":570,"url":"https:\/\/myallmeeting.com\/wp-content\/uploads\/2024\/07\/Surprenez-moi-2.png","type":"image\/png"}],"twitter_card":"summary_large_image","twitter_misc":{"Est. reading time":"1 minute"},"schema":{"@context":"https:\/\/schema.org","@graph":[{"@type":"WebPage","@id":"https:\/\/myallmeeting.com\/de\/ueberraschen-sie-mich\/","url":"https:\/\/myallmeeting.com\/de\/ueberraschen-sie-mich\/","name":"\u00dcberraschen Sie mich - Accor MyAllMeeting.com","isPartOf":{"@id":"https:\/\/www.myallmeeting.com\/de\/#website"},"primaryImageOfPage":{"@id":"https:\/\/myallmeeting.com\/de\/ueberraschen-sie-mich\/#primaryimage"},"image":{"@id":"https:\/\/myallmeeting.com\/de\/ueberraschen-sie-mich\/#primaryimage"},"thumbnailUrl":"https:\/\/myallmeeting.com\/wp-content\/uploads\/2024\/07\/Surprenez-moi-2.png","datePublished":"2024-03-21T14:14:54+00:00","dateModified":"2024-07-18T14:13:06+00:00","description":"Laissez-vous inspirer par notre nouveau module de recherche pour d\u00e9finir votre prochain \u00e9v\u00e8nement professionnel","breadcrumb":{"@id":"https:\/\/myallmeeting.com\/de\/ueberraschen-sie-mich\/#breadcrumb"},"inLanguage":"de-DE","potentialAction":[{"@type":"ReadAction","target":["https:\/\/myallmeeting.com\/de\/ueberraschen-sie-mich\/"]}]},{"@type":"ImageObject","inLanguage":"de-DE","@id":"https:\/\/myallmeeting.com\/de\/ueberraschen-sie-mich\/#primaryimage","url":"https:\/\/myallmeeting.com\/wp-content\/uploads\/2024\/07\/Surprenez-moi-2.png","contentUrl":"https:\/\/myallmeeting.com\/wp-content\/uploads\/2024\/07\/Surprenez-moi-2.png","width":1920,"height":570},{"@type":"BreadcrumbList","@id":"https:\/\/myallmeeting.com\/de\/ueberraschen-sie-mich\/#breadcrumb","itemListElement":[{"@type":"ListItem","position":1,"name":"Homepage","item":"https:\/\/myallmeeting.com\/de\/"},{"@type":"ListItem","position":2,"name":"\u00dcberraschen Sie mich"}]},{"@type":"WebSite","@id":"https:\/\/www.myallmeeting.com\/de\/#website","url":"https:\/\/www.myallmeeting.com\/de\/","name":"Accor MyAllMeeting.com","description":"Les Meilleurs lieux pour vos Ev\u00e9nements Professionnels","publisher":{"@id":"https:\/\/www.myallmeeting.com\/de\/#organization"},"potentialAction":[{"@type":"SearchAction","target":{"@type":"EntryPoint","urlTemplate":"https:\/\/www.myallmeeting.com\/de\/?s={search_term_string}"},"query-input":{"@type":"PropertyValueSpecification","valueRequired":true,"valueName":"search_term_string"}}],"inLanguage":"de-DE"},{"@type":"Organization","@id":"https:\/\/www.myallmeeting.com\/de\/#organization","name":"ACCOR","url":"https:\/\/www.myallmeeting.com\/de\/","logo":{"@type":"ImageObject","inLanguage":"de-DE","@id":"https:\/\/www.myallmeeting.com\/de\/#\/schema\/logo\/image\/","url":"","contentUrl":"","caption":"ACCOR"},"image":{"@id":"https:\/\/www.myallmeeting.com\/de\/#\/schema\/logo\/image\/"}}]}},"_links":{"self":[{"href":"https:\/\/myallmeeting.com\/de\/wp-json\/wp\/v2\/pages\/16179947","targetHints":{"allow":["GET"]}}],"collection":[{"href":"https:\/\/myallmeeting.com\/de\/wp-json\/wp\/v2\/pages"}],"about":[{"href":"https:\/\/myallmeeting.com\/de\/wp-json\/wp\/v2\/types\/page"}],"author":[{"embeddable":true,"href":"https:\/\/myallmeeting.com\/de\/wp-json\/wp\/v2\/users\/1"}],"replies":[{"embeddable":true,"href":"https:\/\/myallmeeting.com\/de\/wp-json\/wp\/v2\/comments?post=16179947"}],"version-history":[{"count":0,"href":"https:\/\/myallmeeting.com\/de\/wp-json\/wp\/v2\/pages\/16179947\/revisions"}],"wp:featuredmedia":[{"embeddable":true,"href":"https:\/\/myallmeeting.com\/de\/wp-json\/wp\/v2\/media\/16046262"}],"wp:attachment":[{"href":"https:\/\/myallmeeting.com\/de\/wp-json\/wp\/v2\/media?parent=16179947"}],"curies":[{"name":"wp","href":"https:\/\/api.w.org\/{rel}","templated":true}]}}